{"id":52590,"date":"2018-02-04T09:32:53","date_gmt":"2018-02-04T08:32:53","guid":{"rendered":"https:\/\/alexandra-exter.net\/sample-page\/"},"modified":"2024-04-26T17:03:58","modified_gmt":"2024-04-26T16:03:58","slug":"sample-page","status":"publish","type":"page","link":"https:\/\/alexandra-exter.net\/en\/","title":{"rendered":"Pourquoi d\u00e9fendre l&#8217;\u0153uvre d&#8217;Alexandra Exter&nbsp;?"},"content":{"rendered":"<p style=\"text-align: center;\"><em>Si nous ne connaissons pas nos origines, c&#8217;est de nous-m\u00eame dont nous sommes orphelin, pas de nos parent<\/em>.<\/p>\n\n<div class=\"wp-block-spacer\" style=\"height: 50px;\" aria-hidden=\"true\">\u00a0<\/div>\n\n\n\n<figure class=\"wp-block-video\"><video src=\"https:\/\/alexandra-exter.net\/wp-content\/uploads\/sites\/2\/2019\/11\/Le-sauvetage-de-l-oeuvre-d-Alexandra-Exter.mp4\" poster=\"https:\/\/alexandra-exter.net\/video\/Exter-Atelier-01.jpg\" controls=\"controls\" width=\"1000\" height=\"auto\"><\/video><\/figure>\n\n\n\n<div class=\"wp-block-spacer\" style=\"height: 50px;\" aria-hidden=\"true\">\u00a0<\/div>\n\n\n\n<p class=\"has-drop-cap\">R\u00e9alis\u00e9 par l\u2019\u00a0\u00ab\u00a0Association Alexandra Exter\u00a0\u00bb, ce site a pour but la cr\u00e9ation d\u2019un <strong>forum d\u2019\u00e9tude<\/strong> constitu\u00e9 d\u2019informations fiables concernant l\u2019\u0153uvre du peintre Alexandra Exter (1882-1949) et sa <em>fortuna critica<\/em>. En effet, l\u2019\u0153uvre et son image ont \u00e9t\u00e9 grandement mis \u00e0 mal au cours de l\u2019histoire mouvement\u00e9e du XX<sup>\u00e8me<\/sup> si\u00e8cle. La cr\u00e9ation d\u2019Exter, son action artistique et p\u00e9dagogique, ont mis du temps \u00e0 s\u2019inscrire dans l\u2019histoire de l\u2019art moderne et commence finalement \u00e0 attirer l\u2019attention qu\u2019elle m\u00e9rite.<\/p>\n<p style=\"text-align: center;\">\u2666<\/p>\n<p><em>Malgr\u00e9 les efforts sans rel\u00e2che de l\u2019Association pour d\u00e9fendre l\u2019\u0153uvre d\u2019Alexandra Exter, force est de constater la recrudescence d&#8217;\u0153uvres faussement attribu\u00e9es au peintre circulant actuellement sur le march\u00e9 de l\u2019Art. L\u2019\u0153uvre d\u2019Alexandra Exter, m\u00e9connue du grand public et parfois des professionnels qui se pr\u00e9tendent experts, est encore une fois victime de la prolif\u00e9ration de faux sur le march\u00e9 de l\u2019Art.<\/em><\/p>\n<p><em>L\u2019Association invite donc les professionnels \u00e0 \u00eatre particuli\u00e8rement pr\u00e9cautionneux s\u2019agissant de l\u2019authenticit\u00e9 des \u0153uvres attribu\u00e9es \u00e0 Alexandra Exter.<\/em><\/p>\n<p><em>Elle rappelle que la provenance d\u2019une \u0153uvre et les publications dont elle a fait l&#8217;objet ainsi qu&#8217;enfin ses \u00e9l\u00e9ments stylistiques demeurent les meilleurs moyens d&#8217;en prouver l&#8217;authenticit\u00e9.<\/em><\/p>\n<p><em>Elle alerte les diff\u00e9rents acteurs du march\u00e9 de l\u2019Art sur le besoin de faire preuve d&#8217;une vigilance accrue s&#8217;agissant d\u2019\u0153uvres dont la provenance ne peut \u00eatre \u00e9tablie de mani\u00e8re non \u00e9quivoque.<\/em><\/p>\n<p>&nbsp;<\/p>","protected":false},"excerpt":{"rendered":"<p>Si nous ne connaissons pas nos origines, c&#8217;est de nous-m\u00eame dont nous sommes orphelin, pas de nos parent. R\u00e9alis\u00e9 par l\u2019\u00a0\u00ab\u00a0Association Alexandra Exter\u00a0\u00bb, ce site a pour but la cr\u00e9ation d\u2019un forum d\u2019\u00e9tude constitu\u00e9 d\u2019informations fiables concernant l\u2019\u0153uvre du peintre Alexandra Exter (1882-1949) et sa fortuna critica. En effet, l\u2019\u0153uvre et son image ont \u00e9t\u00e9 [&hellip;]<\/p>","protected":false},"author":1,"featured_media":52369,"parent":0,"menu_order":0,"comment_status":"closed","ping_status":"open","template":"","meta":{"_relevanssi_hide_post":"","_relevanssi_hide_content":"","_relevanssi_pin_for_all":"","_relevanssi_pin_keywords":"","_relevanssi_unpin_keywords":"","_relevanssi_related_keywords":"","_relevanssi_related_include_ids":"","_relevanssi_related_exclude_ids":"","_relevanssi_related_no_append":"","_relevanssi_related_not_related":"","_relevanssi_related_posts":"","_relevanssi_noindex_reason":"","_genesis_hide_title":false,"_genesis_hide_breadcrumbs":false,"_genesis_hide_singular_image":false,"_genesis_hide_footer_widgets":false,"_genesis_custom_body_class":"","_genesis_custom_post_class":"","_genesis_layout":"","footnotes":""},"class_list":{"0":"post-52590","1":"page","2":"type-page","3":"status-publish","4":"has-post-thumbnail","6":"entry"},"yoast_head":"<!-- This site is optimized with the Yoast SEO Premium plugin v27.4 (Yoast SEO v27.4) - https:\/\/yoast.com\/product\/yoast-seo-premium-wordpress\/ -->\n<title>Pourquoi d\u00e9fendre l&#039;\u0153uvre d&#039;Alexandra Exter ? - Association Alexandra Exter<\/title>\n<meta name=\"robots\" content=\"index, follow, max-snippet:-1, max-image-preview:large, max-video-preview:-1\" \/>\n<link rel=\"canonical\" href=\"https:\/\/alexandra-exter.net\/en\/\" \/>\n<meta property=\"og:locale\" content=\"en_US\" \/>\n<meta property=\"og:type\" content=\"article\" \/>\n<meta property=\"og:title\" content=\"Pourquoi d\u00e9fendre l&#039;\u0153uvre d&#039;Alexandra Exter ?\" \/>\n<meta property=\"og:description\" content=\"Si nous ne connaissons pas nos origines, c&#8217;est de nous-m\u00eame dont nous sommes orphelin, pas de nos parent. R\u00e9alis\u00e9 par l\u2019\u00a0\u00ab\u00a0Association Alexandra Exter\u00a0\u00bb, ce site a pour but la cr\u00e9ation d\u2019un forum d\u2019\u00e9tude constitu\u00e9 d\u2019informations fiables concernant l\u2019\u0153uvre du peintre Alexandra Exter (1882-1949) et sa fortuna critica. En effet, l\u2019\u0153uvre et son image ont \u00e9t\u00e9 [&hellip;]\" \/>\n<meta property=\"og:url\" content=\"https:\/\/alexandra-exter.net\/en\/\" \/>\n<meta property=\"og:site_name\" content=\"Association Alexandra Exter\" \/>\n<meta property=\"article:modified_time\" content=\"2024-04-26T16:03:58+00:00\" \/>\n<meta property=\"og:image\" content=\"https:\/\/alexandra-exter.net\/wp-content\/uploads\/sites\/2\/2019\/11\/Dieppe-top.jpg\" \/>\n\t<meta property=\"og:image:width\" content=\"2569\" \/>\n\t<meta property=\"og:image:height\" content=\"617\" \/>\n\t<meta property=\"og:image:type\" content=\"image\/jpeg\" \/>\n<meta name=\"twitter:card\" content=\"summary_large_image\" \/>\n<meta name=\"twitter:label1\" content=\"Est. reading time\" \/>\n\t<meta name=\"twitter:data1\" content=\"2 minutes\" \/>\n<script type=\"application\/ld+json\" class=\"yoast-schema-graph\">{\"@context\":\"https:\\\/\\\/schema.org\",\"@graph\":[{\"@type\":\"WebPage\",\"@id\":\"https:\\\/\\\/alexandra-exter.net\\\/en\\\/\",\"url\":\"https:\\\/\\\/alexandra-exter.net\\\/en\\\/\",\"name\":\"Pourquoi d\u00e9fendre l'\u0153uvre d'Alexandra Exter ? - Association Alexandra Exter\",\"isPartOf\":{\"@id\":\"https:\\\/\\\/alexandra-exter.net\\\/en\\\/#website\"},\"primaryImageOfPage\":{\"@id\":\"https:\\\/\\\/alexandra-exter.net\\\/en\\\/#primaryimage\"},\"image\":{\"@id\":\"https:\\\/\\\/alexandra-exter.net\\\/en\\\/#primaryimage\"},\"thumbnailUrl\":\"https:\\\/\\\/alexandra-exter.net\\\/wp-content\\\/uploads\\\/sites\\\/2\\\/2019\\\/11\\\/Dieppe-top.jpg\",\"datePublished\":\"2018-02-04T08:32:53+00:00\",\"dateModified\":\"2024-04-26T16:03:58+00:00\",\"breadcrumb\":{\"@id\":\"https:\\\/\\\/alexandra-exter.net\\\/en\\\/#breadcrumb\"},\"inLanguage\":\"en-US\",\"potentialAction\":[{\"@type\":\"ReadAction\",\"target\":[\"https:\\\/\\\/alexandra-exter.net\\\/en\\\/\"]}]},{\"@type\":\"ImageObject\",\"inLanguage\":\"en-US\",\"@id\":\"https:\\\/\\\/alexandra-exter.net\\\/en\\\/#primaryimage\",\"url\":\"https:\\\/\\\/alexandra-exter.net\\\/wp-content\\\/uploads\\\/sites\\\/2\\\/2019\\\/11\\\/Dieppe-top.jpg\",\"contentUrl\":\"https:\\\/\\\/alexandra-exter.net\\\/wp-content\\\/uploads\\\/sites\\\/2\\\/2019\\\/11\\\/Dieppe-top.jpg\",\"width\":2569,\"height\":617},{\"@type\":\"BreadcrumbList\",\"@id\":\"https:\\\/\\\/alexandra-exter.net\\\/en\\\/#breadcrumb\",\"itemListElement\":[{\"@type\":\"ListItem\",\"position\":1,\"name\":\"Accueil\",\"item\":\"https:\\\/\\\/alexandra-exter.net\\\/en\\\/\"},{\"@type\":\"ListItem\",\"position\":2,\"name\":\"Pourquoi d\u00e9fendre l&rsquo;\u0153uvre d&rsquo;Alexandra Exter&nbsp;?\"}]},{\"@type\":\"WebSite\",\"@id\":\"https:\\\/\\\/alexandra-exter.net\\\/en\\\/#website\",\"url\":\"https:\\\/\\\/alexandra-exter.net\\\/en\\\/\",\"name\":\"Association Alexandra Exter\",\"description\":\"\",\"potentialAction\":[{\"@type\":\"SearchAction\",\"target\":{\"@type\":\"EntryPoint\",\"urlTemplate\":\"https:\\\/\\\/alexandra-exter.net\\\/en\\\/?s={search_term_string}\"},\"query-input\":{\"@type\":\"PropertyValueSpecification\",\"valueRequired\":true,\"valueName\":\"search_term_string\"}}],\"inLanguage\":\"en-US\"}]}<\/script>\n<!-- \/ Yoast SEO Premium plugin. -->","yoast_head_json":{"title":"Pourquoi d\u00e9fendre l'\u0153uvre d'Alexandra Exter ? - Association Alexandra Exter","robots":{"index":"index","follow":"follow","max-snippet":"max-snippet:-1","max-image-preview":"max-image-preview:large","max-video-preview":"max-video-preview:-1"},"canonical":"https:\/\/alexandra-exter.net\/en\/","og_locale":"en_US","og_type":"article","og_title":"Pourquoi d\u00e9fendre l'\u0153uvre d'Alexandra Exter ?","og_description":"Si nous ne connaissons pas nos origines, c&#8217;est de nous-m\u00eame dont nous sommes orphelin, pas de nos parent. R\u00e9alis\u00e9 par l\u2019\u00a0\u00ab\u00a0Association Alexandra Exter\u00a0\u00bb, ce site a pour but la cr\u00e9ation d\u2019un forum d\u2019\u00e9tude constitu\u00e9 d\u2019informations fiables concernant l\u2019\u0153uvre du peintre Alexandra Exter (1882-1949) et sa fortuna critica. En effet, l\u2019\u0153uvre et son image ont \u00e9t\u00e9 [&hellip;]","og_url":"https:\/\/alexandra-exter.net\/en\/","og_site_name":"Association Alexandra Exter","article_modified_time":"2024-04-26T16:03:58+00:00","og_image":[{"width":2569,"height":617,"url":"https:\/\/alexandra-exter.net\/wp-content\/uploads\/sites\/2\/2019\/11\/Dieppe-top.jpg","type":"image\/jpeg"}],"twitter_card":"summary_large_image","twitter_misc":{"Est. reading time":"2 minutes"},"schema":{"@context":"https:\/\/schema.org","@graph":[{"@type":"WebPage","@id":"https:\/\/alexandra-exter.net\/en\/","url":"https:\/\/alexandra-exter.net\/en\/","name":"Pourquoi d\u00e9fendre l'\u0153uvre d'Alexandra Exter ? - Association Alexandra Exter","isPartOf":{"@id":"https:\/\/alexandra-exter.net\/en\/#website"},"primaryImageOfPage":{"@id":"https:\/\/alexandra-exter.net\/en\/#primaryimage"},"image":{"@id":"https:\/\/alexandra-exter.net\/en\/#primaryimage"},"thumbnailUrl":"https:\/\/alexandra-exter.net\/wp-content\/uploads\/sites\/2\/2019\/11\/Dieppe-top.jpg","datePublished":"2018-02-04T08:32:53+00:00","dateModified":"2024-04-26T16:03:58+00:00","breadcrumb":{"@id":"https:\/\/alexandra-exter.net\/en\/#breadcrumb"},"inLanguage":"en-US","potentialAction":[{"@type":"ReadAction","target":["https:\/\/alexandra-exter.net\/en\/"]}]},{"@type":"ImageObject","inLanguage":"en-US","@id":"https:\/\/alexandra-exter.net\/en\/#primaryimage","url":"https:\/\/alexandra-exter.net\/wp-content\/uploads\/sites\/2\/2019\/11\/Dieppe-top.jpg","contentUrl":"https:\/\/alexandra-exter.net\/wp-content\/uploads\/sites\/2\/2019\/11\/Dieppe-top.jpg","width":2569,"height":617},{"@type":"BreadcrumbList","@id":"https:\/\/alexandra-exter.net\/en\/#breadcrumb","itemListElement":[{"@type":"ListItem","position":1,"name":"Accueil","item":"https:\/\/alexandra-exter.net\/en\/"},{"@type":"ListItem","position":2,"name":"Pourquoi d\u00e9fendre l&rsquo;\u0153uvre d&rsquo;Alexandra Exter&nbsp;?"}]},{"@type":"WebSite","@id":"https:\/\/alexandra-exter.net\/en\/#website","url":"https:\/\/alexandra-exter.net\/en\/","name":"Association Alexandra Exter","description":"","potentialAction":[{"@type":"SearchAction","target":{"@type":"EntryPoint","urlTemplate":"https:\/\/alexandra-exter.net\/en\/?s={search_term_string}"},"query-input":{"@type":"PropertyValueSpecification","valueRequired":true,"valueName":"search_term_string"}}],"inLanguage":"en-US"}]}},"_links":{"self":[{"href":"https:\/\/alexandra-exter.net\/en\/wp-json\/wp\/v2\/pages\/52590","targetHints":{"allow":["GET"]}}],"collection":[{"href":"https:\/\/alexandra-exter.net\/en\/wp-json\/wp\/v2\/pages"}],"about":[{"href":"https:\/\/alexandra-exter.net\/en\/wp-json\/wp\/v2\/types\/page"}],"author":[{"embeddable":true,"href":"https:\/\/alexandra-exter.net\/en\/wp-json\/wp\/v2\/users\/1"}],"replies":[{"embeddable":true,"href":"https:\/\/alexandra-exter.net\/en\/wp-json\/wp\/v2\/comments?post=52590"}],"version-history":[{"count":0,"href":"https:\/\/alexandra-exter.net\/en\/wp-json\/wp\/v2\/pages\/52590\/revisions"}],"wp:featuredmedia":[{"embeddable":true,"href":"https:\/\/alexandra-exter.net\/en\/wp-json\/wp\/v2\/media\/52369"}],"wp:attachment":[{"href":"https:\/\/alexandra-exter.net\/en\/wp-json\/wp\/v2\/media?parent=52590"}],"curies":[{"name":"wp","href":"https:\/\/api.w.org\/{rel}","templated":true}]}}