{"id":52602,"date":"2019-12-06T11:19:07","date_gmt":"2019-12-06T10:19:07","guid":{"rendered":"https:\/\/alexandra-exter.net\/mentions-legales\/"},"modified":"2019-12-23T22:41:02","modified_gmt":"2019-12-23T21:41:02","slug":"terms-of-use","status":"publish","type":"page","link":"https:\/\/alexandra-exter.net\/en\/terms-of-use\/","title":{"rendered":"Terms of use"},"content":{"rendered":"\n<h2 class=\"wp-block-heading\">1. Presentation of the site <\/h2>\n\n\n\n<p>The director of the publication of the site is <br>\nAndr\u00e9i Nakov<\/p>\n\n\n\n<p>Design and realisation of the site:<br>\nPascal Robin \u2013 8 rue de F\u00e9camp, 75012 Paris, France<\/p>\n\n\n\n<p>Direct and permanent hosting of the site is provided by&nbsp;:<br>\nOVH \u2013 140, quai du Sartel \u2013 59100 Roubaix, France<\/p>\n\n\n\n<p>By accessing the content of this site you accept the following \ngeneral conditions of use. Andr\u00e9i Nakov reserves the right to modify or \nupdate these general conditions at any time and without prior notice. We\n therefore suggest that you consult them regularly.<\/p>\n\n\n\n<h2 class=\"wp-block-heading\">2. Property rights <\/h2>\n\n\n\n<p>All the information published on this site is protected by French  copyright legislation. You may in no circumstances use, distribute,  copy, reproduce, modify, distort or transmit the site, or any elements  thereof such as texts or images, without prior written permission from  Andr\u00e9i Nakov. The latter reserves the right to meet any infringement of  his intellectual property rights with legal action, before a criminal  court if need be.<br> All images or photographs of persons or places appearing on this site  are the property of the authors, who hold the rights to them. Use of  these images or photographs is prohibited without the specific written  authorisation of Andr\u00e9i Nakov. Any unauthorised use is liable to  violation of copyright, right to image, civil rights, property rights or  any other regulations governing communications or advertising. <\/p>\n\n\n\n<h2 class=\"wp-block-heading\">3. Hypertext links <\/h2>\n\n\n\n<p> Andr\u00e9i Nakov offers links from his site to third-party sites. These  latter are independent of the site managed by Andr\u00e9i Nakov, who is not  responsible for their publication or control. Links to third-party sites  in no case constitute approval by or partnership with Andr\u00e9i Nakov.  Andr\u00e9i Nakov can therefore not be held responsible for their content,  products, advertising or any other elements or services provided on these sites.<br> All hypertext links to Andr\u00e9i Nakov\u2019s site established by any internet  site manager must receive the express prior agreement of Andr\u00e9i Nakov.<br> Such a request will be optional if the procedure has been initiated by the person responsible for the present site.<br> The use of visual elements for the purpose of setting up such a hypertext link must be subject to prior permission from Andr\u00e9i Nakov. <\/p>\n\n\n\n<h2 class=\"wp-block-heading\">4. Utilisation des cookies<\/h2>\n\n\n\n<p>Un cookie est un petit fichier de donn\u00e9es utilis\u00e9 pour faciliter la personnalisation de votre acc\u00e8s \u00e0 notre site. Ils peuvent \u00eatre utilis\u00e9s pour une authentification, une session ou stocker une information sp\u00e9cifique comme vos identifiants de connexion au site. Le stockage des cookies se fait par le biais du navigateur Web que vous utilisez (par exemple Firefox, Chrome, Internet Explorer\u2026).<\/p>\n\n\n\n<p>Il existe deux types de cookies&nbsp;:<\/p>\n\n\n\n<ul class=\"wp-block-list\"><li>les cookies de session qui sont supprim\u00e9s de votre ordinateur lorsque vous fermez votre navigateur,<\/li><li>les cookies permanents qui restent stock\u00e9s sur votre ordinateur pour une p\u00e9riode variable apr\u00e8s la fermeture du navigateur.<\/li><\/ul>\n\n\n\n<p>Les cookies sont cependant anonymes et ne sont en aucun cas utilis\u00e9s pour collecter des informations personnelles.<\/p>\n\n\n\n<h3 class=\"wp-block-heading\">Refus des cookies<\/h3>\n\n\n\n<p>Vous \u00eates libre d\u2019accepter ou de refuser les cookies en configurant votre navigateur mais la d\u00e9sactivation des cookies peut entra\u00eener l\u2019indisponibilit\u00e9 de certains services auxquels ils sont associ\u00e9s. Elle n\u2019emp\u00eache pas l\u2019acc\u00e8s aux espaces non-r\u00e9serv\u00e9s du site.<\/p>\n\n\n\n<h3 class=\"wp-block-heading\">Cookies de statistiques Google Analytics<\/h3>\n\n\n\n<p>Par ailleurs, nous gardons trace des connexions \u00e0 notre site, et notamment de leur origine. Ces cookies permettent d\u2019\u00e9tablir des statistiques de fr\u00e9quentation du sites et de d\u00e9tecter des probl\u00e8mes de navigation afin de suivre et d\u2019am\u00e9liorer la qualit\u00e9 de nos services. Les donn\u00e9es correspondantes ne comportent pas de donn\u00e9es personnelles et sont d\u00e9truites apr\u00e8s usage.<\/p>\n\n\n\n<h2 class=\"wp-block-heading\">5. Compliance with regulations <\/h2>\n\n\n\n<p>This site is in conformity with French jurisdiction. Internet users  accessing the site from countries other than France must ensure they  comply with locally applicable legislation. <\/p>","protected":false},"excerpt":{"rendered":"<p>1. Presentation of the site The director of the publication of the site is Andr\u00e9i Nakov Design and realisation of the site: Pascal Robin \u2013 8 rue de F\u00e9camp, 75012 Paris, France Direct and permanent hosting of the site is provided by&nbsp;: OVH \u2013 140, quai du Sartel \u2013 59100 Roubaix, France By accessing the [&hellip;]<\/p>","protected":false},"author":1,"featured_media":0,"parent":0,"menu_order":0,"comment_status":"closed","ping_status":"closed","template":"","meta":{"_relevanssi_hide_post":"","_relevanssi_hide_content":"","_relevanssi_pin_for_all":"","_relevanssi_pin_keywords":"","_relevanssi_unpin_keywords":"","_relevanssi_related_keywords":"","_relevanssi_related_include_ids":"","_relevanssi_related_exclude_ids":"","_relevanssi_related_no_append":"","_relevanssi_related_not_related":"","_relevanssi_related_posts":"","_relevanssi_noindex_reason":"","_genesis_hide_title":false,"_genesis_hide_breadcrumbs":false,"_genesis_hide_singular_image":false,"_genesis_hide_footer_widgets":false,"_genesis_custom_body_class":"site-header-background","_genesis_custom_post_class":"","_genesis_layout":"","footnotes":""},"class_list":{"0":"post-52602","1":"page","2":"type-page","3":"status-publish","5":"entry"},"yoast_head":"<!-- This site is optimized with the Yoast SEO Premium plugin v26.7 (Yoast SEO v27.3) - https:\/\/yoast.com\/product\/yoast-seo-premium-wordpress\/ -->\n<title>Terms of use - Association Alexandra Exter<\/title>\n<meta name=\"robots\" content=\"index, follow, max-snippet:-1, max-image-preview:large, max-video-preview:-1\" \/>\n<link rel=\"canonical\" href=\"https:\/\/alexandra-exter.net\/en\/terms-of-use\/\" \/>\n<meta property=\"og:locale\" content=\"en_US\" \/>\n<meta property=\"og:type\" content=\"article\" \/>\n<meta property=\"og:title\" content=\"Terms of use\" \/>\n<meta property=\"og:description\" content=\"1. Presentation of the site The director of the publication of the site is Andr\u00e9i Nakov Design and realisation of the site: Pascal Robin \u2013 8 rue de F\u00e9camp, 75012 Paris, France Direct and permanent hosting of the site is provided by&nbsp;: OVH \u2013 140, quai du Sartel \u2013 59100 Roubaix, France By accessing the [&hellip;]\" \/>\n<meta property=\"og:url\" content=\"https:\/\/alexandra-exter.net\/en\/terms-of-use\/\" \/>\n<meta property=\"og:site_name\" content=\"Association Alexandra Exter\" \/>\n<meta property=\"article:modified_time\" content=\"2019-12-23T21:41:02+00:00\" \/>\n<meta name=\"twitter:card\" content=\"summary_large_image\" \/>\n<meta name=\"twitter:label1\" content=\"Est. reading time\" \/>\n\t<meta name=\"twitter:data1\" content=\"3 minutes\" \/>\n<script type=\"application\/ld+json\" class=\"yoast-schema-graph\">{\"@context\":\"https:\\\/\\\/schema.org\",\"@graph\":[{\"@type\":\"WebPage\",\"@id\":\"https:\\\/\\\/alexandra-exter.net\\\/en\\\/terms-of-use\\\/\",\"url\":\"https:\\\/\\\/alexandra-exter.net\\\/en\\\/terms-of-use\\\/\",\"name\":\"Terms of use - Association Alexandra Exter\",\"isPartOf\":{\"@id\":\"https:\\\/\\\/alexandra-exter.net\\\/en\\\/#website\"},\"datePublished\":\"2019-12-06T10:19:07+00:00\",\"dateModified\":\"2019-12-23T21:41:02+00:00\",\"breadcrumb\":{\"@id\":\"https:\\\/\\\/alexandra-exter.net\\\/en\\\/terms-of-use\\\/#breadcrumb\"},\"inLanguage\":\"en-US\",\"potentialAction\":[{\"@type\":\"ReadAction\",\"target\":[\"https:\\\/\\\/alexandra-exter.net\\\/en\\\/terms-of-use\\\/\"]}]},{\"@type\":\"BreadcrumbList\",\"@id\":\"https:\\\/\\\/alexandra-exter.net\\\/en\\\/terms-of-use\\\/#breadcrumb\",\"itemListElement\":[{\"@type\":\"ListItem\",\"position\":1,\"name\":\"Accueil\",\"item\":\"https:\\\/\\\/alexandra-exter.net\\\/en\\\/\"},{\"@type\":\"ListItem\",\"position\":2,\"name\":\"Terms of use\"}]},{\"@type\":\"WebSite\",\"@id\":\"https:\\\/\\\/alexandra-exter.net\\\/en\\\/#website\",\"url\":\"https:\\\/\\\/alexandra-exter.net\\\/en\\\/\",\"name\":\"Association Alexandra Exter\",\"description\":\"\",\"potentialAction\":[{\"@type\":\"SearchAction\",\"target\":{\"@type\":\"EntryPoint\",\"urlTemplate\":\"https:\\\/\\\/alexandra-exter.net\\\/en\\\/?s={search_term_string}\"},\"query-input\":{\"@type\":\"PropertyValueSpecification\",\"valueRequired\":true,\"valueName\":\"search_term_string\"}}],\"inLanguage\":\"en-US\"}]}<\/script>\n<!-- \/ Yoast SEO Premium plugin. -->","yoast_head_json":{"title":"Terms of use - Association Alexandra Exter","robots":{"index":"index","follow":"follow","max-snippet":"max-snippet:-1","max-image-preview":"max-image-preview:large","max-video-preview":"max-video-preview:-1"},"canonical":"https:\/\/alexandra-exter.net\/en\/terms-of-use\/","og_locale":"en_US","og_type":"article","og_title":"Terms of use","og_description":"1. Presentation of the site The director of the publication of the site is Andr\u00e9i Nakov Design and realisation of the site: Pascal Robin \u2013 8 rue de F\u00e9camp, 75012 Paris, France Direct and permanent hosting of the site is provided by&nbsp;: OVH \u2013 140, quai du Sartel \u2013 59100 Roubaix, France By accessing the [&hellip;]","og_url":"https:\/\/alexandra-exter.net\/en\/terms-of-use\/","og_site_name":"Association Alexandra Exter","article_modified_time":"2019-12-23T21:41:02+00:00","twitter_card":"summary_large_image","twitter_misc":{"Est. reading time":"3 minutes"},"schema":{"@context":"https:\/\/schema.org","@graph":[{"@type":"WebPage","@id":"https:\/\/alexandra-exter.net\/en\/terms-of-use\/","url":"https:\/\/alexandra-exter.net\/en\/terms-of-use\/","name":"Terms of use - Association Alexandra Exter","isPartOf":{"@id":"https:\/\/alexandra-exter.net\/en\/#website"},"datePublished":"2019-12-06T10:19:07+00:00","dateModified":"2019-12-23T21:41:02+00:00","breadcrumb":{"@id":"https:\/\/alexandra-exter.net\/en\/terms-of-use\/#breadcrumb"},"inLanguage":"en-US","potentialAction":[{"@type":"ReadAction","target":["https:\/\/alexandra-exter.net\/en\/terms-of-use\/"]}]},{"@type":"BreadcrumbList","@id":"https:\/\/alexandra-exter.net\/en\/terms-of-use\/#breadcrumb","itemListElement":[{"@type":"ListItem","position":1,"name":"Accueil","item":"https:\/\/alexandra-exter.net\/en\/"},{"@type":"ListItem","position":2,"name":"Terms of use"}]},{"@type":"WebSite","@id":"https:\/\/alexandra-exter.net\/en\/#website","url":"https:\/\/alexandra-exter.net\/en\/","name":"Association Alexandra Exter","description":"","potentialAction":[{"@type":"SearchAction","target":{"@type":"EntryPoint","urlTemplate":"https:\/\/alexandra-exter.net\/en\/?s={search_term_string}"},"query-input":{"@type":"PropertyValueSpecification","valueRequired":true,"valueName":"search_term_string"}}],"inLanguage":"en-US"}]}},"_links":{"self":[{"href":"https:\/\/alexandra-exter.net\/en\/wp-json\/wp\/v2\/pages\/52602","targetHints":{"allow":["GET"]}}],"collection":[{"href":"https:\/\/alexandra-exter.net\/en\/wp-json\/wp\/v2\/pages"}],"about":[{"href":"https:\/\/alexandra-exter.net\/en\/wp-json\/wp\/v2\/types\/page"}],"author":[{"embeddable":true,"href":"https:\/\/alexandra-exter.net\/en\/wp-json\/wp\/v2\/users\/1"}],"replies":[{"embeddable":true,"href":"https:\/\/alexandra-exter.net\/en\/wp-json\/wp\/v2\/comments?post=52602"}],"version-history":[{"count":0,"href":"https:\/\/alexandra-exter.net\/en\/wp-json\/wp\/v2\/pages\/52602\/revisions"}],"wp:attachment":[{"href":"https:\/\/alexandra-exter.net\/en\/wp-json\/wp\/v2\/media?parent=52602"}],"curies":[{"name":"wp","href":"https:\/\/api.w.org\/{rel}","templated":true}]}}