{"id":52615,"date":"2019-11-19T16:00:00","date_gmt":"2019-11-19T15:00:00","guid":{"rendered":"https:\/\/alexandra-exter.net\/expositions-de-reference\/"},"modified":"2019-12-23T17:17:13","modified_gmt":"2019-12-23T16:17:13","slug":"expositions-de-reference","status":"publish","type":"page","link":"https:\/\/alexandra-exter.net\/en\/expositions-de-reference\/","title":{"rendered":"Expositions de r\u00e9f\u00e9rence"},"content":{"rendered":"\n<h2>Expositions personnelles du vivant de l\u2019artiste<\/h2>\n<h3>1917<\/h3>\n\n\n\n<div class=\"wp-block-columns is-layout-flex wp-container-core-columns-is-layout-9d6595d7 wp-block-columns-is-layout-flex\">\n<div class=\"wp-block-column is-layout-flow wp-block-column-is-layout-flow\">\n<ul class=\"wp-block-list\"><li>Salon de la soci\u00e9t\u00e9 Valet de Carreau<br>Salon de Klavdia Mikhailova, Moscou du 6 novembre au 3 d\u00e9cembre. <em>La pr\u00e9sentation dans une salle s\u00e9par\u00e9e de 102 \u0153uvres d\u2019Exter, dont 26 projets de costumes et d\u00e9cors pour le spectacle&nbsp;\u00ab&nbsp;Salom\u00e9&nbsp;\u00bb et 67 peintures allant de 1907 \u00e0 1917 fut consid\u00e9r\u00e9e par la critique &#8211; \u00e0 juste titre &#8211; comme une r\u00e9trospective personnelle.<\/em><\/li><\/ul>\n<\/div>\n\n\n\n<div class=\"wp-block-column is-layout-flow wp-block-column-is-layout-flow\">\n<figure class=\"wp-block-image size-large\"><img decoding=\"async\" width=\"1024\" height=\"612\" src=\"https:\/\/alexandra-exter.net\/wp-content\/uploads\/sites\/2\/2019\/11\/Valet-de-carreaux-1917-1024x612.jpg\" alt=\"Valet de carreaux\" class=\"wp-image-50813\" srcset=\"https:\/\/alexandra-exter.net\/wp-content\/uploads\/sites\/2\/2019\/11\/Valet-de-carreaux-1917-1024x612.jpg 1024w, https:\/\/alexandra-exter.net\/wp-content\/uploads\/sites\/2\/2019\/11\/Valet-de-carreaux-1917-300x179.jpg 300w, https:\/\/alexandra-exter.net\/wp-content\/uploads\/sites\/2\/2019\/11\/Valet-de-carreaux-1917-768x459.jpg 768w, https:\/\/alexandra-exter.net\/wp-content\/uploads\/sites\/2\/2019\/11\/Valet-de-carreaux-1917-1536x918.jpg 1536w, https:\/\/alexandra-exter.net\/wp-content\/uploads\/sites\/2\/2019\/11\/Valet-de-carreaux-1917-600x359.jpg 600w, https:\/\/alexandra-exter.net\/wp-content\/uploads\/sites\/2\/2019\/11\/Valet-de-carreaux-1917.jpg 1574w\" sizes=\"(max-width: 1024px) 100vw, 1024px\" \/><\/figure>\n<\/div>\n<\/div>\n\n\n\n<h3 class=\"wp-block-heading\">1927<\/h3>\n\n\n\n<ul class=\"wp-block-list\"><li><em>Austellung Alexandra Exter<\/em><br>Galerie Der Sturm, Berlin, octobre 1927.<br><em>Exposition pr\u00e9sentant 66 \u0153uvres pour la sc\u00e8ne avec un catalogue.<br>La m\u00eame exposition sera pr\u00e9sent\u00e9e en 1928 \u00e0 Magdebourg.<\/em><\/li><\/ul>\n\n\n\n<h3 class=\"wp-block-heading\">1928<\/h3>\n\n\n\n<div class=\"wp-block-columns is-layout-flex wp-container-core-columns-is-layout-9d6595d7 wp-block-columns-is-layout-flex\">\n<div class=\"wp-block-column is-layout-flow wp-block-column-is-layout-flow\" style=\"flex-basis:33%\">\n<ul class=\"wp-block-list\"><li>Alexandra Exter&nbsp;: Theatrical Drawings, Claridge Gallery, Londres du 11 au 27 octobre.<br><em>Catalogue avec 70 num\u00e9ros et 2 illustrations<\/em>.<\/li><\/ul>\n<\/div>\n\n\n\n<div class=\"wp-block-column is-layout-flow wp-block-column-is-layout-flow\" style=\"flex-basis:67%\">\n<div class=\"wp-block-image alignleft size-medium\"><figure class=\"alignleft\"><img decoding=\"async\" width=\"221\" height=\"300\" src=\"https:\/\/alexandra-exter.net\/wp-content\/uploads\/sites\/2\/2019\/11\/Exter-Claridge-221x300.jpg\" alt=\"Catalogue Claridge Gallery, Londres\" class=\"wp-image-50826\" srcset=\"https:\/\/alexandra-exter.net\/wp-content\/uploads\/sites\/2\/2019\/11\/Exter-Claridge-221x300.jpg 221w, https:\/\/alexandra-exter.net\/wp-content\/uploads\/sites\/2\/2019\/11\/Exter-Claridge-442x600.jpg 442w, https:\/\/alexandra-exter.net\/wp-content\/uploads\/sites\/2\/2019\/11\/Exter-Claridge.jpg 736w\" sizes=\"(max-width: 221px) 100vw, 221px\" \/><\/figure><\/div>\n<\/div>\n<\/div>\n\n\n\n<h3 class=\"wp-block-heading\">1930<\/h3>\n\n\n\n<ul class=\"wp-block-list\"><li><em>Alexandra Exter&nbsp;: th\u00e9\u00e2tre (maquettes, d\u00e9cors, costumes)<\/em><br>Galerie \u00ab&nbsp;aux Quatre Chemins&nbsp;\u00bb, Paris du 11 au 23 mai.<br><em>Catalogue avec introduction de Gaston Baty, 50 num\u00e9ros, 3 illustrations<\/em>.<br><em>Pr\u00e9sentation \u00e0 cette occasion de l\u2019album de 15 pochoirs<\/em>, <em>maquettes de th\u00e9\u00e2tre<\/em>.<br><em>Pr\u00e9face d\u2019Alexandre Tairoff, tirage de 15 pochoirs limit\u00e9 \u00e0 160 exemplaires, ex\u00e9cut\u00e9 par Tatiana Gontcharoff,<br>texte \u00e9crit par Guido Colucci.<\/em><\/li><li><em>Ren\u00e9e Sintenis, Marie Laurencin, Martel Schwichtenberg, Alexandra Exter<\/em>.<br>Galerie Alfred Flechtheim, Berlin, d\u00e9cembre.<br>Catalogue num\u00e9ros 61-70&nbsp;: \u00ab&nbsp;Entw\u00fcrfe f\u00fcr Theaterdekorationen in Berlin, K\u00f6ln, Moskau, Paris, Rom und Wien&nbsp;\u00bb.<\/li><\/ul>\n\n\n\n<h3 class=\"wp-block-heading\">1939<\/h3>\n\n\n\n<ul class=\"wp-block-list\"><li><em>Alexandra Exter&nbsp;: Divadlo, Skizi, Dekorace<\/em> (Alexandra Exter&nbsp;: th\u00e9\u00e2tre, esquisses, d\u00e9corations) Umelecko-Prumyslove Museum (Mus\u00e9e des arts appliqu\u00e9s et industriels), Prague, mars.<br><em>Exposition personnelle avec un catalogue comprenant 116 num\u00e9ros et une introduction de P. Faucher<\/em>.<\/li><\/ul>\n\n\n\n<div style=\"height:50px\" aria-hidden=\"true\" class=\"wp-block-spacer\"><\/div>\n\n\n\n<div class=\"wp-block-image\"><figure class=\"aligncenter size-large\"><img decoding=\"async\" width=\"150\" height=\"150\" src=\"https:\/\/alexandra-exter.net\/wp-content\/uploads\/sites\/2\/2019\/11\/1917.jpg\" alt=\"\" class=\"wp-image-50573\"\/><\/figure><\/div>\n\n\n\n<div style=\"height:50px\" aria-hidden=\"true\" class=\"wp-block-spacer\"><\/div>\n\n\n\n<h2 class=\"wp-block-heading\">Expositions posthumes<\/h2>\n\n\n\n<h3 class=\"wp-block-heading\">1972<\/h3>\n\n\n\n<ul class=\"wp-block-list\"><li>Alexandra Exter<br>Galerie Jean Chauvelin, Paris mai-juin<br><em>Monographie Alexandra Exter par Andrei Nakov, publi\u00e9e \u00e0 cette occasion<\/em>.<\/li><\/ul>\n\n\n\n<h3 class=\"wp-block-heading\">1974<\/h3>\n\n\n\n<ul class=\"wp-block-list\"><li>Artist of the Theatre &#8211; Alexandra Exter, The New York Public Library, Lincoln Center, New York, spring &#8211; summer 1974.<\/li><\/ul>\n\n\n\n<h3 class=\"wp-block-heading\">1975<\/h3>\n\n\n\n<ul class=\"wp-block-list\"><li>Alexandra Exter &#8211; Marionettes, L\u00e9onard Hutton Galleries, New York, 1975.<br><em>Catalogue avec 30 num\u00e9ros, introduction par John E. Bowlt<\/em>.<br><em>Exposition des marionnettes provenant de la succession Exter, restaur\u00e9es \u00e0 Paris en 1974 par Nehama Szmuszkowicz, \u00e9l\u00e8ve d\u2019Exter qui avait assist\u00e9 l\u2019artiste pour la r\u00e9alisation des marionnettes.<\/em><\/li><\/ul>\n\n\n\n<h3 class=\"wp-block-heading\">1980<\/h3>\n\n\n\n<ul class=\"wp-block-list\"><li>Alexandra Exter &#8211; Marionnettes and Theatrical Designs<em><strong>, <\/strong><\/em>Hirschhorn Museum and Sculpture Gardens, Washington DC, du 17 avril au 6 juin.<br><em>Trente-neuf num\u00e9ros au catalogue (d\u00e9pliant de 4 pages avec introduction par Miranda McClintic)<\/em>.<\/li><\/ul>\n\n\n\n<h3 class=\"wp-block-heading\">1987<\/h3>\n\n\n\n<div class=\"wp-block-columns is-layout-flex wp-container-core-columns-is-layout-9d6595d7 wp-block-columns-is-layout-flex\">\n<div class=\"wp-block-column is-vertically-aligned-top is-layout-flow wp-block-column-is-layout-flow\" style=\"flex-basis:30%\">\n<ul class=\"wp-block-list\"><li>Alexandra Exter, Dom Ermolovoj, Mus\u00e9e th\u00e9\u00e2tral Bakhrouchine, Moscou, automne.<br><em>Premi\u00e8re \u2013 et \u00e0 ce jour seule \u2013 r\u00e9trospective posthume de l\u2019artiste en Russie. Catalogue publi\u00e9 en 1988 par Mikhail Kolesnikov (voir <a href=\"\/?page_id=50720\">bibliographie<\/a>)<\/em>.<\/li><\/ul>\n<\/div>\n\n\n\n<div class=\"wp-block-column is-vertically-aligned-top is-layout-flow wp-block-column-is-layout-flow\" style=\"flex-basis:70%\">\n<figure class=\"wp-block-image size-large\"><img decoding=\"async\" width=\"599\" height=\"430\" src=\"https:\/\/alexandra-exter.net\/wp-content\/uploads\/sites\/2\/2019\/11\/expo-Moscou-1987-annonce.jpg\" alt=\"Expo Moscou 1987\" class=\"wp-image-50830\" srcset=\"https:\/\/alexandra-exter.net\/wp-content\/uploads\/sites\/2\/2019\/11\/expo-Moscou-1987-annonce.jpg 599w, https:\/\/alexandra-exter.net\/wp-content\/uploads\/sites\/2\/2019\/11\/expo-Moscou-1987-annonce-300x215.jpg 300w\" sizes=\"(max-width: 599px) 100vw, 599px\" \/><\/figure>\n<\/div>\n<\/div>\n\n\n\n<h3 class=\"wp-block-heading\">1991<\/h3>\n\n\n\n<ul class=\"wp-block-list\"><li>Alexandra Exter e il Teatro di Camera<em>,<\/em> Museo d\u2019Arte Moderna e Contemporanea di Trento e Rovereto.<br><em>Catalogue par Fabio Cioffi degli Atti et Mikhail Kolesnikov, Edizioni Electa<\/em>.<\/li><\/ul>\n\n\n\n<div style=\"height:50px\" aria-hidden=\"true\" class=\"wp-block-spacer\"><\/div>\n\n\n\n<div class=\"wp-block-image\"><figure class=\"aligncenter size-large\"><img decoding=\"async\" width=\"150\" height=\"150\" src=\"https:\/\/alexandra-exter.net\/wp-content\/uploads\/sites\/2\/2019\/11\/1917.jpg\" alt=\"\" class=\"wp-image-50573\"\/><\/figure><\/div>\n\n\n\n<div style=\"height:55px\" aria-hidden=\"true\" class=\"wp-block-spacer\"><\/div>\n\n\n\n<h2 class=\"wp-block-heading\">Importantes expositions collectives du vivant de l\u2019artiste<\/h2>\n\n\n\n<blockquote><p>Alexandra Exter sera la co-organisatrice de l\u2019exposition \u00ab&nbsp;Kol\u2019co&nbsp;\u00bb (Le maillon), Kiev 1909 et des deux expositions d\u2019\u00ab&nbsp;Art d\u00e9coratif contemporain&nbsp;\u00bb pr\u00e9sent\u00e9es \u00e0 Moscou.<\/p><ul>\n<li>Du 6 novembre au 8 d\u00e9cembre 1915 \u00e0 la galerie Lemerci\u00e9.<\/li>\n<li>Du 6 au 19 d\u00e9cembre 1917, salon de Klavdia Mikhailova. Cette exposition est sous titr\u00e9e \u00ab&nbsp;Verbovka&nbsp;\u00bb.<\/li>\n<\/ul><\/blockquote>\n\n\n\n<h3 class=\"wp-block-heading\">1910<\/h3>\n\n\n\n<ul class=\"wp-block-list\"><li>Premier salon de <em>Valet de Carreau<\/em>, Moscou, du 10 d\u00e9cembre 1910 au 17 janvier 1911.<\/li><\/ul>\n\n\n\n<h3 class=\"wp-block-heading\">1912<\/h3>\n\n\n\n<ul class=\"wp-block-list\"><li><em>Salon de La Section d\u2019Or<\/em>, Paris.<\/li><\/ul>\n\n\n\n<h3 class=\"wp-block-heading\">1914<\/h3>\n\n\n\n<ul class=\"wp-block-list\"><li>Salon de <em>Valet de Carreau<\/em>, Moscou, du 5 f\u00e9vrier au 2 mars.<\/li><li><em>Esposizione libera futurista internazionale di pittori e scultori<\/em>, Galeria Sprovieri, Rome.<\/li><\/ul>\n\n\n\n<h3 class=\"wp-block-heading\">1915<\/h3>\n\n\n\n<ul class=\"wp-block-list\"><li><em>Tramway-V<\/em>, Saint Petersbourg, du 3 mai au 2 avril, salles de la galerie Dobytchina<br><em>Exposition programm\u00e9e par Kazimir Malewicz et organis\u00e9e par Ivan Puni<\/em>.<\/li><\/ul>\n\n\n\n<h3 class=\"wp-block-heading\">1916<\/h3>\n\n\n\n<ul class=\"wp-block-list\"><li><em>Magazin<\/em>, Moscou, du 19 mars au 20 avril<br><em>Exposition organis\u00e9e par Vladimir Tatlin<\/em>.<\/li><\/ul>\n\n\n\n<h3 class=\"wp-block-heading\">1921<\/h3>\n\n\n\n<div class=\"wp-block-columns is-layout-flex wp-container-core-columns-is-layout-9d6595d7 wp-block-columns-is-layout-flex\">\n<div class=\"wp-block-column is-layout-flow wp-block-column-is-layout-flow\" style=\"flex-basis:27%\">\n<ul class=\"wp-block-list\"><li>Exposition &nbsp;5 x 5 = 25, Moscou, salles du \u00ab&nbsp;Club pan-russe des po\u00e8tes&nbsp;\u00bb, septembre.<\/li><li>Deuxi\u00e8me partie de la m\u00eame exposition (dessins) \u2013 en octobre de la m\u00eame ann\u00e9e.<\/li><\/ul>\n<\/div>\n\n\n\n<div class=\"wp-block-column is-layout-flow wp-block-column-is-layout-flow\" style=\"flex-basis:73%\">\n<figure class=\"wp-block-image size-medium\"><a href=\"https:\/\/alexandra-exter.net\/wp-content\/uploads\/sites\/2\/2019\/11\/5x525.jpg\" data-rel=\"lightbox-image-0\" data-rl_title=\"\" data-rl_caption=\"\" title=\"\"><img decoding=\"async\" width=\"242\" height=\"300\" src=\"https:\/\/alexandra-exter.net\/wp-content\/uploads\/sites\/2\/2019\/11\/5x525-242x300.jpg\" alt=\"Catalogue 5x5=25\" class=\"wp-image-50831\" srcset=\"https:\/\/alexandra-exter.net\/wp-content\/uploads\/sites\/2\/2019\/11\/5x525-242x300.jpg 242w, https:\/\/alexandra-exter.net\/wp-content\/uploads\/sites\/2\/2019\/11\/5x525-121x150.jpg 121w, https:\/\/alexandra-exter.net\/wp-content\/uploads\/sites\/2\/2019\/11\/5x525-768x950.jpg 768w, https:\/\/alexandra-exter.net\/wp-content\/uploads\/sites\/2\/2019\/11\/5x525-485x600.jpg 485w, https:\/\/alexandra-exter.net\/wp-content\/uploads\/sites\/2\/2019\/11\/5x525.jpg 808w\" sizes=\"(max-width: 242px) 100vw, 242px\" \/><\/a><\/figure>\n<\/div>\n<\/div>\n\n\n\n<h3 class=\"wp-block-heading\">1922-1923<\/h3>\n\n\n\n<ul class=\"wp-block-list\"><li>Erste russische Kunstausstellung, Berlin, Galerie Van Diemen, \u00e0 partir du 15 d\u00e9cembre.<br><em>\u00c0 partir de janvier 1923, l\u2019exposition sera pr\u00e9sent\u00e9e \u00e0 Amsterdam, salles du Stedelijk Museum.<\/em><\/li><\/ul>\n\n\n\n<h3 class=\"wp-block-heading\">1924<\/h3>\n\n\n\n<ul class=\"wp-block-list\"><li>XIV<sup>\u00e8me<\/sup> Biennale de Venise, pavillon sovi\u00e9tique, Venise, Giardini.<\/li><li>Internationale Ausstellung neuer Theatertechnik, Konzerthaus, Vienne, automne.<\/li><\/ul>\n\n\n\n<h3 class=\"wp-block-heading\">1925<\/h3>\n\n\n\n<ul class=\"wp-block-list\"><li>Exposition internationale des arts d\u00e9coratifs et industriels modernes,<br>Paris Grand Palais (section th\u00e9\u00e2trale), \u00e0 partir du 28 avril.<\/li><\/ul>\n\n\n\n<h3 class=\"wp-block-heading\">1926<\/h3>\n\n\n\n<ul class=\"wp-block-list\"><li>International Theatre Exhibition, New York, Steinway Building.<\/li><\/ul>\n\n\n\n<h3 class=\"wp-block-heading\">1927<\/h3>\n\n\n\n<ul class=\"wp-block-list\"><li>Machine Age Exhibition, New York, The Museum of Modern Art.<\/li><\/ul>\n\n\n\n<h3 class=\"wp-block-heading\">1936<\/h3>\n\n\n\n<ul class=\"wp-block-list\"><li>Cubism and Abstract Art, New York, The Museum of Modern Art.<\/li><\/ul>","protected":false},"excerpt":{"rendered":"<p>Expositions personnelles du vivant de l\u2019artiste 1917 Salon de la soci\u00e9t\u00e9 Valet de CarreauSalon de Klavdia Mikhailova, Moscou du 6 novembre au 3 d\u00e9cembre. La pr\u00e9sentation dans une salle s\u00e9par\u00e9e de 102 \u0153uvres d\u2019Exter, dont 26 projets de costumes et d\u00e9cors pour le spectacle&nbsp;\u00ab&nbsp;Salom\u00e9&nbsp;\u00bb et 67 peintures allant de 1907 \u00e0 1917 fut consid\u00e9r\u00e9e par [&hellip;]<\/p>","protected":false},"author":1,"featured_media":52364,"parent":0,"menu_order":0,"comment_status":"closed","ping_status":"closed","template":"","meta":{"_relevanssi_hide_post":"","_relevanssi_hide_content":"","_relevanssi_pin_for_all":"","_relevanssi_pin_keywords":"","_relevanssi_unpin_keywords":"","_relevanssi_related_keywords":"","_relevanssi_related_include_ids":"","_relevanssi_related_exclude_ids":"","_relevanssi_related_no_append":"","_relevanssi_related_not_related":"","_relevanssi_related_posts":"","_relevanssi_noindex_reason":"","_genesis_hide_title":false,"_genesis_hide_breadcrumbs":false,"_genesis_hide_singular_image":false,"_genesis_hide_footer_widgets":false,"_genesis_custom_body_class":"","_genesis_custom_post_class":"","_genesis_layout":"","footnotes":""},"class_list":{"0":"post-52615","1":"page","2":"type-page","3":"status-publish","4":"has-post-thumbnail","6":"entry"},"yoast_head":"<!-- This site is optimized with the Yoast SEO Premium plugin v26.7 (Yoast SEO v27.3) - https:\/\/yoast.com\/product\/yoast-seo-premium-wordpress\/ -->\n<title>Expositions de r\u00e9f\u00e9rence - Association Alexandra Exter<\/title>\n<meta name=\"robots\" content=\"index, follow, max-snippet:-1, max-image-preview:large, max-video-preview:-1\" \/>\n<link rel=\"canonical\" href=\"https:\/\/alexandra-exter.net\/en\/expositions-de-reference\/\" \/>\n<meta property=\"og:locale\" content=\"en_US\" \/>\n<meta property=\"og:type\" content=\"article\" \/>\n<meta property=\"og:title\" content=\"Expositions de r\u00e9f\u00e9rence\" \/>\n<meta property=\"og:description\" content=\"Expositions personnelles du vivant de l\u2019artiste 1917 Salon de la soci\u00e9t\u00e9 Valet de CarreauSalon de Klavdia Mikhailova, Moscou du 6 novembre au 3 d\u00e9cembre. La pr\u00e9sentation dans une salle s\u00e9par\u00e9e de 102 \u0153uvres d\u2019Exter, dont 26 projets de costumes et d\u00e9cors pour le spectacle&nbsp;\u00ab&nbsp;Salom\u00e9&nbsp;\u00bb et 67 peintures allant de 1907 \u00e0 1917 fut consid\u00e9r\u00e9e par [&hellip;]\" \/>\n<meta property=\"og:url\" content=\"https:\/\/alexandra-exter.net\/en\/expositions-de-reference\/\" \/>\n<meta property=\"og:site_name\" content=\"Association Alexandra Exter\" \/>\n<meta property=\"article:modified_time\" content=\"2019-12-23T16:17:13+00:00\" \/>\n<meta property=\"og:image\" content=\"https:\/\/alexandra-exter.net\/wp-content\/uploads\/sites\/2\/2019\/11\/Magasin.jpg\" \/>\n\t<meta property=\"og:image:width\" content=\"2889\" \/>\n\t<meta property=\"og:image:height\" content=\"695\" \/>\n\t<meta property=\"og:image:type\" content=\"image\/jpeg\" \/>\n<meta name=\"twitter:card\" content=\"summary_large_image\" \/>\n<meta name=\"twitter:label1\" content=\"Est. reading time\" \/>\n\t<meta name=\"twitter:data1\" content=\"3 minutes\" \/>\n<script type=\"application\/ld+json\" class=\"yoast-schema-graph\">{\"@context\":\"https:\\\/\\\/schema.org\",\"@graph\":[{\"@type\":\"WebPage\",\"@id\":\"https:\\\/\\\/alexandra-exter.net\\\/en\\\/expositions-de-reference\\\/\",\"url\":\"https:\\\/\\\/alexandra-exter.net\\\/en\\\/expositions-de-reference\\\/\",\"name\":\"Expositions de r\u00e9f\u00e9rence - Association Alexandra Exter\",\"isPartOf\":{\"@id\":\"https:\\\/\\\/alexandra-exter.net\\\/en\\\/#website\"},\"primaryImageOfPage\":{\"@id\":\"https:\\\/\\\/alexandra-exter.net\\\/en\\\/expositions-de-reference\\\/#primaryimage\"},\"image\":{\"@id\":\"https:\\\/\\\/alexandra-exter.net\\\/en\\\/expositions-de-reference\\\/#primaryimage\"},\"thumbnailUrl\":\"https:\\\/\\\/alexandra-exter.net\\\/wp-content\\\/uploads\\\/sites\\\/2\\\/2019\\\/11\\\/Magasin.jpg\",\"datePublished\":\"2019-11-19T15:00:00+00:00\",\"dateModified\":\"2019-12-23T16:17:13+00:00\",\"breadcrumb\":{\"@id\":\"https:\\\/\\\/alexandra-exter.net\\\/en\\\/expositions-de-reference\\\/#breadcrumb\"},\"inLanguage\":\"en-US\",\"potentialAction\":[{\"@type\":\"ReadAction\",\"target\":[\"https:\\\/\\\/alexandra-exter.net\\\/en\\\/expositions-de-reference\\\/\"]}]},{\"@type\":\"ImageObject\",\"inLanguage\":\"en-US\",\"@id\":\"https:\\\/\\\/alexandra-exter.net\\\/en\\\/expositions-de-reference\\\/#primaryimage\",\"url\":\"https:\\\/\\\/alexandra-exter.net\\\/wp-content\\\/uploads\\\/sites\\\/2\\\/2019\\\/11\\\/Magasin.jpg\",\"contentUrl\":\"https:\\\/\\\/alexandra-exter.net\\\/wp-content\\\/uploads\\\/sites\\\/2\\\/2019\\\/11\\\/Magasin.jpg\",\"width\":2889,\"height\":695},{\"@type\":\"BreadcrumbList\",\"@id\":\"https:\\\/\\\/alexandra-exter.net\\\/en\\\/expositions-de-reference\\\/#breadcrumb\",\"itemListElement\":[{\"@type\":\"ListItem\",\"position\":1,\"name\":\"Accueil\",\"item\":\"https:\\\/\\\/alexandra-exter.net\\\/en\\\/\"},{\"@type\":\"ListItem\",\"position\":2,\"name\":\"Expositions de r\u00e9f\u00e9rence\"}]},{\"@type\":\"WebSite\",\"@id\":\"https:\\\/\\\/alexandra-exter.net\\\/en\\\/#website\",\"url\":\"https:\\\/\\\/alexandra-exter.net\\\/en\\\/\",\"name\":\"Association Alexandra Exter\",\"description\":\"\",\"potentialAction\":[{\"@type\":\"SearchAction\",\"target\":{\"@type\":\"EntryPoint\",\"urlTemplate\":\"https:\\\/\\\/alexandra-exter.net\\\/en\\\/?s={search_term_string}\"},\"query-input\":{\"@type\":\"PropertyValueSpecification\",\"valueRequired\":true,\"valueName\":\"search_term_string\"}}],\"inLanguage\":\"en-US\"}]}<\/script>\n<!-- \/ Yoast SEO Premium plugin. -->","yoast_head_json":{"title":"Expositions de r\u00e9f\u00e9rence - Association Alexandra Exter","robots":{"index":"index","follow":"follow","max-snippet":"max-snippet:-1","max-image-preview":"max-image-preview:large","max-video-preview":"max-video-preview:-1"},"canonical":"https:\/\/alexandra-exter.net\/en\/expositions-de-reference\/","og_locale":"en_US","og_type":"article","og_title":"Expositions de r\u00e9f\u00e9rence","og_description":"Expositions personnelles du vivant de l\u2019artiste 1917 Salon de la soci\u00e9t\u00e9 Valet de CarreauSalon de Klavdia Mikhailova, Moscou du 6 novembre au 3 d\u00e9cembre. La pr\u00e9sentation dans une salle s\u00e9par\u00e9e de 102 \u0153uvres d\u2019Exter, dont 26 projets de costumes et d\u00e9cors pour le spectacle&nbsp;\u00ab&nbsp;Salom\u00e9&nbsp;\u00bb et 67 peintures allant de 1907 \u00e0 1917 fut consid\u00e9r\u00e9e par [&hellip;]","og_url":"https:\/\/alexandra-exter.net\/en\/expositions-de-reference\/","og_site_name":"Association Alexandra Exter","article_modified_time":"2019-12-23T16:17:13+00:00","og_image":[{"width":2889,"height":695,"url":"https:\/\/alexandra-exter.net\/wp-content\/uploads\/sites\/2\/2019\/11\/Magasin.jpg","type":"image\/jpeg"}],"twitter_card":"summary_large_image","twitter_misc":{"Est. reading time":"3 minutes"},"schema":{"@context":"https:\/\/schema.org","@graph":[{"@type":"WebPage","@id":"https:\/\/alexandra-exter.net\/en\/expositions-de-reference\/","url":"https:\/\/alexandra-exter.net\/en\/expositions-de-reference\/","name":"Expositions de r\u00e9f\u00e9rence - Association Alexandra Exter","isPartOf":{"@id":"https:\/\/alexandra-exter.net\/en\/#website"},"primaryImageOfPage":{"@id":"https:\/\/alexandra-exter.net\/en\/expositions-de-reference\/#primaryimage"},"image":{"@id":"https:\/\/alexandra-exter.net\/en\/expositions-de-reference\/#primaryimage"},"thumbnailUrl":"https:\/\/alexandra-exter.net\/wp-content\/uploads\/sites\/2\/2019\/11\/Magasin.jpg","datePublished":"2019-11-19T15:00:00+00:00","dateModified":"2019-12-23T16:17:13+00:00","breadcrumb":{"@id":"https:\/\/alexandra-exter.net\/en\/expositions-de-reference\/#breadcrumb"},"inLanguage":"en-US","potentialAction":[{"@type":"ReadAction","target":["https:\/\/alexandra-exter.net\/en\/expositions-de-reference\/"]}]},{"@type":"ImageObject","inLanguage":"en-US","@id":"https:\/\/alexandra-exter.net\/en\/expositions-de-reference\/#primaryimage","url":"https:\/\/alexandra-exter.net\/wp-content\/uploads\/sites\/2\/2019\/11\/Magasin.jpg","contentUrl":"https:\/\/alexandra-exter.net\/wp-content\/uploads\/sites\/2\/2019\/11\/Magasin.jpg","width":2889,"height":695},{"@type":"BreadcrumbList","@id":"https:\/\/alexandra-exter.net\/en\/expositions-de-reference\/#breadcrumb","itemListElement":[{"@type":"ListItem","position":1,"name":"Accueil","item":"https:\/\/alexandra-exter.net\/en\/"},{"@type":"ListItem","position":2,"name":"Expositions de r\u00e9f\u00e9rence"}]},{"@type":"WebSite","@id":"https:\/\/alexandra-exter.net\/en\/#website","url":"https:\/\/alexandra-exter.net\/en\/","name":"Association Alexandra Exter","description":"","potentialAction":[{"@type":"SearchAction","target":{"@type":"EntryPoint","urlTemplate":"https:\/\/alexandra-exter.net\/en\/?s={search_term_string}"},"query-input":{"@type":"PropertyValueSpecification","valueRequired":true,"valueName":"search_term_string"}}],"inLanguage":"en-US"}]}},"_links":{"self":[{"href":"https:\/\/alexandra-exter.net\/en\/wp-json\/wp\/v2\/pages\/52615","targetHints":{"allow":["GET"]}}],"collection":[{"href":"https:\/\/alexandra-exter.net\/en\/wp-json\/wp\/v2\/pages"}],"about":[{"href":"https:\/\/alexandra-exter.net\/en\/wp-json\/wp\/v2\/types\/page"}],"author":[{"embeddable":true,"href":"https:\/\/alexandra-exter.net\/en\/wp-json\/wp\/v2\/users\/1"}],"replies":[{"embeddable":true,"href":"https:\/\/alexandra-exter.net\/en\/wp-json\/wp\/v2\/comments?post=52615"}],"version-history":[{"count":0,"href":"https:\/\/alexandra-exter.net\/en\/wp-json\/wp\/v2\/pages\/52615\/revisions"}],"wp:featuredmedia":[{"embeddable":true,"href":"https:\/\/alexandra-exter.net\/en\/wp-json\/wp\/v2\/media\/52364"}],"wp:attachment":[{"href":"https:\/\/alexandra-exter.net\/en\/wp-json\/wp\/v2\/media?parent=52615"}],"curies":[{"name":"wp","href":"https:\/\/api.w.org\/{rel}","templated":true}]}}