{"id":52616,"date":"2019-11-20T12:40:48","date_gmt":"2019-11-20T11:40:48","guid":{"rendered":"https:\/\/alexandra-exter.net\/expositions-recentes\/"},"modified":"2019-12-23T17:17:18","modified_gmt":"2019-12-23T16:17:18","slug":"expositions-recentes","status":"publish","type":"page","link":"https:\/\/alexandra-exter.net\/en\/expositions-recentes\/","title":{"rendered":"Expositions r\u00e9centes"},"content":{"rendered":"\n<p>Sept \u0153uvres d\u2019Alexandra Exter ont \u00e9t\u00e9 expos\u00e9es en Europe occidentale r\u00e9cemment&nbsp;:<\/p>\n\n\n\n<h2 class=\"wp-block-heading\">Quatre \u0153uvres cubo-futuristes<\/h2>\n\n\n\n<figure class=\"wp-block-gallery columns-2 is-cropped wp-block-gallery-1 is-layout-flex wp-block-gallery-is-layout-flex\"><ul class=\"blocks-gallery-grid\"><li class=\"blocks-gallery-item\"><figure><a href=\"https:\/\/alexandra-exter.net\/wp-content\/uploads\/sites\/2\/2019\/11\/Les-Bords-de-la-Seine-Jaroslawl.jpg\" data-rel=\"lightbox-image-0\" data-rl_title=\"\" data-rl_caption=\"\" title=\"\"><img decoding=\"async\" width=\"784\" height=\"1024\" src=\"https:\/\/alexandra-exter.net\/wp-content\/uploads\/sites\/2\/2019\/11\/Les-Bords-de-la-Seine-Jaroslawl-784x1024.jpg\" alt=\"\" data-id=\"50868\" data-full-url=\"https:\/\/alexandra-exter.net\/wp-content\/uploads\/sites\/2\/2019\/11\/Les-Bords-de-la-Seine-Jaroslawl.jpg\" data-link=\"https:\/\/alexandra-exter.net\/?attachment_id=50868\" class=\"wp-image-50868\" srcset=\"https:\/\/alexandra-exter.net\/wp-content\/uploads\/sites\/2\/2019\/11\/Les-Bords-de-la-Seine-Jaroslawl-784x1024.jpg 784w, https:\/\/alexandra-exter.net\/wp-content\/uploads\/sites\/2\/2019\/11\/Les-Bords-de-la-Seine-Jaroslawl-230x300.jpg 230w, https:\/\/alexandra-exter.net\/wp-content\/uploads\/sites\/2\/2019\/11\/Les-Bords-de-la-Seine-Jaroslawl-768x1003.jpg 768w, https:\/\/alexandra-exter.net\/wp-content\/uploads\/sites\/2\/2019\/11\/Les-Bords-de-la-Seine-Jaroslawl-459x600.jpg 459w, https:\/\/alexandra-exter.net\/wp-content\/uploads\/sites\/2\/2019\/11\/Les-Bords-de-la-Seine-Jaroslawl.jpg 1148w\" sizes=\"(max-width: 784px) 100vw, 784px\" \/><\/a><figcaption class=\"blocks-gallery-item__caption\"> Alexandra Exter, Paysage, Maisons, 1911, Mus\u00e9e d\u2019Art Moderne, St-Etienne, France (ill. p. 37 du catalogue)<\/figcaption><\/figure><\/li><li class=\"blocks-gallery-item\"><figure><a href=\"https:\/\/alexandra-exter.net\/wp-content\/uploads\/sites\/2\/2019\/11\/paysage-maisons.jpg\" data-rel=\"lightbox-image-1\" data-rl_title=\"\" data-rl_caption=\"\" title=\"\"><img decoding=\"async\" width=\"826\" height=\"1024\" src=\"https:\/\/alexandra-exter.net\/wp-content\/uploads\/sites\/2\/2019\/11\/paysage-maisons-826x1024.jpg\" alt=\"\" data-id=\"50869\" data-full-url=\"https:\/\/alexandra-exter.net\/wp-content\/uploads\/sites\/2\/2019\/11\/paysage-maisons.jpg\" data-link=\"https:\/\/alexandra-exter.net\/?attachment_id=50869\" class=\"wp-image-50869\" srcset=\"https:\/\/alexandra-exter.net\/wp-content\/uploads\/sites\/2\/2019\/11\/paysage-maisons-826x1024.jpg 826w, https:\/\/alexandra-exter.net\/wp-content\/uploads\/sites\/2\/2019\/11\/paysage-maisons-242x300.jpg 242w, https:\/\/alexandra-exter.net\/wp-content\/uploads\/sites\/2\/2019\/11\/paysage-maisons-768x952.jpg 768w, https:\/\/alexandra-exter.net\/wp-content\/uploads\/sites\/2\/2019\/11\/paysage-maisons-484x600.jpg 484w, https:\/\/alexandra-exter.net\/wp-content\/uploads\/sites\/2\/2019\/11\/paysage-maisons.jpg 1210w\" sizes=\"(max-width: 826px) 100vw, 826px\" \/><\/a><figcaption class=\"blocks-gallery-item__caption\">  Alexandra Exter, Les bords de la Seine, 1912 (ill. p. 51 du catalogue) <\/figcaption><\/figure><\/li><li class=\"blocks-gallery-item\"><figure><a href=\"https:\/\/alexandra-exter.net\/wp-content\/uploads\/sites\/2\/2019\/11\/Ville-synthetique.jpg\" data-rel=\"lightbox-image-2\" data-rl_title=\"\" data-rl_caption=\"\" title=\"\"><img decoding=\"async\" width=\"941\" height=\"1024\" src=\"https:\/\/alexandra-exter.net\/wp-content\/uploads\/sites\/2\/2019\/11\/Ville-synthetique-941x1024.jpg\" alt=\"\" data-id=\"50870\" data-full-url=\"https:\/\/alexandra-exter.net\/wp-content\/uploads\/sites\/2\/2019\/11\/Ville-synthetique.jpg\" data-link=\"https:\/\/alexandra-exter.net\/?attachment_id=50870\" class=\"wp-image-50870\" srcset=\"https:\/\/alexandra-exter.net\/wp-content\/uploads\/sites\/2\/2019\/11\/Ville-synthetique-941x1024.jpg 941w, https:\/\/alexandra-exter.net\/wp-content\/uploads\/sites\/2\/2019\/11\/Ville-synthetique-276x300.jpg 276w, https:\/\/alexandra-exter.net\/wp-content\/uploads\/sites\/2\/2019\/11\/Ville-synthetique-768x836.jpg 768w, https:\/\/alexandra-exter.net\/wp-content\/uploads\/sites\/2\/2019\/11\/Ville-synthetique-551x600.jpg 551w, https:\/\/alexandra-exter.net\/wp-content\/uploads\/sites\/2\/2019\/11\/Ville-synthetique.jpg 1378w\" sizes=\"(max-width: 941px) 100vw, 941px\" \/><\/a><figcaption class=\"blocks-gallery-item__caption\">  Alexandra Exter, Ville synth\u00e9tique (Moscou), 1914-1915, coll. priv\u00e9e, Moscou (ill.&nbsp;p. 309) <\/figcaption><\/figure><\/li><\/ul><figcaption class=\"blocks-gallery-caption\"> Pr\u00e9sent\u00e9es dans l\u2019exposition <em><strong>Futurismo 100<\/strong><\/em>,  Mart (Museo di Arte Moderna e Contemporanea), Rovereto (Italie) du 17  janvier au 7 juin 2009, l\u2019exposition continue par la suite son trajet \u00e0  Thessalonique (Mus\u00e9e d\u2019Art Moderne et contemporain, \u00e9t\u00e9 2009) et \u00e0  Madrid (Centro Reina Sofia, automne 2009) <\/figcaption><\/figure>\n\n\n\n<div style=\"height:35px\" aria-hidden=\"true\" class=\"wp-block-spacer\"><\/div>\n\n\n\n<div class=\"wp-block-image\"><figure class=\"aligncenter size-large\"><img decoding=\"async\" width=\"150\" height=\"150\" src=\"https:\/\/alexandra-exter.net\/wp-content\/uploads\/sites\/2\/2019\/11\/1917.jpg\" alt=\"\" class=\"wp-image-50573\"\/><\/figure><\/div>\n\n\n\n<div style=\"height:65px\" aria-hidden=\"true\" class=\"wp-block-spacer\"><\/div>\n\n\n\n<h2 class=\"wp-block-heading\">Trois peintures abstraites<\/h2>\n\n\n\n<figure class=\"wp-block-gallery columns-2 is-cropped wp-block-gallery-2 is-layout-flex wp-block-gallery-is-layout-flex\"><ul class=\"blocks-gallery-grid\"><li class=\"blocks-gallery-item\"><figure><a href=\"https:\/\/alexandra-exter.net\/wp-content\/uploads\/sites\/2\/2019\/11\/Exter-Construction-couleurs.jpg\" data-rel=\"lightbox-image-3\" data-rl_title=\"\" data-rl_caption=\"\" title=\"\"><img decoding=\"async\" width=\"1013\" height=\"1024\" src=\"https:\/\/alexandra-exter.net\/wp-content\/uploads\/sites\/2\/2019\/11\/Exter-Construction-couleurs-1013x1024.jpg\" alt=\"\" data-id=\"50878\" data-full-url=\"https:\/\/alexandra-exter.net\/wp-content\/uploads\/sites\/2\/2019\/11\/Exter-Construction-couleurs.jpg\" data-link=\"https:\/\/alexandra-exter.net\/exter-construction-couleurs\/\" class=\"wp-image-50878\" srcset=\"https:\/\/alexandra-exter.net\/wp-content\/uploads\/sites\/2\/2019\/11\/Exter-Construction-couleurs-1013x1024.jpg 1013w, https:\/\/alexandra-exter.net\/wp-content\/uploads\/sites\/2\/2019\/11\/Exter-Construction-couleurs-297x300.jpg 297w, https:\/\/alexandra-exter.net\/wp-content\/uploads\/sites\/2\/2019\/11\/Exter-Construction-couleurs-768x776.jpg 768w, https:\/\/alexandra-exter.net\/wp-content\/uploads\/sites\/2\/2019\/11\/Exter-Construction-couleurs-1519x1536.jpg 1519w, https:\/\/alexandra-exter.net\/wp-content\/uploads\/sites\/2\/2019\/11\/Exter-Construction-couleurs-593x600.jpg 593w, https:\/\/alexandra-exter.net\/wp-content\/uploads\/sites\/2\/2019\/11\/Exter-Construction-couleurs.jpg 1638w\" sizes=\"(max-width: 1013px) 100vw, 1013px\" \/><\/a><figcaption class=\"blocks-gallery-item__caption\">  Alexandra Exter,  Construction, 1921, coll. Mus\u00e9e Radishchev de Saratov, F\u00e9d\u00e9ration de Russie<\/figcaption><\/figure><\/li><li class=\"blocks-gallery-item\"><figure><a href=\"https:\/\/alexandra-exter.net\/wp-content\/uploads\/sites\/2\/2019\/11\/1922-1.jpg\" data-rel=\"lightbox-image-4\" data-rl_title=\"\" data-rl_caption=\"\" title=\"\"><img decoding=\"async\" width=\"928\" height=\"1024\" src=\"https:\/\/alexandra-exter.net\/wp-content\/uploads\/sites\/2\/2019\/11\/1922-1-928x1024.jpg\" alt=\"\" data-id=\"50879\" data-full-url=\"https:\/\/alexandra-exter.net\/wp-content\/uploads\/sites\/2\/2019\/11\/1922-1.jpg\" data-link=\"https:\/\/alexandra-exter.net\/1922-1\/\" class=\"wp-image-50879\" srcset=\"https:\/\/alexandra-exter.net\/wp-content\/uploads\/sites\/2\/2019\/11\/1922-1-928x1024.jpg 928w, https:\/\/alexandra-exter.net\/wp-content\/uploads\/sites\/2\/2019\/11\/1922-1-272x300.jpg 272w, https:\/\/alexandra-exter.net\/wp-content\/uploads\/sites\/2\/2019\/11\/1922-1-768x847.jpg 768w, https:\/\/alexandra-exter.net\/wp-content\/uploads\/sites\/2\/2019\/11\/1922-1-1392x1536.jpg 1392w, https:\/\/alexandra-exter.net\/wp-content\/uploads\/sites\/2\/2019\/11\/1922-1-544x600.jpg 544w, https:\/\/alexandra-exter.net\/wp-content\/uploads\/sites\/2\/2019\/11\/1922-1.jpg 1857w\" sizes=\"(max-width: 928px) 100vw, 928px\" \/><\/a><figcaption class=\"blocks-gallery-item__caption\">  Alexandra Exter,  Construction de couleur, 1922 coll. Mus\u00e9e des Beaux Arts du Dagestan, Mahachkala, R\u00e9p. du Daguestan, F\u00e9d\u00e9ration de Russie<\/figcaption><\/figure><\/li><li class=\"blocks-gallery-item\"><figure><a href=\"https:\/\/alexandra-exter.net\/wp-content\/uploads\/sites\/2\/2019\/11\/Construction-1923.jpg\" data-rel=\"lightbox-image-5\" data-rl_title=\"\" data-rl_caption=\"\" title=\"\"><img decoding=\"async\" width=\"1024\" height=\"1016\" src=\"https:\/\/alexandra-exter.net\/wp-content\/uploads\/sites\/2\/2019\/11\/Construction-1923-1024x1016.jpg\" alt=\"\" data-id=\"50880\" data-full-url=\"https:\/\/alexandra-exter.net\/wp-content\/uploads\/sites\/2\/2019\/11\/Construction-1923.jpg\" data-link=\"https:\/\/alexandra-exter.net\/construction-1923\/\" class=\"wp-image-50880\" srcset=\"https:\/\/alexandra-exter.net\/wp-content\/uploads\/sites\/2\/2019\/11\/Construction-1923-1024x1016.jpg 1024w, https:\/\/alexandra-exter.net\/wp-content\/uploads\/sites\/2\/2019\/11\/Construction-1923-300x298.jpg 300w, https:\/\/alexandra-exter.net\/wp-content\/uploads\/sites\/2\/2019\/11\/Construction-1923-150x150.jpg 150w, https:\/\/alexandra-exter.net\/wp-content\/uploads\/sites\/2\/2019\/11\/Construction-1923-768x762.jpg 768w, https:\/\/alexandra-exter.net\/wp-content\/uploads\/sites\/2\/2019\/11\/Construction-1923-1536x1523.jpg 1536w, https:\/\/alexandra-exter.net\/wp-content\/uploads\/sites\/2\/2019\/11\/Construction-1923-600x595.jpg 600w, https:\/\/alexandra-exter.net\/wp-content\/uploads\/sites\/2\/2019\/11\/Construction-1923.jpg 1696w\" sizes=\"(max-width: 1024px) 100vw, 1024px\" \/><\/a><figcaption class=\"blocks-gallery-item__caption\">  Alexandra Exter,  Construction, 1922-1923, Museum of Modern Art, New York<\/figcaption><\/figure><\/li><\/ul><figcaption class=\"blocks-gallery-caption\">  Ces \u0153uvres ont figur\u00e9 \u00e0 l\u2019exposition <em><strong>Rodchenko &amp; Popova&nbsp;: Defining Constructivism<\/strong><\/em>, 12 February \u2013 17 May 2009, Tate Modern, Londres<\/figcaption><\/figure>\n\n\n\n<div style=\"height:35px\" aria-hidden=\"true\" class=\"wp-block-spacer\"><\/div>\n\n\n\n<div class=\"wp-block-image\"><figure class=\"aligncenter size-large\"><img decoding=\"async\" width=\"150\" height=\"150\" src=\"https:\/\/alexandra-exter.net\/wp-content\/uploads\/sites\/2\/2019\/11\/1917.jpg\" alt=\"\" class=\"wp-image-50573\"\/><\/figure><\/div>\n\n\n\n<div style=\"height:65px\" aria-hidden=\"true\" class=\"wp-block-spacer\"><\/div>\n\n\n\n<h3 class=\"wp-block-heading\"><em>Note<\/em><\/h3>\n\n\n\n<p>On remarquera que pour la premi\u00e8re fois depuis plus de vingt ans l\u2019\u0153uvre du Moma est \u2013 finalement \u2013 correctement accroch\u00e9e.<\/p>\n\n\n\n<p>On constate n\u00e9anmoins qu\u2019aucune bibliographie n\u2019est indiqu\u00e9e pour Exter  qui figure dans le catalogue de fa\u00e7on quasi improvis\u00e9e, sans aucune  r\u00e9f\u00e9rence.<\/p>\n\n\n\n<p>On regrettera aussi que dans cette exposition s\u2019est gliss\u00e9e une des  \u00ab&nbsp;nouvelles&nbsp;\u00bb \u0153uvres (sans num\u00e9ro de catalogue, indiqu\u00e9e juste comme  \u00ab&nbsp;Study for Construction&nbsp;\u00bb, gouache et crayon sur papier), cf.  comparaisons (autres variantes) dans Chauvelin-Filatoff &nbsp;2003, ill. &nbsp;217  p. 229 (Galerie Hutton, New York). On pourra n\u00e9anmoins appr\u00e9cier dans  l\u2019exposition la pauvre qualit\u00e9 de cette imitation ainsi que la fausse  orientation de la composition (cette fois-ci \u2013 incorrectement \u2013  sign\u00e9e&nbsp;!), autant d\u2019indications d\u2019une attribution inacceptable. <\/p>","protected":false},"excerpt":{"rendered":"<p>Sept \u0153uvres d\u2019Alexandra Exter ont \u00e9t\u00e9 expos\u00e9es en Europe occidentale r\u00e9cemment&nbsp;: Quatre \u0153uvres cubo-futuristes Trois peintures abstraites Note On remarquera que pour la premi\u00e8re fois depuis plus de vingt ans l\u2019\u0153uvre du Moma est \u2013 finalement \u2013 correctement accroch\u00e9e. On constate n\u00e9anmoins qu\u2019aucune bibliographie n\u2019est indiqu\u00e9e pour Exter qui figure dans le catalogue de fa\u00e7on [&hellip;]<\/p>","protected":false},"author":1,"featured_media":51842,"parent":0,"menu_order":0,"comment_status":"closed","ping_status":"closed","template":"","meta":{"_relevanssi_hide_post":"","_relevanssi_hide_content":"","_relevanssi_pin_for_all":"","_relevanssi_pin_keywords":"","_relevanssi_unpin_keywords":"","_relevanssi_related_keywords":"","_relevanssi_related_include_ids":"","_relevanssi_related_exclude_ids":"","_relevanssi_related_no_append":"","_relevanssi_related_not_related":"","_relevanssi_related_posts":"","_relevanssi_noindex_reason":"","_genesis_hide_title":false,"_genesis_hide_breadcrumbs":false,"_genesis_hide_singular_image":false,"_genesis_hide_footer_widgets":false,"_genesis_custom_body_class":"","_genesis_custom_post_class":"","_genesis_layout":"","footnotes":""},"class_list":{"0":"post-52616","1":"page","2":"type-page","3":"status-publish","4":"has-post-thumbnail","6":"entry"},"yoast_head":"<!-- This site is optimized with the Yoast SEO Premium plugin v26.7 (Yoast SEO v27.3) - https:\/\/yoast.com\/product\/yoast-seo-premium-wordpress\/ -->\n<title>Expositions r\u00e9centes - Association Alexandra Exter<\/title>\n<meta name=\"robots\" content=\"index, follow, max-snippet:-1, max-image-preview:large, max-video-preview:-1\" \/>\n<link rel=\"canonical\" href=\"https:\/\/alexandra-exter.net\/en\/expositions-recentes\/\" \/>\n<meta property=\"og:locale\" content=\"en_US\" \/>\n<meta property=\"og:type\" content=\"article\" \/>\n<meta property=\"og:title\" content=\"Expositions r\u00e9centes\" \/>\n<meta property=\"og:description\" content=\"Sept \u0153uvres d\u2019Alexandra Exter ont \u00e9t\u00e9 expos\u00e9es en Europe occidentale r\u00e9cemment&nbsp;: Quatre \u0153uvres cubo-futuristes Trois peintures abstraites Note On remarquera que pour la premi\u00e8re fois depuis plus de vingt ans l\u2019\u0153uvre du Moma est \u2013 finalement \u2013 correctement accroch\u00e9e. On constate n\u00e9anmoins qu\u2019aucune bibliographie n\u2019est indiqu\u00e9e pour Exter qui figure dans le catalogue de fa\u00e7on [&hellip;]\" \/>\n<meta property=\"og:url\" content=\"https:\/\/alexandra-exter.net\/en\/expositions-recentes\/\" \/>\n<meta property=\"og:site_name\" content=\"Association Alexandra Exter\" \/>\n<meta property=\"article:modified_time\" content=\"2019-12-23T16:17:18+00:00\" \/>\n<meta property=\"og:image\" content=\"https:\/\/alexandra-exter.net\/wp-content\/uploads\/sites\/2\/2019\/11\/Exter-Decor-theatral-1921-22-top.jpg\" \/>\n\t<meta property=\"og:image:width\" content=\"3404\" \/>\n\t<meta property=\"og:image:height\" content=\"818\" \/>\n\t<meta property=\"og:image:type\" content=\"image\/jpeg\" \/>\n<meta name=\"twitter:card\" content=\"summary_large_image\" \/>\n<meta name=\"twitter:label1\" content=\"Est. reading time\" \/>\n\t<meta name=\"twitter:data1\" content=\"2 minutes\" \/>\n<script type=\"application\/ld+json\" class=\"yoast-schema-graph\">{\"@context\":\"https:\\\/\\\/schema.org\",\"@graph\":[{\"@type\":\"WebPage\",\"@id\":\"https:\\\/\\\/alexandra-exter.net\\\/en\\\/expositions-recentes\\\/\",\"url\":\"https:\\\/\\\/alexandra-exter.net\\\/en\\\/expositions-recentes\\\/\",\"name\":\"Expositions r\u00e9centes - Association Alexandra Exter\",\"isPartOf\":{\"@id\":\"https:\\\/\\\/alexandra-exter.net\\\/en\\\/#website\"},\"primaryImageOfPage\":{\"@id\":\"https:\\\/\\\/alexandra-exter.net\\\/en\\\/expositions-recentes\\\/#primaryimage\"},\"image\":{\"@id\":\"https:\\\/\\\/alexandra-exter.net\\\/en\\\/expositions-recentes\\\/#primaryimage\"},\"thumbnailUrl\":\"https:\\\/\\\/alexandra-exter.net\\\/wp-content\\\/uploads\\\/sites\\\/2\\\/2019\\\/11\\\/Exter-Decor-theatral-1921-22-top.jpg\",\"datePublished\":\"2019-11-20T11:40:48+00:00\",\"dateModified\":\"2019-12-23T16:17:18+00:00\",\"breadcrumb\":{\"@id\":\"https:\\\/\\\/alexandra-exter.net\\\/en\\\/expositions-recentes\\\/#breadcrumb\"},\"inLanguage\":\"en-US\",\"potentialAction\":[{\"@type\":\"ReadAction\",\"target\":[\"https:\\\/\\\/alexandra-exter.net\\\/en\\\/expositions-recentes\\\/\"]}]},{\"@type\":\"ImageObject\",\"inLanguage\":\"en-US\",\"@id\":\"https:\\\/\\\/alexandra-exter.net\\\/en\\\/expositions-recentes\\\/#primaryimage\",\"url\":\"https:\\\/\\\/alexandra-exter.net\\\/wp-content\\\/uploads\\\/sites\\\/2\\\/2019\\\/11\\\/Exter-Decor-theatral-1921-22-top.jpg\",\"contentUrl\":\"https:\\\/\\\/alexandra-exter.net\\\/wp-content\\\/uploads\\\/sites\\\/2\\\/2019\\\/11\\\/Exter-Decor-theatral-1921-22-top.jpg\",\"width\":3404,\"height\":818},{\"@type\":\"BreadcrumbList\",\"@id\":\"https:\\\/\\\/alexandra-exter.net\\\/en\\\/expositions-recentes\\\/#breadcrumb\",\"itemListElement\":[{\"@type\":\"ListItem\",\"position\":1,\"name\":\"Accueil\",\"item\":\"https:\\\/\\\/alexandra-exter.net\\\/en\\\/\"},{\"@type\":\"ListItem\",\"position\":2,\"name\":\"Expositions r\u00e9centes\"}]},{\"@type\":\"WebSite\",\"@id\":\"https:\\\/\\\/alexandra-exter.net\\\/en\\\/#website\",\"url\":\"https:\\\/\\\/alexandra-exter.net\\\/en\\\/\",\"name\":\"Association Alexandra Exter\",\"description\":\"\",\"potentialAction\":[{\"@type\":\"SearchAction\",\"target\":{\"@type\":\"EntryPoint\",\"urlTemplate\":\"https:\\\/\\\/alexandra-exter.net\\\/en\\\/?s={search_term_string}\"},\"query-input\":{\"@type\":\"PropertyValueSpecification\",\"valueRequired\":true,\"valueName\":\"search_term_string\"}}],\"inLanguage\":\"en-US\"}]}<\/script>\n<!-- \/ Yoast SEO Premium plugin. -->","yoast_head_json":{"title":"Expositions r\u00e9centes - Association Alexandra Exter","robots":{"index":"index","follow":"follow","max-snippet":"max-snippet:-1","max-image-preview":"max-image-preview:large","max-video-preview":"max-video-preview:-1"},"canonical":"https:\/\/alexandra-exter.net\/en\/expositions-recentes\/","og_locale":"en_US","og_type":"article","og_title":"Expositions r\u00e9centes","og_description":"Sept \u0153uvres d\u2019Alexandra Exter ont \u00e9t\u00e9 expos\u00e9es en Europe occidentale r\u00e9cemment&nbsp;: Quatre \u0153uvres cubo-futuristes Trois peintures abstraites Note On remarquera que pour la premi\u00e8re fois depuis plus de vingt ans l\u2019\u0153uvre du Moma est \u2013 finalement \u2013 correctement accroch\u00e9e. On constate n\u00e9anmoins qu\u2019aucune bibliographie n\u2019est indiqu\u00e9e pour Exter qui figure dans le catalogue de fa\u00e7on [&hellip;]","og_url":"https:\/\/alexandra-exter.net\/en\/expositions-recentes\/","og_site_name":"Association Alexandra Exter","article_modified_time":"2019-12-23T16:17:18+00:00","og_image":[{"width":3404,"height":818,"url":"https:\/\/alexandra-exter.net\/wp-content\/uploads\/sites\/2\/2019\/11\/Exter-Decor-theatral-1921-22-top.jpg","type":"image\/jpeg"}],"twitter_card":"summary_large_image","twitter_misc":{"Est. reading time":"2 minutes"},"schema":{"@context":"https:\/\/schema.org","@graph":[{"@type":"WebPage","@id":"https:\/\/alexandra-exter.net\/en\/expositions-recentes\/","url":"https:\/\/alexandra-exter.net\/en\/expositions-recentes\/","name":"Expositions r\u00e9centes - Association Alexandra Exter","isPartOf":{"@id":"https:\/\/alexandra-exter.net\/en\/#website"},"primaryImageOfPage":{"@id":"https:\/\/alexandra-exter.net\/en\/expositions-recentes\/#primaryimage"},"image":{"@id":"https:\/\/alexandra-exter.net\/en\/expositions-recentes\/#primaryimage"},"thumbnailUrl":"https:\/\/alexandra-exter.net\/wp-content\/uploads\/sites\/2\/2019\/11\/Exter-Decor-theatral-1921-22-top.jpg","datePublished":"2019-11-20T11:40:48+00:00","dateModified":"2019-12-23T16:17:18+00:00","breadcrumb":{"@id":"https:\/\/alexandra-exter.net\/en\/expositions-recentes\/#breadcrumb"},"inLanguage":"en-US","potentialAction":[{"@type":"ReadAction","target":["https:\/\/alexandra-exter.net\/en\/expositions-recentes\/"]}]},{"@type":"ImageObject","inLanguage":"en-US","@id":"https:\/\/alexandra-exter.net\/en\/expositions-recentes\/#primaryimage","url":"https:\/\/alexandra-exter.net\/wp-content\/uploads\/sites\/2\/2019\/11\/Exter-Decor-theatral-1921-22-top.jpg","contentUrl":"https:\/\/alexandra-exter.net\/wp-content\/uploads\/sites\/2\/2019\/11\/Exter-Decor-theatral-1921-22-top.jpg","width":3404,"height":818},{"@type":"BreadcrumbList","@id":"https:\/\/alexandra-exter.net\/en\/expositions-recentes\/#breadcrumb","itemListElement":[{"@type":"ListItem","position":1,"name":"Accueil","item":"https:\/\/alexandra-exter.net\/en\/"},{"@type":"ListItem","position":2,"name":"Expositions r\u00e9centes"}]},{"@type":"WebSite","@id":"https:\/\/alexandra-exter.net\/en\/#website","url":"https:\/\/alexandra-exter.net\/en\/","name":"Association Alexandra Exter","description":"","potentialAction":[{"@type":"SearchAction","target":{"@type":"EntryPoint","urlTemplate":"https:\/\/alexandra-exter.net\/en\/?s={search_term_string}"},"query-input":{"@type":"PropertyValueSpecification","valueRequired":true,"valueName":"search_term_string"}}],"inLanguage":"en-US"}]}},"_links":{"self":[{"href":"https:\/\/alexandra-exter.net\/en\/wp-json\/wp\/v2\/pages\/52616","targetHints":{"allow":["GET"]}}],"collection":[{"href":"https:\/\/alexandra-exter.net\/en\/wp-json\/wp\/v2\/pages"}],"about":[{"href":"https:\/\/alexandra-exter.net\/en\/wp-json\/wp\/v2\/types\/page"}],"author":[{"embeddable":true,"href":"https:\/\/alexandra-exter.net\/en\/wp-json\/wp\/v2\/users\/1"}],"replies":[{"embeddable":true,"href":"https:\/\/alexandra-exter.net\/en\/wp-json\/wp\/v2\/comments?post=52616"}],"version-history":[{"count":0,"href":"https:\/\/alexandra-exter.net\/en\/wp-json\/wp\/v2\/pages\/52616\/revisions"}],"wp:featuredmedia":[{"embeddable":true,"href":"https:\/\/alexandra-exter.net\/en\/wp-json\/wp\/v2\/media\/51842"}],"wp:attachment":[{"href":"https:\/\/alexandra-exter.net\/en\/wp-json\/wp\/v2\/media?parent=52616"}],"curies":[{"name":"wp","href":"https:\/\/api.w.org\/{rel}","templated":true}]}}