{"id":52624,"date":"2019-11-15T19:27:54","date_gmt":"2019-11-15T18:27:54","guid":{"rendered":"https:\/\/alexandra-exter.net\/association-alexandra-exter\/"},"modified":"2022-04-26T12:05:08","modified_gmt":"2022-04-26T11:05:08","slug":"association-alexandra-exter","status":"publish","type":"page","link":"https:\/\/alexandra-exter.net\/en\/association-alexandra-exter\/","title":{"rendered":"L\u2019Association \u00ab&nbsp;Alexandra Exter&nbsp;\u00bb"},"content":{"rendered":"\n<div class=\"wp-block-columns is-layout-flex wp-container-core-columns-is-layout-9d6595d7 wp-block-columns-is-layout-flex\">\n<div class=\"wp-block-column is-layout-flow wp-block-column-is-layout-flow\" style=\"flex-basis:66.66%\">\n<h2 class=\"wp-block-heading\"><span class=\"lettrine\">Une vie mouvement\u00e9e<\/span><\/h2>\n\n\n\n<p><span class=\"lettrine\">L<\/span>a vie et la carri\u00e8re artistique d\u2019Alexandra Exter (1882-1949) ont \u00e9t\u00e9 riches en rebondissements dramatiques. Apr\u00e8s des d\u00e9buts prometteurs \u00e0 Kiev, \u00e0 Moscou et \u00e0 Paris, o\u00f9 elle se situa d\u2019embl\u00e9e au c\u0153ur de l\u2019actualit\u00e9 moderniste, la jeune cubo-futuriste allait retourner en Russie en ao\u00fbt 1914. \u00e0 partir de 1915, sa cr\u00e9ation connut une vraie notori\u00e9t\u00e9&nbsp;: d\u00e9corateur th\u00e9\u00e2tral de talent et peintre abstrait d\u2019originalit\u00e9 authentique, en 1917 elle occupe le devant de la sc\u00e8ne moscovite aussi bien picturale que th\u00e9\u00e2trale. La r\u00e9volution et la guerre civile qu\u2019elle dut endurer \u00e0 Kiev et \u00e0 Odessa laisseront des traces ind\u00e9l\u00e9biles sur sa personne. Une importante partie de sa cr\u00e9ation picturale fut \u00e9galement d\u00e9truite. Ainsi, \u00e0 ce jour, sa cr\u00e9ation th\u00e9\u00e2trale, largement acclam\u00e9e en Europe Occidentale au cours des ann\u00e9es vingt, reste mieux connue que son \u0153uvre picturale, dont d\u2019importants jalons manquent \u00e0 jamais.<\/p>\n<\/div>\n\n\n\n<div class=\"wp-block-column is-layout-flow wp-block-column-is-layout-flow\" style=\"flex-basis:33.33%\">\n<div class=\"wp-block-image\"><figure class=\"aligncenter\"><a href=\"https:\/\/alexandra-exter.net\/wp-content\/uploads\/sites\/2\/2019\/11\/A.Exter-David-et-Vladimir-Bourliouk.jpg\" data-rel=\"lightbox-image-0\" data-rl_title=\"\" data-rl_caption=\"\" title=\"\"><img decoding=\"async\" width=\"207\" height=\"300\" src=\"https:\/\/alexandra-exter.net\/wp-content\/uploads\/sites\/2\/2019\/11\/A.Exter-David-et-Vladimir-Bourliouk-207x300.jpg\" alt=\"Alexandra Exter avec les fr\u00e8res Bourliouk, David et Vladimir\" class=\"wp-image-50560\" srcset=\"https:\/\/alexandra-exter.net\/wp-content\/uploads\/sites\/2\/2019\/11\/A.Exter-David-et-Vladimir-Bourliouk-207x300.jpg 207w, https:\/\/alexandra-exter.net\/wp-content\/uploads\/sites\/2\/2019\/11\/A.Exter-David-et-Vladimir-Bourliouk-706x1024.jpg 706w, https:\/\/alexandra-exter.net\/wp-content\/uploads\/sites\/2\/2019\/11\/A.Exter-David-et-Vladimir-Bourliouk.jpg 716w\" sizes=\"(max-width: 207px) 100vw, 207px\" \/><\/a><figcaption>Alexandra Exter avec les fr\u00e8res Bourliouk, David (en haut-de-forme) et Vladimir<\/figcaption><\/figure><\/div>\n<\/div>\n<\/div>\n\n\n\n<p>En 1924, l\u2019artiste r\u00e9ussi \u00e0 \u00e9migrer en France, pays o\u00f9 elle avait d\u00e9j\u00e0 r\u00e9guli\u00e8rement s\u00e9journ\u00e9 avant ao\u00fbt 1914. La d\u00e9saffectation de l\u2019int\u00e9r\u00eat pour l\u2019art abstrait qui s\u2019accentuait \u00e0 Paris au cours des ann\u00e9es vingt de m\u00eame qu\u2019un \u00e9tat de sant\u00e9 d\u00e9ficient allaient assombrir la fin de la vie de l\u2019artiste. \u00e0 la fin des ann\u00e9es trente, elle accomplit encore une \u0153uvre originale de d\u00e9cor bibliophilique, \u0153uvre qui reste \u00e0 d\u00e9couvrir. Faisant face \u00e0 une v\u00e9ritable d\u00e9ch\u00e9ance mat\u00e9rielle, \u00e0 la fin de sa vie Exter allait n\u00e9anmoins prendre soin de son \u0153uvre&nbsp;: ayant restaur\u00e9 ses peintures, elle l\u00e9gua, en d\u00e9cembre 1948, ses archives, le contenu de son atelier ainsi que l\u2019exercice du droit moral au peintre Simon Lissim, expatri\u00e9 russe comme elle et devenu \u00e0 ce moment citoyen des \u00e9tats-Unis. Gr\u00e2ce \u00e0 l\u2019infatigable \u00e9nergie de cet ami d\u00e9vou\u00e9, au cours des ann\u00e9es cinquante et soixante, l\u2019\u0153uvre d\u2019Exter retrouva peu \u00e0 peu le chemin des collections mus\u00e9ales nord-am\u00e9ricaines et anglaises auxquelles son h\u00e9ritier fit don de nombreuses \u0153uvres, ce en ayant parfois recours \u00e0 des stratag\u00e8mes subtils.<\/p>\n\n\n\n<h2 class=\"wp-block-heading\">La premi\u00e8re exposition posthume<\/h2>\n\n\n\n<p>Ayant d\u00e9couvert en 1970 la collection de Simon Lissim, j\u2019organisais en 1972 \u00e0 Paris la premi\u00e8re exposition posthume de l\u2019artiste. Je publiais \u00e0 l\u2019occasion une monographie, livre qui se voulait hommage et suite de la monographie berlinoise (1922) du critique russe Jacov Tugenhold, ami et premier hagiographe de l\u2019artiste. En 1974, une exposition th\u00e9\u00e2trale d\u00e9di\u00e9e \u00e0 Alexandra Exter eut lieu au Lincoln Center de New York. L\u2019audience de son \u0153uvre s\u2019\u00e9largissait finalement au grand public.<\/p>\n\n\n\n<div class=\"wp-block-image size-full wp-image-50563\"><figure class=\"aligncenter\"><a href=\"https:\/\/alexandra-exter.net\/wp-content\/uploads\/sites\/2\/2019\/11\/Lissim.jpg\" data-rel=\"lightbox-image-1\" data-rl_title=\"\" data-rl_caption=\"\" title=\"\"><img decoding=\"async\" width=\"676\" height=\"507\" src=\"https:\/\/alexandra-exter.net\/wp-content\/uploads\/sites\/2\/2019\/11\/Lissim.jpg\" alt=\"Simon Lissim\" class=\"wp-image-50563\" srcset=\"https:\/\/alexandra-exter.net\/wp-content\/uploads\/sites\/2\/2019\/11\/Lissim.jpg 676w, https:\/\/alexandra-exter.net\/wp-content\/uploads\/sites\/2\/2019\/11\/Lissim-300x225.jpg 300w\" sizes=\"(max-width: 676px) 100vw, 676px\" \/><\/a><figcaption>Simon Lissim, photographie du milieu des ann\u00e9es soixante-dix<\/figcaption><\/figure><\/div>\n\n\n\n<p>Bannie par la censure id\u00e9ologique, la cr\u00e9ation d\u2019Alexandra Exter restait pourtant ignor\u00e9e en Russie. La chute du r\u00e9gime sovi\u00e9tique permit \u00e0 l\u2019\u0153uvre du peintre de r\u00e9int\u00e9grer peu \u00e0 peu la m\u00e9moire culturelle de son propre pays&nbsp;: \u00e0 l\u2019automne 1987, la premi\u00e8re exposition personnelle russe d\u2019Exter eut lieu au mus\u00e9e th\u00e9\u00e2tral de Moscou. Je fus heureux d\u2019aider le jeune organisateur de l\u2019exposition pour r\u00e9unir une documentation biographique et iconographique qui fut publi\u00e9e tant bien que mal \u00e0 Moscou en 1993 sous la forme d\u2019un album monographique.<\/p>\n\n\n\n<h2 class=\"wp-block-heading\">Le legs du droit moral<\/h2>\n\n\n\n<p>Tout au long des derni\u00e8res ann\u00e9es de sa vie, Simon Lissim (1900-1981) encouragea les recherches d\u00e9di\u00e9es \u00e0 Exter et les miennes en particulier. Peu avant sa mort il me l\u00e9gua les archives de l\u2019artiste. Pour me permettre d\u2019assurer la d\u00e9fense de son \u0153uvre et mon r\u00f4le de gardien de l\u2019int\u00e9grit\u00e9 et de l\u2019authenticit\u00e9 de son \u0153uvre, il me confia la palette de l\u2019artiste. Afin que je puisse travailler \u00e0 un catalogue raisonn\u00e9 de ses \u0153uvres, Simon Lissim m\u2019a \u00e9galement c\u00e9d\u00e9 l\u2019ensemble des archives d\u2019Exter qu\u2019il avait re\u00e7ues de l\u2019artiste, de m\u00eame que ses propres archives li\u00e9es \u00e0 l\u2019\u0153uvre d\u2019Exter. Il me donnait ainsi toutes ses recherches et ce que l\u2019artiste lui avait l\u00e9gu\u00e9 pour me mettre en mesure d\u2019accomplir la rude t\u00e2che de veiller sur cette \u0153uvre.<\/p>\n\n\n\n<div class=\"wp-block-columns is-layout-flex wp-container-core-columns-is-layout-9d6595d7 wp-block-columns-is-layout-flex\">\n<div class=\"wp-block-column is-layout-flow wp-block-column-is-layout-flow\" style=\"flex-basis:66.66%\">\n<h2 class=\"wp-block-heading\">La cr\u00e9ation de l&#8217;association<\/h2>\n\n\n\n<p>Soucieux de la sauvegarde de la m\u00e9moire de l\u2019artiste de m\u00eame que de l\u2019authenticit\u00e9 de son message artistique, j\u2019ai sollicit\u00e9 r\u00e9cemment l\u2019attention de personnes comp\u00e9tentes, conscientes de la valeur de la cr\u00e9ation d\u2019Alexandra Exter et de la n\u00e9cessit\u00e9 de sa sauvegarde. Accomplissant l\u2019ancien v\u0153u de Simon Lissim, une association \u00ab&nbsp;Alexandra Exter&nbsp;\u00bb fut cr\u00e9e \u00e0 Paris au d\u00e9but du mois de septembre 2000. Son but est de faire conna\u00eetre l\u2019\u0153uvre de l\u2019artiste et de d\u00e9fendre l\u2019int\u00e9grit\u00e9 de son message artistique.<\/p>\n\n\n\n<p>L\u2019association se propose de faciliter les contacts de chercheurs comp\u00e9tents, de m\u00eame que de stimuler les entreprises de qualit\u00e9 de tout ordre dont le but est la mise en valeur de l\u2019\u0153uvre d\u2019Alexandra Exter. Elle a aussi pour devoir de mener \u00e0 bien le r\u00e9pertoire des \u0153uvres d\u00e9j\u00e0 \u00e9bauch\u00e9 par Simon Lissim. La convergence d\u2019informations valables dont l\u2019association se propose de devenir le d\u00e9positaire et le pivot de diffusion ne pourra que b\u00e9n\u00e9ficier \u00e0 la connaissance et au rayonnement de l\u2019\u0153uvre.<\/p>\n<\/div>\n\n\n\n<div class=\"wp-block-column is-layout-flow wp-block-column-is-layout-flow\" style=\"flex-basis:33.33%\">\n<div class=\"wp-block-image\"><figure class=\"aligncenter\"><a href=\"https:\/\/alexandra-exter.net\/wp-content\/uploads\/sites\/2\/2019\/11\/Exter-10.jpg\" data-rel=\"lightbox-image-2\" data-rl_title=\"\" data-rl_caption=\"\" title=\"\"><img decoding=\"async\" width=\"208\" height=\"300\" src=\"https:\/\/alexandra-exter.net\/wp-content\/uploads\/sites\/2\/2019\/11\/Exter-10-208x300.jpg\" alt=\"Monument fun\u00e9raire de Georges Nekrassoff-Exter et d'Alexandra Exter\" class=\"wp-image-50569\" srcset=\"https:\/\/alexandra-exter.net\/wp-content\/uploads\/sites\/2\/2019\/11\/Exter-10-208x300.jpg 208w, https:\/\/alexandra-exter.net\/wp-content\/uploads\/sites\/2\/2019\/11\/Exter-10.jpg 709w\" sizes=\"(max-width: 208px) 100vw, 208px\" \/><\/a><figcaption>Monument fun\u00e9raire de Georges Nekrassoff-Exter et d&#8217;Alexandra Exter, \u00e9rig\u00e9 au cimeti\u00e8re de Fontenay-aux-Roses, d&#8217;apr\u00e8s un projet d&#8217;Exter<\/figcaption><\/figure><\/div>\n<\/div>\n<\/div>\n\n\n\n<p>De par ses ramifications internationales, la cr\u00e9ation d\u2019Alexandra Exter appelle des contacts de nature mondiale. D\u00e8s ses d\u00e9buts artistiques, cette artiste appartenait \u00e0 une mouvance moderniste qui n\u2019\u00e9tait limit\u00e9e par aucune fronti\u00e8re nationale&nbsp;: avant 1914 ses s\u00e9jours parisiens et ses amiti\u00e9s italiennes et allemandes allaient se d\u00e9multiplier&nbsp;; install\u00e9e durablement \u00e0 Paris en 1924 elle enseigna dans cette ville, r\u00e9alisa des d\u00e9cors en Allemagne, en Angleterre et en Italie, exposa \u00e0 Paris, Berlin, Prague, Vienne et Venise, eut des \u00e9l\u00e8ves russes, fran\u00e7ais, am\u00e9ricains, tch\u00e8ques ou cubains. Non moins vari\u00e9 est aujourd\u2019hui l\u2019\u00e9ventail des lieux et des personnes que cette \u0153uvre int\u00e9resse. Aider tous \u00e0 mieux conna\u00eetre la cr\u00e9ation d\u2019Alexandra Exter, tel est le but de l\u2019association.<\/p>\n\n\n\n<p>Andr\u00e9i Nakov,<em> pr\u00e9sident de l&#8217;Association Alexandra Exter<br><\/em>Si\u00e8ge de l\u2019association&nbsp;: 1, villa Seurat, 75014 Paris, France<\/p>","protected":false},"excerpt":{"rendered":"<p>Une vie mouvement\u00e9e La vie et la carri\u00e8re artistique d\u2019Alexandra Exter (1882-1949) ont \u00e9t\u00e9 riches en rebondissements dramatiques. Apr\u00e8s des d\u00e9buts prometteurs \u00e0 Kiev, \u00e0 Moscou et \u00e0 Paris, o\u00f9 elle se situa d\u2019embl\u00e9e au c\u0153ur de l\u2019actualit\u00e9 moderniste, la jeune cubo-futuriste allait retourner en Russie en ao\u00fbt 1914. \u00e0 partir de 1915, sa cr\u00e9ation [&hellip;]<\/p>","protected":false},"author":1,"featured_media":52268,"parent":0,"menu_order":0,"comment_status":"closed","ping_status":"closed","template":"","meta":{"_relevanssi_hide_post":"","_relevanssi_hide_content":"","_relevanssi_pin_for_all":"","_relevanssi_pin_keywords":"","_relevanssi_unpin_keywords":"","_relevanssi_related_keywords":"","_relevanssi_related_include_ids":"","_relevanssi_related_exclude_ids":"","_relevanssi_related_no_append":"","_relevanssi_related_not_related":"","_relevanssi_related_posts":"","_relevanssi_noindex_reason":"","_genesis_hide_title":false,"_genesis_hide_breadcrumbs":false,"_genesis_hide_singular_image":false,"_genesis_hide_footer_widgets":false,"_genesis_custom_body_class":"","_genesis_custom_post_class":"","_genesis_layout":"","footnotes":""},"class_list":{"0":"post-52624","1":"page","2":"type-page","3":"status-publish","4":"has-post-thumbnail","6":"entry"},"yoast_head":"<!-- This site is optimized with the Yoast SEO Premium plugin v27.4 (Yoast SEO v27.4) - https:\/\/yoast.com\/product\/yoast-seo-premium-wordpress\/ -->\n<title>L\u2019Association \u00ab Alexandra Exter \u00bb - Association Alexandra Exter<\/title>\n<meta name=\"description\" content=\"L\u2019association se propose de faire conna\u00eetre l\u2019\u0153uvre de l\u2019artiste, d\u00e9fendre l\u2019int\u00e9grit\u00e9 de son message artistique et faciliter les contacts de chercheurs comp\u00e9tents.\" \/>\n<meta name=\"robots\" content=\"index, follow, max-snippet:-1, max-image-preview:large, max-video-preview:-1\" \/>\n<link rel=\"canonical\" href=\"https:\/\/alexandra-exter.net\/en\/association-alexandra-exter\/\" \/>\n<meta property=\"og:locale\" content=\"en_US\" \/>\n<meta property=\"og:type\" content=\"article\" \/>\n<meta property=\"og:title\" content=\"L\u2019Association \u00ab Alexandra Exter \u00bb\" \/>\n<meta property=\"og:description\" content=\"L\u2019association se propose de faire conna\u00eetre l\u2019\u0153uvre de l\u2019artiste, d\u00e9fendre l\u2019int\u00e9grit\u00e9 de son message artistique et faciliter les contacts de chercheurs comp\u00e9tents.\" \/>\n<meta property=\"og:url\" content=\"https:\/\/alexandra-exter.net\/en\/association-alexandra-exter\/\" \/>\n<meta property=\"og:site_name\" content=\"Association Alexandra Exter\" \/>\n<meta property=\"article:modified_time\" content=\"2022-04-26T11:05:08+00:00\" \/>\n<meta property=\"og:image\" content=\"https:\/\/alexandra-exter.net\/wp-content\/uploads\/sites\/2\/2019\/11\/A.Exter-David-et-Vladimir-Bourliouk.jpg\" \/>\n\t<meta property=\"og:image:width\" content=\"716\" \/>\n\t<meta property=\"og:image:height\" content=\"1038\" \/>\n\t<meta property=\"og:image:type\" content=\"image\/jpeg\" \/>\n<meta name=\"twitter:card\" content=\"summary_large_image\" \/>\n<meta name=\"twitter:title\" content=\"L\u2019Association \u00ab Alexandra Exter \u00bb\" \/>\n<meta name=\"twitter:description\" content=\"L\u2019association se propose de faire conna\u00eetre l\u2019\u0153uvre de l\u2019artiste et de d\u00e9fendre l\u2019int\u00e9grit\u00e9 de son message artistique.\" \/>\n<meta name=\"twitter:label1\" content=\"Est. reading time\" \/>\n\t<meta name=\"twitter:data1\" content=\"5 minutes\" \/>\n<script type=\"application\/ld+json\" class=\"yoast-schema-graph\">{\"@context\":\"https:\\\/\\\/schema.org\",\"@graph\":[{\"@type\":\"WebPage\",\"@id\":\"https:\\\/\\\/alexandra-exter.net\\\/en\\\/association-alexandra-exter\\\/\",\"url\":\"https:\\\/\\\/alexandra-exter.net\\\/en\\\/association-alexandra-exter\\\/\",\"name\":\"L\u2019Association \u00ab Alexandra Exter \u00bb - Association Alexandra Exter\",\"isPartOf\":{\"@id\":\"https:\\\/\\\/alexandra-exter.net\\\/en\\\/#website\"},\"primaryImageOfPage\":{\"@id\":\"https:\\\/\\\/alexandra-exter.net\\\/en\\\/association-alexandra-exter\\\/#primaryimage\"},\"image\":{\"@id\":\"https:\\\/\\\/alexandra-exter.net\\\/en\\\/association-alexandra-exter\\\/#primaryimage\"},\"thumbnailUrl\":\"https:\\\/\\\/alexandra-exter.net\\\/wp-content\\\/uploads\\\/sites\\\/2\\\/2019\\\/11\\\/Exter-Paravent.jpg\",\"datePublished\":\"2019-11-15T18:27:54+00:00\",\"dateModified\":\"2022-04-26T11:05:08+00:00\",\"description\":\"L\u2019association se propose de faire conna\u00eetre l\u2019\u0153uvre de l\u2019artiste, d\u00e9fendre l\u2019int\u00e9grit\u00e9 de son message artistique et faciliter les contacts de chercheurs comp\u00e9tents.\",\"breadcrumb\":{\"@id\":\"https:\\\/\\\/alexandra-exter.net\\\/en\\\/association-alexandra-exter\\\/#breadcrumb\"},\"inLanguage\":\"en-US\",\"potentialAction\":[{\"@type\":\"ReadAction\",\"target\":[\"https:\\\/\\\/alexandra-exter.net\\\/en\\\/association-alexandra-exter\\\/\"]}]},{\"@type\":\"ImageObject\",\"inLanguage\":\"en-US\",\"@id\":\"https:\\\/\\\/alexandra-exter.net\\\/en\\\/association-alexandra-exter\\\/#primaryimage\",\"url\":\"https:\\\/\\\/alexandra-exter.net\\\/wp-content\\\/uploads\\\/sites\\\/2\\\/2019\\\/11\\\/Exter-Paravent.jpg\",\"contentUrl\":\"https:\\\/\\\/alexandra-exter.net\\\/wp-content\\\/uploads\\\/sites\\\/2\\\/2019\\\/11\\\/Exter-Paravent.jpg\",\"width\":2222,\"height\":534},{\"@type\":\"BreadcrumbList\",\"@id\":\"https:\\\/\\\/alexandra-exter.net\\\/en\\\/association-alexandra-exter\\\/#breadcrumb\",\"itemListElement\":[{\"@type\":\"ListItem\",\"position\":1,\"name\":\"Accueil\",\"item\":\"https:\\\/\\\/alexandra-exter.net\\\/en\\\/\"},{\"@type\":\"ListItem\",\"position\":2,\"name\":\"L\u2019Association \u00ab&nbsp;Alexandra Exter&nbsp;\u00bb\"}]},{\"@type\":\"WebSite\",\"@id\":\"https:\\\/\\\/alexandra-exter.net\\\/en\\\/#website\",\"url\":\"https:\\\/\\\/alexandra-exter.net\\\/en\\\/\",\"name\":\"Association Alexandra Exter\",\"description\":\"\",\"potentialAction\":[{\"@type\":\"SearchAction\",\"target\":{\"@type\":\"EntryPoint\",\"urlTemplate\":\"https:\\\/\\\/alexandra-exter.net\\\/en\\\/?s={search_term_string}\"},\"query-input\":{\"@type\":\"PropertyValueSpecification\",\"valueRequired\":true,\"valueName\":\"search_term_string\"}}],\"inLanguage\":\"en-US\"}]}<\/script>\n<!-- \/ Yoast SEO Premium plugin. -->","yoast_head_json":{"title":"L\u2019Association \u00ab Alexandra Exter \u00bb - Association Alexandra Exter","description":"L\u2019association se propose de faire conna\u00eetre l\u2019\u0153uvre de l\u2019artiste, d\u00e9fendre l\u2019int\u00e9grit\u00e9 de son message artistique et faciliter les contacts de chercheurs comp\u00e9tents.","robots":{"index":"index","follow":"follow","max-snippet":"max-snippet:-1","max-image-preview":"max-image-preview:large","max-video-preview":"max-video-preview:-1"},"canonical":"https:\/\/alexandra-exter.net\/en\/association-alexandra-exter\/","og_locale":"en_US","og_type":"article","og_title":"L\u2019Association \u00ab Alexandra Exter \u00bb","og_description":"L\u2019association se propose de faire conna\u00eetre l\u2019\u0153uvre de l\u2019artiste, d\u00e9fendre l\u2019int\u00e9grit\u00e9 de son message artistique et faciliter les contacts de chercheurs comp\u00e9tents.","og_url":"https:\/\/alexandra-exter.net\/en\/association-alexandra-exter\/","og_site_name":"Association Alexandra Exter","article_modified_time":"2022-04-26T11:05:08+00:00","og_image":[{"width":716,"height":1038,"url":"https:\/\/alexandra-exter.net\/wp-content\/uploads\/sites\/2\/2019\/11\/A.Exter-David-et-Vladimir-Bourliouk.jpg","type":"image\/jpeg"}],"twitter_card":"summary_large_image","twitter_title":"L\u2019Association \u00ab Alexandra Exter \u00bb","twitter_description":"L\u2019association se propose de faire conna\u00eetre l\u2019\u0153uvre de l\u2019artiste et de d\u00e9fendre l\u2019int\u00e9grit\u00e9 de son message artistique.","twitter_misc":{"Est. reading time":"5 minutes"},"schema":{"@context":"https:\/\/schema.org","@graph":[{"@type":"WebPage","@id":"https:\/\/alexandra-exter.net\/en\/association-alexandra-exter\/","url":"https:\/\/alexandra-exter.net\/en\/association-alexandra-exter\/","name":"L\u2019Association \u00ab Alexandra Exter \u00bb - Association Alexandra Exter","isPartOf":{"@id":"https:\/\/alexandra-exter.net\/en\/#website"},"primaryImageOfPage":{"@id":"https:\/\/alexandra-exter.net\/en\/association-alexandra-exter\/#primaryimage"},"image":{"@id":"https:\/\/alexandra-exter.net\/en\/association-alexandra-exter\/#primaryimage"},"thumbnailUrl":"https:\/\/alexandra-exter.net\/wp-content\/uploads\/sites\/2\/2019\/11\/Exter-Paravent.jpg","datePublished":"2019-11-15T18:27:54+00:00","dateModified":"2022-04-26T11:05:08+00:00","description":"L\u2019association se propose de faire conna\u00eetre l\u2019\u0153uvre de l\u2019artiste, d\u00e9fendre l\u2019int\u00e9grit\u00e9 de son message artistique et faciliter les contacts de chercheurs comp\u00e9tents.","breadcrumb":{"@id":"https:\/\/alexandra-exter.net\/en\/association-alexandra-exter\/#breadcrumb"},"inLanguage":"en-US","potentialAction":[{"@type":"ReadAction","target":["https:\/\/alexandra-exter.net\/en\/association-alexandra-exter\/"]}]},{"@type":"ImageObject","inLanguage":"en-US","@id":"https:\/\/alexandra-exter.net\/en\/association-alexandra-exter\/#primaryimage","url":"https:\/\/alexandra-exter.net\/wp-content\/uploads\/sites\/2\/2019\/11\/Exter-Paravent.jpg","contentUrl":"https:\/\/alexandra-exter.net\/wp-content\/uploads\/sites\/2\/2019\/11\/Exter-Paravent.jpg","width":2222,"height":534},{"@type":"BreadcrumbList","@id":"https:\/\/alexandra-exter.net\/en\/association-alexandra-exter\/#breadcrumb","itemListElement":[{"@type":"ListItem","position":1,"name":"Accueil","item":"https:\/\/alexandra-exter.net\/en\/"},{"@type":"ListItem","position":2,"name":"L\u2019Association \u00ab&nbsp;Alexandra Exter&nbsp;\u00bb"}]},{"@type":"WebSite","@id":"https:\/\/alexandra-exter.net\/en\/#website","url":"https:\/\/alexandra-exter.net\/en\/","name":"Association Alexandra Exter","description":"","potentialAction":[{"@type":"SearchAction","target":{"@type":"EntryPoint","urlTemplate":"https:\/\/alexandra-exter.net\/en\/?s={search_term_string}"},"query-input":{"@type":"PropertyValueSpecification","valueRequired":true,"valueName":"search_term_string"}}],"inLanguage":"en-US"}]}},"_links":{"self":[{"href":"https:\/\/alexandra-exter.net\/en\/wp-json\/wp\/v2\/pages\/52624","targetHints":{"allow":["GET"]}}],"collection":[{"href":"https:\/\/alexandra-exter.net\/en\/wp-json\/wp\/v2\/pages"}],"about":[{"href":"https:\/\/alexandra-exter.net\/en\/wp-json\/wp\/v2\/types\/page"}],"author":[{"embeddable":true,"href":"https:\/\/alexandra-exter.net\/en\/wp-json\/wp\/v2\/users\/1"}],"replies":[{"embeddable":true,"href":"https:\/\/alexandra-exter.net\/en\/wp-json\/wp\/v2\/comments?post=52624"}],"version-history":[{"count":0,"href":"https:\/\/alexandra-exter.net\/en\/wp-json\/wp\/v2\/pages\/52624\/revisions"}],"wp:featuredmedia":[{"embeddable":true,"href":"https:\/\/alexandra-exter.net\/en\/wp-json\/wp\/v2\/media\/52268"}],"wp:attachment":[{"href":"https:\/\/alexandra-exter.net\/en\/wp-json\/wp\/v2\/media?parent=52624"}],"curies":[{"name":"wp","href":"https:\/\/api.w.org\/{rel}","templated":true}]}}