{"id":52625,"date":"2019-11-15T20:22:34","date_gmt":"2019-11-15T19:22:34","guid":{"rendered":"https:\/\/alexandra-exter.net\/association-alexandra-exter\/inscription\/"},"modified":"2019-12-23T17:18:52","modified_gmt":"2019-12-23T16:18:52","slug":"inscription","status":"publish","type":"page","link":"https:\/\/alexandra-exter.net\/en\/association-alexandra-exter\/inscription\/","title":{"rendered":"Inscription"},"content":{"rendered":"\n<p>T\u00e9l\u00e9charger la demande d&#8217;<a href=\"https:\/\/alexandra-exter.net\/wp-content\/uploads\/sites\/2\/2019\/11\/Adhesion-association-AE.pdf\" class=\"mtli_attachment mtli_pdf\">adh\u00e9sion<\/a><\/p>","protected":false},"excerpt":{"rendered":"<p>T\u00e9l\u00e9charger la demande d&#8217;adh\u00e9sion<\/p>","protected":false},"author":1,"featured_media":52268,"parent":52624,"menu_order":0,"comment_status":"closed","ping_status":"closed","template":"","meta":{"_relevanssi_hide_post":"","_relevanssi_hide_content":"","_relevanssi_pin_for_all":"","_relevanssi_pin_keywords":"","_relevanssi_unpin_keywords":"","_relevanssi_related_keywords":"","_relevanssi_related_include_ids":"","_relevanssi_related_exclude_ids":"","_relevanssi_related_no_append":"","_relevanssi_related_not_related":"","_relevanssi_related_posts":"","_relevanssi_noindex_reason":"","_genesis_hide_title":false,"_genesis_hide_breadcrumbs":false,"_genesis_hide_singular_image":false,"_genesis_hide_footer_widgets":false,"_genesis_custom_body_class":"","_genesis_custom_post_class":"","_genesis_layout":"","footnotes":""},"class_list":{"0":"post-52625","1":"page","2":"type-page","3":"status-publish","4":"has-post-thumbnail","6":"entry"},"yoast_head":"<!-- This site is optimized with the Yoast SEO Premium plugin v27.4 (Yoast SEO v27.4) - https:\/\/yoast.com\/product\/yoast-seo-premium-wordpress\/ -->\n<title>Inscription - Association Alexandra Exter<\/title>\n<meta name=\"robots\" content=\"index, follow, max-snippet:-1, max-image-preview:large, max-video-preview:-1\" \/>\n<link rel=\"canonical\" href=\"https:\/\/alexandra-exter.net\/en\/association-alexandra-exter\/inscription\/\" \/>\n<meta property=\"og:locale\" content=\"en_US\" \/>\n<meta property=\"og:type\" content=\"article\" \/>\n<meta property=\"og:title\" content=\"Inscription\" \/>\n<meta property=\"og:description\" content=\"T\u00e9l\u00e9charger la demande d&#8217;adh\u00e9sion\" \/>\n<meta property=\"og:url\" content=\"https:\/\/alexandra-exter.net\/en\/association-alexandra-exter\/inscription\/\" \/>\n<meta property=\"og:site_name\" content=\"Association Alexandra Exter\" \/>\n<meta property=\"article:modified_time\" content=\"2019-12-23T16:18:52+00:00\" \/>\n<meta property=\"og:image\" content=\"https:\/\/alexandra-exter.net\/wp-content\/uploads\/sites\/2\/2019\/11\/Exter-Paravent.jpg\" \/>\n\t<meta property=\"og:image:width\" content=\"2222\" \/>\n\t<meta property=\"og:image:height\" content=\"534\" \/>\n\t<meta property=\"og:image:type\" content=\"image\/jpeg\" \/>\n<meta name=\"twitter:card\" content=\"summary_large_image\" \/>\n<script type=\"application\/ld+json\" class=\"yoast-schema-graph\">{\"@context\":\"https:\\\/\\\/schema.org\",\"@graph\":[{\"@type\":\"WebPage\",\"@id\":\"https:\\\/\\\/alexandra-exter.net\\\/en\\\/association-alexandra-exter\\\/inscription\\\/\",\"url\":\"https:\\\/\\\/alexandra-exter.net\\\/en\\\/association-alexandra-exter\\\/inscription\\\/\",\"name\":\"Inscription - Association Alexandra Exter\",\"isPartOf\":{\"@id\":\"https:\\\/\\\/alexandra-exter.net\\\/en\\\/#website\"},\"primaryImageOfPage\":{\"@id\":\"https:\\\/\\\/alexandra-exter.net\\\/en\\\/association-alexandra-exter\\\/inscription\\\/#primaryimage\"},\"image\":{\"@id\":\"https:\\\/\\\/alexandra-exter.net\\\/en\\\/association-alexandra-exter\\\/inscription\\\/#primaryimage\"},\"thumbnailUrl\":\"https:\\\/\\\/alexandra-exter.net\\\/wp-content\\\/uploads\\\/sites\\\/2\\\/2019\\\/11\\\/Exter-Paravent.jpg\",\"datePublished\":\"2019-11-15T19:22:34+00:00\",\"dateModified\":\"2019-12-23T16:18:52+00:00\",\"breadcrumb\":{\"@id\":\"https:\\\/\\\/alexandra-exter.net\\\/en\\\/association-alexandra-exter\\\/inscription\\\/#breadcrumb\"},\"inLanguage\":\"en-US\",\"potentialAction\":[{\"@type\":\"ReadAction\",\"target\":[\"https:\\\/\\\/alexandra-exter.net\\\/en\\\/association-alexandra-exter\\\/inscription\\\/\"]}]},{\"@type\":\"ImageObject\",\"inLanguage\":\"en-US\",\"@id\":\"https:\\\/\\\/alexandra-exter.net\\\/en\\\/association-alexandra-exter\\\/inscription\\\/#primaryimage\",\"url\":\"https:\\\/\\\/alexandra-exter.net\\\/wp-content\\\/uploads\\\/sites\\\/2\\\/2019\\\/11\\\/Exter-Paravent.jpg\",\"contentUrl\":\"https:\\\/\\\/alexandra-exter.net\\\/wp-content\\\/uploads\\\/sites\\\/2\\\/2019\\\/11\\\/Exter-Paravent.jpg\",\"width\":2222,\"height\":534},{\"@type\":\"BreadcrumbList\",\"@id\":\"https:\\\/\\\/alexandra-exter.net\\\/en\\\/association-alexandra-exter\\\/inscription\\\/#breadcrumb\",\"itemListElement\":[{\"@type\":\"ListItem\",\"position\":1,\"name\":\"Accueil\",\"item\":\"https:\\\/\\\/alexandra-exter.net\\\/en\\\/\"},{\"@type\":\"ListItem\",\"position\":2,\"name\":\"L\u2019Association \u00ab&nbsp;Alexandra Exter&nbsp;\u00bb\",\"item\":\"https:\\\/\\\/alexandra-exter.net\\\/en\\\/association-alexandra-exter\\\/\"},{\"@type\":\"ListItem\",\"position\":3,\"name\":\"Inscription\"}]},{\"@type\":\"WebSite\",\"@id\":\"https:\\\/\\\/alexandra-exter.net\\\/en\\\/#website\",\"url\":\"https:\\\/\\\/alexandra-exter.net\\\/en\\\/\",\"name\":\"Association Alexandra Exter\",\"description\":\"\",\"potentialAction\":[{\"@type\":\"SearchAction\",\"target\":{\"@type\":\"EntryPoint\",\"urlTemplate\":\"https:\\\/\\\/alexandra-exter.net\\\/en\\\/?s={search_term_string}\"},\"query-input\":{\"@type\":\"PropertyValueSpecification\",\"valueRequired\":true,\"valueName\":\"search_term_string\"}}],\"inLanguage\":\"en-US\"}]}<\/script>\n<!-- \/ Yoast SEO Premium plugin. -->","yoast_head_json":{"title":"Inscription - Association Alexandra Exter","robots":{"index":"index","follow":"follow","max-snippet":"max-snippet:-1","max-image-preview":"max-image-preview:large","max-video-preview":"max-video-preview:-1"},"canonical":"https:\/\/alexandra-exter.net\/en\/association-alexandra-exter\/inscription\/","og_locale":"en_US","og_type":"article","og_title":"Inscription","og_description":"T\u00e9l\u00e9charger la demande d&#8217;adh\u00e9sion","og_url":"https:\/\/alexandra-exter.net\/en\/association-alexandra-exter\/inscription\/","og_site_name":"Association Alexandra Exter","article_modified_time":"2019-12-23T16:18:52+00:00","og_image":[{"width":2222,"height":534,"url":"https:\/\/alexandra-exter.net\/wp-content\/uploads\/sites\/2\/2019\/11\/Exter-Paravent.jpg","type":"image\/jpeg"}],"twitter_card":"summary_large_image","schema":{"@context":"https:\/\/schema.org","@graph":[{"@type":"WebPage","@id":"https:\/\/alexandra-exter.net\/en\/association-alexandra-exter\/inscription\/","url":"https:\/\/alexandra-exter.net\/en\/association-alexandra-exter\/inscription\/","name":"Inscription - Association Alexandra Exter","isPartOf":{"@id":"https:\/\/alexandra-exter.net\/en\/#website"},"primaryImageOfPage":{"@id":"https:\/\/alexandra-exter.net\/en\/association-alexandra-exter\/inscription\/#primaryimage"},"image":{"@id":"https:\/\/alexandra-exter.net\/en\/association-alexandra-exter\/inscription\/#primaryimage"},"thumbnailUrl":"https:\/\/alexandra-exter.net\/wp-content\/uploads\/sites\/2\/2019\/11\/Exter-Paravent.jpg","datePublished":"2019-11-15T19:22:34+00:00","dateModified":"2019-12-23T16:18:52+00:00","breadcrumb":{"@id":"https:\/\/alexandra-exter.net\/en\/association-alexandra-exter\/inscription\/#breadcrumb"},"inLanguage":"en-US","potentialAction":[{"@type":"ReadAction","target":["https:\/\/alexandra-exter.net\/en\/association-alexandra-exter\/inscription\/"]}]},{"@type":"ImageObject","inLanguage":"en-US","@id":"https:\/\/alexandra-exter.net\/en\/association-alexandra-exter\/inscription\/#primaryimage","url":"https:\/\/alexandra-exter.net\/wp-content\/uploads\/sites\/2\/2019\/11\/Exter-Paravent.jpg","contentUrl":"https:\/\/alexandra-exter.net\/wp-content\/uploads\/sites\/2\/2019\/11\/Exter-Paravent.jpg","width":2222,"height":534},{"@type":"BreadcrumbList","@id":"https:\/\/alexandra-exter.net\/en\/association-alexandra-exter\/inscription\/#breadcrumb","itemListElement":[{"@type":"ListItem","position":1,"name":"Accueil","item":"https:\/\/alexandra-exter.net\/en\/"},{"@type":"ListItem","position":2,"name":"L\u2019Association \u00ab&nbsp;Alexandra Exter&nbsp;\u00bb","item":"https:\/\/alexandra-exter.net\/en\/association-alexandra-exter\/"},{"@type":"ListItem","position":3,"name":"Inscription"}]},{"@type":"WebSite","@id":"https:\/\/alexandra-exter.net\/en\/#website","url":"https:\/\/alexandra-exter.net\/en\/","name":"Association Alexandra Exter","description":"","potentialAction":[{"@type":"SearchAction","target":{"@type":"EntryPoint","urlTemplate":"https:\/\/alexandra-exter.net\/en\/?s={search_term_string}"},"query-input":{"@type":"PropertyValueSpecification","valueRequired":true,"valueName":"search_term_string"}}],"inLanguage":"en-US"}]}},"_links":{"self":[{"href":"https:\/\/alexandra-exter.net\/en\/wp-json\/wp\/v2\/pages\/52625","targetHints":{"allow":["GET"]}}],"collection":[{"href":"https:\/\/alexandra-exter.net\/en\/wp-json\/wp\/v2\/pages"}],"about":[{"href":"https:\/\/alexandra-exter.net\/en\/wp-json\/wp\/v2\/types\/page"}],"author":[{"embeddable":true,"href":"https:\/\/alexandra-exter.net\/en\/wp-json\/wp\/v2\/users\/1"}],"replies":[{"embeddable":true,"href":"https:\/\/alexandra-exter.net\/en\/wp-json\/wp\/v2\/comments?post=52625"}],"version-history":[{"count":0,"href":"https:\/\/alexandra-exter.net\/en\/wp-json\/wp\/v2\/pages\/52625\/revisions"}],"up":[{"embeddable":true,"href":"https:\/\/alexandra-exter.net\/en\/wp-json\/wp\/v2\/pages\/52624"}],"wp:featuredmedia":[{"embeddable":true,"href":"https:\/\/alexandra-exter.net\/en\/wp-json\/wp\/v2\/media\/52268"}],"wp:attachment":[{"href":"https:\/\/alexandra-exter.net\/en\/wp-json\/wp\/v2\/media?parent=52625"}],"curies":[{"name":"wp","href":"https:\/\/api.w.org\/{rel}","templated":true}]}}