{"id":52626,"date":"2019-11-15T19:39:05","date_gmt":"2019-11-15T18:39:05","guid":{"rendered":"https:\/\/alexandra-exter.net\/association-alexandra-exter\/vie-de-lassociation\/"},"modified":"2019-12-23T18:40:39","modified_gmt":"2019-12-23T17:40:39","slug":"vie-association","status":"publish","type":"page","link":"https:\/\/alexandra-exter.net\/en\/association-alexandra-exter\/vie-association\/","title":{"rendered":"Vie de l\u2019association"},"content":{"rendered":"\n<div class=\"wp-block-columns is-layout-flex wp-container-core-columns-is-layout-9d6595d7 wp-block-columns-is-layout-flex\">\n<div class=\"wp-block-column is-layout-flow wp-block-column-is-layout-flow\">\n<p><span class=\"lettrine\">E<\/span>n raison de la n\u00e9cessit\u00e9 accrue d\u2019une d\u00e9fense active et surtout imm\u00e9diate de l\u2019\u0153uvre d\u2019Alexandra Exter dont l\u2019image a \u00e9t\u00e9 mise en danger par l\u2019imposture de l\u2019exposition de Tours (<a href=\"https:\/\/alexandra-exter.net\/fr\/defense.php\">voir section du site consacr\u00e9e \u00e0 cet \u00e9v\u00e9nement<\/a>) la composition du bureau directeur de l\u2019Association a subit un changement. \u00c9tant donn\u00e9 le d\u00e9sistement de Nikita Lobanov qui au mois de mars 2009 n\u2019a pas voulu s\u2019engager dans la d\u00e9fense de l\u2019\u0153uvre, sa place dans le bureau de l\u2019Association a \u00e9t\u00e9 prise par le Dr. J\u00f3zef Grabski. Ce changement est devenu d\u00e9finitif lors du d\u00e9part formel de l\u2019Association de Nikita Lobanov, d\u00e9part enregistr\u00e9 le 16 octobre 2009. Ainsi le bureau se compose aujourd\u2019hui d\u2019Andr\u00e9i Nakov, pr\u00e9sident, Dr. J\u00f3zef Grabski et ma\u00eetre Van Kirk Reeves, membres.<\/p>\n<\/div>\n\n\n\n<div class=\"wp-block-column is-layout-flow wp-block-column-is-layout-flow\">\n<div class=\"wp-block-image\"><figure class=\"aligncenter size-large\"><img decoding=\"async\" width=\"350\" height=\"279\" src=\"https:\/\/alexandra-exter.net\/wp-content\/uploads\/sites\/2\/2019\/11\/conference_01.jpg\" alt=\"Conf\u00e9rence d'Andr\u00e9i Nakov\" class=\"wp-image-50576\" srcset=\"https:\/\/alexandra-exter.net\/wp-content\/uploads\/sites\/2\/2019\/11\/conference_01.jpg 350w, https:\/\/alexandra-exter.net\/wp-content\/uploads\/sites\/2\/2019\/11\/conference_01-300x239.jpg 300w\" sizes=\"(max-width: 350px) 100vw, 350px\" \/><figcaption>Dr Andr\u00e9i Nakov<\/figcaption><\/figure><\/div>\n<\/div>\n<\/div>\n\n\n\n<div class=\"wp-block-columns is-layout-flex wp-container-core-columns-is-layout-9d6595d7 wp-block-columns-is-layout-flex\">\n<div class=\"wp-block-column is-layout-flow wp-block-column-is-layout-flow\">\n<div class=\"wp-block-image size-full wp-image-50580\"><figure class=\"aligncenter\"><img decoding=\"async\" width=\"256\" height=\"350\" src=\"https:\/\/alexandra-exter.net\/wp-content\/uploads\/sites\/2\/2019\/11\/Grabski.jpg\" alt=\"Dr J\u00f3zef Grabski\" class=\"wp-image-50580\" srcset=\"https:\/\/alexandra-exter.net\/wp-content\/uploads\/sites\/2\/2019\/11\/Grabski.jpg 256w, https:\/\/alexandra-exter.net\/wp-content\/uploads\/sites\/2\/2019\/11\/Grabski-219x300.jpg 219w\" sizes=\"(max-width: 256px) 100vw, 256px\" \/><figcaption>Dr J\u00f3zef Grabski<\/figcaption><\/figure><\/div>\n<\/div>\n\n\n\n<div class=\"wp-block-column is-layout-flow wp-block-column-is-layout-flow\">\n<p>Historien d\u2019art de r\u00e9putation mondiale&nbsp;et expert hautement estim\u00e9, J\u00f3zef Grabski dirige depuis 1979 l\u2019Institut de Recherche en histoire de l\u2019art \u2013 <a href=\"http:\/\/www.irsa.com.pl\">IRSA<\/a><mfn>IRSA (Istituto per le Ricerche di Storia dell&#8217;Arte)&nbsp;: <a href=\"http:\/\/www.irsa.com.pl\" target=\"_blank\" rel=\"noreferrer noopener\" aria-label=\" (opens in a new tab)\">www.irsa.com.pl<\/a><\/mfn> (Cracovie-Vienne) qu\u2019il a fond\u00e9 \u00e0 Venise. Il est \u00e9galement l\u2019\u00e9diteur en chef des anthologies <a href=\"http:\/\/www.artibusethistoriae.org\">Artibus et Historiae<\/a><mfn>Artibus et Historiae&nbsp;: <a href=\"http:\/\/www.artibusethistoriae.org\">www.artibusethistoriae.org<\/a><\/mfn>, publications internationales du plus haut niveau scientifique qui viennent de f\u00eater leur 60<sup>\u00e8me<\/sup> livraison.<br>En raison des exigences de plus en plus sp\u00e9cialis\u00e9es, requises par la d\u00e9fense de l\u2019\u0153uvre de l\u2019artiste, l\u2019Association s\u2019est enrichie au cours des derniers mois par l\u2019adh\u00e9sion de quelques nouveaux membres, tous venus de la sph\u00e8re universitaire et mus\u00e9ale. Autant le but de l\u2019Association est la diffusion la plus large possible du message de l\u2019artiste, autant sa d\u00e9fense exige des avis, donc des comp\u00e9tences tout \u00e0 fait professionnelles, d\u2019o\u00f9 des crit\u00e8res tr\u00e8s rigoureux de s\u00e9lection lors de l\u2019admission des nouveaux membres.<\/p>\n<\/div>\n<\/div>\n\n\n\n<div class=\"wp-block-image\"><figure class=\"aligncenter size-large\"><img decoding=\"async\" width=\"150\" height=\"150\" src=\"https:\/\/alexandra-exter.net\/wp-content\/uploads\/sites\/2\/2019\/11\/1917.jpg\" alt=\"\" class=\"wp-image-50573\"\/><\/figure><\/div>\n\n\n\n<div style=\"height:30px\" aria-hidden=\"true\" class=\"wp-block-spacer\"><\/div>\n\n\n\n<h2 class=\"wp-block-heading\">Modification du bureau directeur de l\u2019Association, d\u00e9cembre 2013<\/h2>\n\n\n\n<p>Nous sommes tr\u00e8s heureux d\u2019annoncer que <strong>Jill Silverman<\/strong> <strong>van Coenegrachts&nbsp;<\/strong>a rejoint notre Association en tant que membre de plein titre du bureau directeur <strong>en rempla\u00e7ant Arturo de la Guardia,<\/strong> dont l\u2019\u00e2ge avanc\u00e9 ne lui permet pas de prendre une part aussi active au travail de l\u2019association&nbsp;qu\u2019il l\u2019aurait&nbsp;souhait\u00e9.<\/p>\n\n\n\n<p><strong>Arturo de la Guardia<\/strong>, dont nous appr\u00e9cions hautement les comp\u00e9tences et le d\u00e9vouement moral \u00e0 la cause d\u2019Alexandra Exter et dont le soutien nous a \u00e9t\u00e9 tr\u00e8s pr\u00e9cieux&nbsp;et le reste encore, devient ainsi le premier <strong>membre honoraire&nbsp;de l\u2019Association<\/strong>.<\/p>\n\n\n\n<p>Historienne de l\u2019art de formation universitaire (Tufts University, USA Univ. of Chicago, CUNY Graduate Center, MPhil)&nbsp; au cours&nbsp; des quinze derni\u00e8res ann\u00e9es<strong> Jill Silverman<\/strong> <strong>van Coenegrachts <\/strong>&nbsp;a \u00e9t\u00e9 tr\u00e8s active sur la sc\u00e8ne europ\u00e9enne&nbsp; en tant qu\u2019organisatrice d\u2019expositions mus\u00e9ales de nombreux artistes contemporains&nbsp;: Richard Deacon, Art and Language, Ilya and Emila Kabakov, Anthony Gormley, Tony Cragg, Anish Kapoor, Sturtevant and Alex Katz. Elle a travaill\u00e9 avec une pl\u00e9iade d\u2019importants artistes contemporains tels&nbsp;: Matta Clarke, Marcel Broodtheurs, Joseph Beuys, Robert Mapplethorpe, Jane and Louise Wilson, Rodney Graham, Douglas Gordon, Marijke van Warmerdan, Esther Shalev-Gerz, Koen Vanmechelen.<\/p>\n\n\n\n<p><strong>Jill Silverman<\/strong> <strong>van Coenegrachts <\/strong>a \u00e9t\u00e9 successivement directeur des galeries John Gibson (New York), Lisson Gallery, (Londres 1995-2005) et derni\u00e8rement Thaddaeus Ropac (Paris 2005-2012).<\/p>\n\n\n\n<p>Au d\u00e9but des ann\u00e9es 1970 elle d\u00e9buta \u00e0 New York ses activit\u00e9s dans le domaine de la critique d\u2019art&nbsp;en \u00e9crivant dans le&nbsp;<em>New York Times<\/em> et autres publications am\u00e9ricaines.<\/p>\n\n\n\n<p>En 2006, elle re\u00e7ut des mains de Jean-Jacques Aillagon la distinction \u00ab&nbsp; Officier des Arts et Lettres&nbsp;\u00bb.<\/p>\n\n\n\n<p>Son int\u00e9r\u00eat pour l\u2019art de l\u2019avant-garde russe date du d\u00e9but de son travail aux USA et s\u2019est affirm\u00e9 au cours de son travail avec Ilya Kabakov, dont elle s\u2019occupe de l\u2019\u0153uvre de fa\u00e7on intense.<\/p>\n\n\n\n<p><strong>Jill Silverman<\/strong> <strong>van Coenegrachts <\/strong>vit \u00e0 Paris et \u00e0 Londres<strong>.<\/strong><\/p>","protected":false},"excerpt":{"rendered":"<p>En raison de la n\u00e9cessit\u00e9 accrue d\u2019une d\u00e9fense active et surtout imm\u00e9diate de l\u2019\u0153uvre d\u2019Alexandra Exter dont l\u2019image a \u00e9t\u00e9 mise en danger par l\u2019imposture de l\u2019exposition de Tours (voir section du site consacr\u00e9e \u00e0 cet \u00e9v\u00e9nement) la composition du bureau directeur de l\u2019Association a subit un changement. \u00c9tant donn\u00e9 le d\u00e9sistement de Nikita Lobanov [&hellip;]<\/p>","protected":false},"author":1,"featured_media":52268,"parent":52624,"menu_order":0,"comment_status":"closed","ping_status":"closed","template":"","meta":{"_relevanssi_hide_post":"","_relevanssi_hide_content":"","_relevanssi_pin_for_all":"","_relevanssi_pin_keywords":"","_relevanssi_unpin_keywords":"","_relevanssi_related_keywords":"","_relevanssi_related_include_ids":"","_relevanssi_related_exclude_ids":"","_relevanssi_related_no_append":"","_relevanssi_related_not_related":"","_relevanssi_related_posts":"","_relevanssi_noindex_reason":"","_genesis_hide_title":false,"_genesis_hide_breadcrumbs":false,"_genesis_hide_singular_image":false,"_genesis_hide_footer_widgets":false,"_genesis_custom_body_class":"","_genesis_custom_post_class":"","_genesis_layout":"","footnotes":""},"class_list":{"0":"post-52626","1":"page","2":"type-page","3":"status-publish","4":"has-post-thumbnail","6":"entry"},"yoast_head":"<!-- This site is optimized with the Yoast SEO Premium plugin v26.7 (Yoast SEO v27.3) - https:\/\/yoast.com\/product\/yoast-seo-premium-wordpress\/ -->\n<title>Vie de l\u2019association - Association Alexandra Exter<\/title>\n<meta name=\"robots\" content=\"index, follow, max-snippet:-1, max-image-preview:large, max-video-preview:-1\" \/>\n<link rel=\"canonical\" href=\"https:\/\/alexandra-exter.net\/en\/association-alexandra-exter\/vie-association\/\" \/>\n<meta property=\"og:locale\" content=\"en_US\" \/>\n<meta property=\"og:type\" content=\"article\" \/>\n<meta property=\"og:title\" content=\"Vie de l\u2019association\" \/>\n<meta property=\"og:description\" content=\"En raison de la n\u00e9cessit\u00e9 accrue d\u2019une d\u00e9fense active et surtout imm\u00e9diate de l\u2019\u0153uvre d\u2019Alexandra Exter dont l\u2019image a \u00e9t\u00e9 mise en danger par l\u2019imposture de l\u2019exposition de Tours (voir section du site consacr\u00e9e \u00e0 cet \u00e9v\u00e9nement) la composition du bureau directeur de l\u2019Association a subit un changement. \u00c9tant donn\u00e9 le d\u00e9sistement de Nikita Lobanov [&hellip;]\" \/>\n<meta property=\"og:url\" content=\"https:\/\/alexandra-exter.net\/en\/association-alexandra-exter\/vie-association\/\" \/>\n<meta property=\"og:site_name\" content=\"Association Alexandra Exter\" \/>\n<meta property=\"article:modified_time\" content=\"2019-12-23T17:40:39+00:00\" \/>\n<meta property=\"og:image\" content=\"https:\/\/alexandra-exter.net\/wp-content\/uploads\/sites\/2\/2019\/11\/Exter-Paravent.jpg\" \/>\n\t<meta property=\"og:image:width\" content=\"2222\" \/>\n\t<meta property=\"og:image:height\" content=\"534\" \/>\n\t<meta property=\"og:image:type\" content=\"image\/jpeg\" \/>\n<meta name=\"twitter:card\" content=\"summary_large_image\" \/>\n<meta name=\"twitter:label1\" content=\"Est. reading time\" \/>\n\t<meta name=\"twitter:data1\" content=\"3 minutes\" \/>\n<script type=\"application\/ld+json\" class=\"yoast-schema-graph\">{\"@context\":\"https:\\\/\\\/schema.org\",\"@graph\":[{\"@type\":\"WebPage\",\"@id\":\"https:\\\/\\\/alexandra-exter.net\\\/en\\\/association-alexandra-exter\\\/vie-association\\\/\",\"url\":\"https:\\\/\\\/alexandra-exter.net\\\/en\\\/association-alexandra-exter\\\/vie-association\\\/\",\"name\":\"Vie de l\u2019association - Association Alexandra Exter\",\"isPartOf\":{\"@id\":\"https:\\\/\\\/alexandra-exter.net\\\/en\\\/#website\"},\"primaryImageOfPage\":{\"@id\":\"https:\\\/\\\/alexandra-exter.net\\\/en\\\/association-alexandra-exter\\\/vie-association\\\/#primaryimage\"},\"image\":{\"@id\":\"https:\\\/\\\/alexandra-exter.net\\\/en\\\/association-alexandra-exter\\\/vie-association\\\/#primaryimage\"},\"thumbnailUrl\":\"https:\\\/\\\/alexandra-exter.net\\\/wp-content\\\/uploads\\\/sites\\\/2\\\/2019\\\/11\\\/Exter-Paravent.jpg\",\"datePublished\":\"2019-11-15T18:39:05+00:00\",\"dateModified\":\"2019-12-23T17:40:39+00:00\",\"breadcrumb\":{\"@id\":\"https:\\\/\\\/alexandra-exter.net\\\/en\\\/association-alexandra-exter\\\/vie-association\\\/#breadcrumb\"},\"inLanguage\":\"en-US\",\"potentialAction\":[{\"@type\":\"ReadAction\",\"target\":[\"https:\\\/\\\/alexandra-exter.net\\\/en\\\/association-alexandra-exter\\\/vie-association\\\/\"]}]},{\"@type\":\"ImageObject\",\"inLanguage\":\"en-US\",\"@id\":\"https:\\\/\\\/alexandra-exter.net\\\/en\\\/association-alexandra-exter\\\/vie-association\\\/#primaryimage\",\"url\":\"https:\\\/\\\/alexandra-exter.net\\\/wp-content\\\/uploads\\\/sites\\\/2\\\/2019\\\/11\\\/Exter-Paravent.jpg\",\"contentUrl\":\"https:\\\/\\\/alexandra-exter.net\\\/wp-content\\\/uploads\\\/sites\\\/2\\\/2019\\\/11\\\/Exter-Paravent.jpg\",\"width\":2222,\"height\":534},{\"@type\":\"BreadcrumbList\",\"@id\":\"https:\\\/\\\/alexandra-exter.net\\\/en\\\/association-alexandra-exter\\\/vie-association\\\/#breadcrumb\",\"itemListElement\":[{\"@type\":\"ListItem\",\"position\":1,\"name\":\"Accueil\",\"item\":\"https:\\\/\\\/alexandra-exter.net\\\/en\\\/\"},{\"@type\":\"ListItem\",\"position\":2,\"name\":\"L\u2019Association \u00ab&nbsp;Alexandra Exter&nbsp;\u00bb\",\"item\":\"https:\\\/\\\/alexandra-exter.net\\\/en\\\/association-alexandra-exter\\\/\"},{\"@type\":\"ListItem\",\"position\":3,\"name\":\"Vie de l\u2019association\"}]},{\"@type\":\"WebSite\",\"@id\":\"https:\\\/\\\/alexandra-exter.net\\\/en\\\/#website\",\"url\":\"https:\\\/\\\/alexandra-exter.net\\\/en\\\/\",\"name\":\"Association Alexandra Exter\",\"description\":\"\",\"potentialAction\":[{\"@type\":\"SearchAction\",\"target\":{\"@type\":\"EntryPoint\",\"urlTemplate\":\"https:\\\/\\\/alexandra-exter.net\\\/en\\\/?s={search_term_string}\"},\"query-input\":{\"@type\":\"PropertyValueSpecification\",\"valueRequired\":true,\"valueName\":\"search_term_string\"}}],\"inLanguage\":\"en-US\"}]}<\/script>\n<!-- \/ Yoast SEO Premium plugin. -->","yoast_head_json":{"title":"Vie de l\u2019association - Association Alexandra Exter","robots":{"index":"index","follow":"follow","max-snippet":"max-snippet:-1","max-image-preview":"max-image-preview:large","max-video-preview":"max-video-preview:-1"},"canonical":"https:\/\/alexandra-exter.net\/en\/association-alexandra-exter\/vie-association\/","og_locale":"en_US","og_type":"article","og_title":"Vie de l\u2019association","og_description":"En raison de la n\u00e9cessit\u00e9 accrue d\u2019une d\u00e9fense active et surtout imm\u00e9diate de l\u2019\u0153uvre d\u2019Alexandra Exter dont l\u2019image a \u00e9t\u00e9 mise en danger par l\u2019imposture de l\u2019exposition de Tours (voir section du site consacr\u00e9e \u00e0 cet \u00e9v\u00e9nement) la composition du bureau directeur de l\u2019Association a subit un changement. \u00c9tant donn\u00e9 le d\u00e9sistement de Nikita Lobanov [&hellip;]","og_url":"https:\/\/alexandra-exter.net\/en\/association-alexandra-exter\/vie-association\/","og_site_name":"Association Alexandra Exter","article_modified_time":"2019-12-23T17:40:39+00:00","og_image":[{"width":2222,"height":534,"url":"https:\/\/alexandra-exter.net\/wp-content\/uploads\/sites\/2\/2019\/11\/Exter-Paravent.jpg","type":"image\/jpeg"}],"twitter_card":"summary_large_image","twitter_misc":{"Est. reading time":"3 minutes"},"schema":{"@context":"https:\/\/schema.org","@graph":[{"@type":"WebPage","@id":"https:\/\/alexandra-exter.net\/en\/association-alexandra-exter\/vie-association\/","url":"https:\/\/alexandra-exter.net\/en\/association-alexandra-exter\/vie-association\/","name":"Vie de l\u2019association - Association Alexandra Exter","isPartOf":{"@id":"https:\/\/alexandra-exter.net\/en\/#website"},"primaryImageOfPage":{"@id":"https:\/\/alexandra-exter.net\/en\/association-alexandra-exter\/vie-association\/#primaryimage"},"image":{"@id":"https:\/\/alexandra-exter.net\/en\/association-alexandra-exter\/vie-association\/#primaryimage"},"thumbnailUrl":"https:\/\/alexandra-exter.net\/wp-content\/uploads\/sites\/2\/2019\/11\/Exter-Paravent.jpg","datePublished":"2019-11-15T18:39:05+00:00","dateModified":"2019-12-23T17:40:39+00:00","breadcrumb":{"@id":"https:\/\/alexandra-exter.net\/en\/association-alexandra-exter\/vie-association\/#breadcrumb"},"inLanguage":"en-US","potentialAction":[{"@type":"ReadAction","target":["https:\/\/alexandra-exter.net\/en\/association-alexandra-exter\/vie-association\/"]}]},{"@type":"ImageObject","inLanguage":"en-US","@id":"https:\/\/alexandra-exter.net\/en\/association-alexandra-exter\/vie-association\/#primaryimage","url":"https:\/\/alexandra-exter.net\/wp-content\/uploads\/sites\/2\/2019\/11\/Exter-Paravent.jpg","contentUrl":"https:\/\/alexandra-exter.net\/wp-content\/uploads\/sites\/2\/2019\/11\/Exter-Paravent.jpg","width":2222,"height":534},{"@type":"BreadcrumbList","@id":"https:\/\/alexandra-exter.net\/en\/association-alexandra-exter\/vie-association\/#breadcrumb","itemListElement":[{"@type":"ListItem","position":1,"name":"Accueil","item":"https:\/\/alexandra-exter.net\/en\/"},{"@type":"ListItem","position":2,"name":"L\u2019Association \u00ab&nbsp;Alexandra Exter&nbsp;\u00bb","item":"https:\/\/alexandra-exter.net\/en\/association-alexandra-exter\/"},{"@type":"ListItem","position":3,"name":"Vie de l\u2019association"}]},{"@type":"WebSite","@id":"https:\/\/alexandra-exter.net\/en\/#website","url":"https:\/\/alexandra-exter.net\/en\/","name":"Association Alexandra Exter","description":"","potentialAction":[{"@type":"SearchAction","target":{"@type":"EntryPoint","urlTemplate":"https:\/\/alexandra-exter.net\/en\/?s={search_term_string}"},"query-input":{"@type":"PropertyValueSpecification","valueRequired":true,"valueName":"search_term_string"}}],"inLanguage":"en-US"}]}},"_links":{"self":[{"href":"https:\/\/alexandra-exter.net\/en\/wp-json\/wp\/v2\/pages\/52626","targetHints":{"allow":["GET"]}}],"collection":[{"href":"https:\/\/alexandra-exter.net\/en\/wp-json\/wp\/v2\/pages"}],"about":[{"href":"https:\/\/alexandra-exter.net\/en\/wp-json\/wp\/v2\/types\/page"}],"author":[{"embeddable":true,"href":"https:\/\/alexandra-exter.net\/en\/wp-json\/wp\/v2\/users\/1"}],"replies":[{"embeddable":true,"href":"https:\/\/alexandra-exter.net\/en\/wp-json\/wp\/v2\/comments?post=52626"}],"version-history":[{"count":0,"href":"https:\/\/alexandra-exter.net\/en\/wp-json\/wp\/v2\/pages\/52626\/revisions"}],"up":[{"embeddable":true,"href":"https:\/\/alexandra-exter.net\/en\/wp-json\/wp\/v2\/pages\/52624"}],"wp:featuredmedia":[{"embeddable":true,"href":"https:\/\/alexandra-exter.net\/en\/wp-json\/wp\/v2\/media\/52268"}],"wp:attachment":[{"href":"https:\/\/alexandra-exter.net\/en\/wp-json\/wp\/v2\/media?parent=52626"}],"curies":[{"name":"wp","href":"https:\/\/api.w.org\/{rel}","templated":true}]}}