{"id":52627,"date":"2019-11-20T16:12:38","date_gmt":"2019-11-20T15:12:38","guid":{"rendered":"https:\/\/alexandra-exter.net\/collections-publiques\/"},"modified":"2020-02-01T16:31:30","modified_gmt":"2020-02-01T15:31:30","slug":"collections-publiques","status":"publish","type":"page","link":"https:\/\/alexandra-exter.net\/en\/collections-publiques\/","title":{"rendered":"L\u2019\u0153uvre dans les collections publiques"},"content":{"rendered":"<div class=\"codespacing_progress_map_area cspm_linear_gradient_bg\" data-map-id=\"map50916\" data-show-infobox=\"true\" data-infobox-display-event=\"onclick\" ><input type=\"hidden\" name=\"cspm_map_page_id_map50916\" id=\"cspm_map_page_id_map50916\" value=\"52627\" \/><div class=\"layout_container mu-cd\" data-map-id=\"map50916\"><div class=\"map-container\" data-map-id=\"map50916\" style=\"width: 100%;\"><div class=\"cspm-col-lg-12 cspm-col-xs-12 cspm-col-sm-12 cspm-col-md-12\" data-map-id=\"map50916\" style=\"position:relative; overflow:hidden; margin:0; padding:0;\"><div class=\"cspm_custom_controls\" data-map-id=\"map50916\"><div class=\"cspm_map_red_msg_widget cspm_border_shadow cspm_border_radius\" data-map-id=\"map50916\"><\/div><div class=\"cspm_map_green_msg_widget cspm_border_shadow cspm_border_radius\" data-map-id=\"map50916\"><\/div><div class=\"cspm_map_orange_msg_widget cspm_border_shadow cspm_border_radius\" data-map-id=\"map50916\"><\/div><div class=\"cspm_map_blue_msg_widget cspm_border_shadow cspm_border_radius\" data-map-id=\"map50916\"><\/div><div class=\"cspm_map_help_msg_widget cspm_border_shadow cspm_border_radius\" data-map-id=\"map50916\"><\/div><div id=\"pulsating_holder\" class=\"map50916_pulsating\"><div class=\"dot cspm_border_hex\"><\/div><\/div><div class=\"cluster_posts_widget_map50916 cspm_border_shadow cspm_border_radius\"><div class=\"cspm_infobox_spinner cspm_border_top_after_hex\"><\/div><\/div><div class=\"cspm_recenter_map_btn cspm_map_btn cspm_border_shadow cspm_border_radius\" data-map-id=\"map50916\" title=\"Recenter the map\" style=\"top:10px\"><img decoding=\"async\" class=\"cspm_svg cspm_svg_colored\" src=\"https:\/\/alexandra-exter.net\/wp-content\/plugins\/codespacing-progress-map\/img\/svg\/recenter.svg\" \/><\/div><div class=\"countries_btn cspm_map_btn cspm_top_btn cspm_expand_map_btn cspm_border_shadow cspm_border_radius\" data-map-id=\"map50916\" style=\"left:60px\" title=\"Countries\"><img decoding=\"async\" class=\"cspm_svg cspm_svg_colored\" src=\"https:\/\/alexandra-exter.net\/wp-content\/uploads\/sites\/2\/2019\/11\/earth.svg\" alt=\"Countries\" title=\"Countries\" \/><\/div><div class=\"countries_container_map50916 cspm_top_element\" data-map-id=\"map50916\" data-show-flag=\"true\" data-search-input=\"yes\" style=\"left:60px\"><select class=\"cspm_countries_list cspm_border_shadow cspm_border_radius\" data-map-id=\"map50916\" data-placeholder=\"Select a country\"><option class=\"cspm_country_name\" data-map-id=\"map50916\" value=\"Germany__DE\" data-country-name=\"Allemagne\" data-country-code=\"DE\">Allemagne<\/option><option class=\"cspm_country_name\" data-map-id=\"map50916\" value=\"Canada__CA\" data-country-name=\"Canada\" data-country-code=\"CA\">Canada<\/option><option class=\"cspm_country_name\" data-map-id=\"map50916\" value=\"Spain__ES\" data-country-name=\"Espagne\" data-country-code=\"ES\">Espagne<\/option><option class=\"cspm_country_name\" data-map-id=\"map50916\" value=\"United States__US\" data-country-name=\"\u00c9tats-Unis\" data-country-code=\"US\">\u00c9tats-Unis<\/option><option class=\"cspm_country_name\" data-map-id=\"map50916\" value=\"France__FR\" data-country-name=\"France\" data-country-code=\"FR\">France<\/option><option class=\"cspm_country_name\" data-map-id=\"map50916\" value=\"Greece__GR\" data-country-name=\"Gr\u00e8ce\" data-country-code=\"GR\">Gr\u00e8ce<\/option><option class=\"cspm_country_name\" data-map-id=\"map50916\" value=\"Uzbekistan__UZ\" data-country-name=\"Ouzb\u00e9kistan\" data-country-code=\"UZ\">Ouzb\u00e9kistan<\/option><option class=\"cspm_country_name\" data-map-id=\"map50916\" value=\"United Kingdom__GB\" data-country-name=\"Royaume-Uni\" data-country-code=\"GB\">Royaume-Uni<\/option><option class=\"cspm_country_name\" data-map-id=\"map50916\" value=\"Russia__RU\" data-country-name=\"Russie\" data-country-code=\"RU\">Russie<\/option><option class=\"cspm_country_name\" data-map-id=\"map50916\" value=\"Sweden__SE\" data-country-name=\"Su\u00e8de\" data-country-code=\"SE\">Su\u00e8de<\/option><option class=\"cspm_country_name\" data-map-id=\"map50916\" value=\"Ukraine__UA\" data-country-name=\"Ukraine\" data-country-code=\"UA\">Ukraine<\/option><\/select><\/div><div class=\"cspm_map_sidebars\" data-map-id=\"map50916\"><div class=\"cspm_sidebar top\" data-map-id=\"map50916\" data-content_id=\"\"><\/div><div class=\"cspm_sidebar right\" data-map-id=\"map50916\" data-content_id=\"\"><\/div><div class=\"cspm_sidebar bottom\" data-map-id=\"map50916\" data-content_id=\"\"><\/div><div class=\"cspm_sidebar left\" data-map-id=\"map50916\" data-content_id=\"\"><\/div><\/div><\/div><div id=\"codespacing_progress_map_div_map50916\" data-map-id=\"map50916\" style=\"height:650px;\"><\/div><\/div><\/div><\/div><\/div>\n\n\n\n<p class=\"has-drop-cap\"><span class=\"lettrine\">\u00c0 <\/span>part un important groupe de projets de d\u00e9coration th\u00e9\u00e2trale, conserv\u00e9 au <strong>mus\u00e9e th\u00e9\u00e2tral Bakhrouchine<\/strong> de Moscou (<em>\u0413\u043e\u0441\u0443\u0434\u0430\u0440\u0441\u0442\u0432\u0435\u043d\u043d\u044b\u0439 \u0446\u0435\u043d\u0442\u0440\u0430\u043b\u044c\u043d\u044b\u0439 \u0442\u0435\u0430\u0442\u0440\u0430\u043b\u044c\u043d\u044b\u0439 \u043c\u0443\u0437\u0435\u0439 \u0438\u043c. \u0410.\u0410.\u0411\u0430\u0445\u0440\u0443\u0448\u0438\u043d\u0430<\/em>), aucune collection publique russe ou occidentale ne dispose d\u2019un ensemble coh\u00e9rent d\u2019\u0153uvres qui permettrait d\u2019acc\u00e9der \u00e0 une connaissance si tant soit peu structur\u00e9e de l\u2019ensemble de la cr\u00e9ation de l\u2019artiste et m\u00eame d\u2019une de ses p\u00e9riodes. Dans de nombreuses collections on trouve des \u0153uvres isol\u00e9es, certaines de grande qualit\u00e9, mais qui ne permettent pas d\u2019appr\u00e9hender l\u2019ensemble de la cr\u00e9ation de l\u2019artiste. \u00c0 ce jour aucune collection particuli\u00e8re regroupant des \u0153uvres significatives d\u2019\u00e9poques diff\u00e9rentes n\u2019est connue.<\/p>\n\n\n\n<div style=\"height:25px\" aria-hidden=\"true\" class=\"wp-block-spacer\"><\/div>\n\n\n\n<div class=\"wp-block-image\"><figure class=\"aligncenter size-large\"><img decoding=\"async\" width=\"150\" height=\"150\" src=\"https:\/\/alexandra-exter.net\/wp-content\/uploads\/sites\/2\/2019\/11\/1917.jpg\" alt=\"\" class=\"wp-image-50573\"\/><\/figure><\/div>\n\n\n\n<div style=\"height:50px\" aria-hidden=\"true\" class=\"wp-block-spacer\"><\/div>\n\n\n\n<h2 class=\"wp-block-heading\">Les collections publiques de Russie <\/h2>\n\n\n\n<p>Les deux grands mus\u00e9es russes&nbsp;: La <strong>Galerie d\u2019Etat Tr\u00e9tjakov<\/strong> \u00e0 Moscou et le <strong>Mus\u00e9e Russe<\/strong><em> <\/em>de Saint Petersbourg poss\u00e8dent d\u2019importantes \u0153uvres cubo-futuristes et non-objectives.<\/p>\n\n\n\n<ul class=\"wp-block-list\"><li><a href=\"https:\/\/alexandra-exter.net\/musee\/galerie-tretiakov\/\">Galerie Tretiakov<\/a><\/li><li><a href=\"https:\/\/alexandra-exter.net\/musees\/musee-russe-de-saint-petersbourg\/\">Mus\u00e9e Russe de Saint Petersbourg<\/a><\/li><li><a href=\"https:\/\/alexandra-exter.net\/musees\/musee-theatral-bakhrouchine\/\">Mus\u00e9e th\u00e9\u00e2tral Bakhrouchine<\/a><\/li><\/ul>\n\n\n\n<h2 class=\"wp-block-heading\">Les mus\u00e9es de province en Russie<\/h2>\n\n\n\n<p>Plusieurs collections mus\u00e9ales de province abritent des \u0153uvres isol\u00e9es.  <\/p>\n\n\n\n<ul class=\"wp-block-list\"><li><a href=\"https:\/\/alexandra-exter.net\/musees\/astrakhan\/\">Astrakhan<\/a><\/li><li><a href=\"https:\/\/alexandra-exter.net\/musees\/iaroslavl\/\">Iaroslavl<\/a><\/li><li><a href=\"https:\/\/alexandra-exter.net\/musees\/krasnodar\/\">Krasnodar<\/a><\/li><li><a href=\"https:\/\/alexandra-exter.net\/musees\/musee-des-beaux-arts-de-makhatchkala-daguestan\/\">Makhatchkala<\/a> (R\u00e9publique de Daguestan)<\/li><li><a href=\"https:\/\/alexandra-exter.net\/musees\/nijni-taguil\/\">Nijni Taguil<\/a><\/li><li><a href=\"https:\/\/alexandra-exter.net\/musees\/rostov-veliki\/\">Rostov Veliki<\/a>, Iaroslavl<\/li><li><a href=\"https:\/\/alexandra-exter.net\/musees\/musee-radishchev-de-saratov\/\">Saratov<\/a><\/li><li><a href=\"https:\/\/alexandra-exter.net\/musees\/serpoukhov\/\">Serpoukhov<\/a><\/li><li><a href=\"https:\/\/alexandra-exter.net\/musees\/slobodskoi\/\">Slobodsko\u00ef<\/a><\/li><li><a href=\"https:\/\/alexandra-exter.net\/musees\/vologda\/\">Vologda<\/a><\/li><\/ul>\n\n\n\n<h2 class=\"wp-block-heading\">Les collections publiques des anciennes r\u00e9publiques sovi\u00e9tiques<\/h2>\n\n\n\n<p>Des \u0153uvres isol\u00e9es, parfois de grande qualit\u00e9 se trouvent dans certains  mus\u00e9es constitu\u00e9s \u00e0 l\u2019\u00e9poque sovi\u00e9tique&nbsp;; la plus importante parmi ces  collection \u00e9tant celle du <strong>Mus\u00e9e de l\u2019Art Ukrainien<\/strong> \u00e0 Kiev. <\/p>\n\n\n\n<ul class=\"wp-block-list\"><li><a href=\"https:\/\/alexandra-exter.net\/musees\/musee-national-art-ukraine\/\">Mus\u00e9e de l\u2019Art Ukrainien<\/a>, Kiev, R\u00e9publique d\u2019Ukraine<\/li><li><a href=\"https:\/\/alexandra-exter.net\/musees\/le-musee-des-beaux-arts-de-tashkent\/\">Mus\u00e9e des Beaux-Arts<\/a>, Tashkent, Ouzbekistan<\/li><\/ul>\n\n\n\n<h2 class=\"wp-block-heading\">Les mus\u00e9es d&#8217;Europe Occidentale <\/h2>\n\n\n\n<h3 class=\"wp-block-heading\">Allemagne<\/h3>\n\n\n\n<ul class=\"wp-block-list\"><li><a href=\"https:\/\/alexandra-exter.net\/musees\/le-museum-ludwig\/\">Museum Ludwig<\/a> de Cologne<\/li><li><a href=\"https:\/\/alexandra-exter.net\/musees\/wilhelm-hack-museum\/\">Wilhelm Hack Museum<\/a> de Ludwigsaafen<\/li><\/ul>\n\n\n\n<h3 class=\"wp-block-heading\">Espagne<\/h3>\n\n\n\n<ul class=\"wp-block-list\"><li><a href=\"https:\/\/alexandra-exter.net\/musees\/musee-thyssen-bornemisza\/\">Mus\u00e9e Thyssen-Bornemysza<\/a> de Madrid<\/li><\/ul>\n\n\n\n<h3 class=\"wp-block-heading\">France<\/h3>\n\n\n\n<ul class=\"wp-block-list\"><li><a href=\"https:\/\/alexandra-exter.net\/musees\/musee-dart-moderne-de-saint-etienne\/\">Mus\u00e9e d\u2019Art Moderne<\/a> de Saint-\u00c9tienne<\/li><\/ul>\n\n\n\n<h3 class=\"wp-block-heading\">Grande Bretagne<\/h3>\n\n\n\n<ul class=\"wp-block-list\"><li><a href=\"https:\/\/alexandra-exter.net\/musees\/victoria-and-albert-museum-de-londres\/\">Victoria and Albert Museum<\/a> de Londres<\/li><\/ul>\n\n\n\n<h3 class=\"wp-block-heading\">Gr\u00e8ce<\/h3>\n\n\n\n<ul class=\"wp-block-list\"><li><a href=\"https:\/\/alexandra-exter.net\/musees\/musee-d-art-moderne-et-contemporain-de-thessalonique\/\">Mus\u00e9e d\u2019Art moderne et contemporain<\/a> de Th\u00e9ssalonique<\/li><\/ul>\n\n\n\n<h3 class=\"wp-block-heading\">Su\u00e8de<\/h3>\n\n\n\n<ul class=\"wp-block-list\"><li><a href=\"https:\/\/alexandra-exter.net\/musees\/moderna-museet-de-stockholm\/\">Moderna Museet<\/a> de Stockholm<\/li><\/ul>\n\n\n\n<h2 class=\"wp-block-heading\">Les institutions mus\u00e9ales des \u00c9tats-Unis et du Canada<\/h2>\n\n\n\n<ul class=\"wp-block-list\"><li><a href=\"https:\/\/alexandra-exter.net\/musees\/museum-of-modern-art-moma-de-new-york\/\">Museum of Modern Art (MoMA)<\/a> de New York<\/li><li><a href=\"https:\/\/alexandra-exter.net\/musees\/new-york-public-library-lincoln-center\/\">New York Public Library<\/a> (Lincoln Center)<\/li><li> <a href=\"https:\/\/alexandra-exter.net\/musees\/albrignt-knox-art-gallery-buffalo\/\">Albrignt Knox Art Gallery<\/a>, Buffalo<\/li><li>Museum of Fine Arts, Philadelphia<\/li><li>The Neuberger Museum of Art, Purchase, NY<\/li><li>Wadsworth Atheneum, Hartford<\/li><li>Universit\u00e9 de Texas \u00e0 Austin.  \u00c0 la collection th\u00e9\u00e2trale de l\u2019Universit\u00e9 de Texas, constitu\u00e9e par Carlton Lake, on trouve plusieurs esquisses th\u00e9\u00e2trales  d\u2019Exter. <\/li><li>National Gallery of Canada, Toronto, Ontario <\/li><\/ul>","protected":false},"excerpt":{"rendered":"<p>\u00c0 part un important groupe de projets de d\u00e9coration th\u00e9\u00e2trale, conserv\u00e9 au mus\u00e9e th\u00e9\u00e2tral Bakhrouchine de Moscou (\u0413\u043e\u0441\u0443\u0434\u0430\u0440\u0441\u0442\u0432\u0435\u043d\u043d\u044b\u0439 \u0446\u0435\u043d\u0442\u0440\u0430\u043b\u044c\u043d\u044b\u0439 \u0442\u0435\u0430\u0442\u0440\u0430\u043b\u044c\u043d\u044b\u0439 \u043c\u0443\u0437\u0435\u0439 \u0438\u043c. \u0410.\u0410.\u0411\u0430\u0445\u0440\u0443\u0448\u0438\u043d\u0430), aucune collection publique russe ou occidentale ne dispose d\u2019un ensemble coh\u00e9rent d\u2019\u0153uvres qui permettrait d\u2019acc\u00e9der \u00e0 une connaissance si tant soit peu structur\u00e9e de l\u2019ensemble de la cr\u00e9ation de l\u2019artiste et m\u00eame [&hellip;]<\/p>","protected":false},"author":1,"featured_media":52382,"parent":0,"menu_order":0,"comment_status":"closed","ping_status":"closed","template":"","meta":{"_relevanssi_hide_post":"","_relevanssi_hide_content":"","_relevanssi_pin_for_all":"","_relevanssi_pin_keywords":"","_relevanssi_unpin_keywords":"","_relevanssi_related_keywords":"","_relevanssi_related_include_ids":"","_relevanssi_related_exclude_ids":"","_relevanssi_related_no_append":"","_relevanssi_related_not_related":"","_relevanssi_related_posts":"","_relevanssi_noindex_reason":"","_genesis_hide_title":false,"_genesis_hide_breadcrumbs":false,"_genesis_hide_singular_image":false,"_genesis_hide_footer_widgets":false,"_genesis_custom_body_class":"","_genesis_custom_post_class":"","_genesis_layout":"","footnotes":""},"class_list":{"0":"post-52627","1":"page","2":"type-page","3":"status-publish","4":"has-post-thumbnail","6":"entry"},"yoast_head":"<!-- This site is optimized with the Yoast SEO Premium plugin v26.7 (Yoast SEO v27.3) - https:\/\/yoast.com\/product\/yoast-seo-premium-wordpress\/ -->\n<title>L\u2019\u0153uvre dans les collections publiques - Association Alexandra Exter<\/title>\n<meta name=\"robots\" content=\"index, follow, max-snippet:-1, max-image-preview:large, max-video-preview:-1\" \/>\n<link rel=\"canonical\" href=\"https:\/\/alexandra-exter.net\/en\/collections-publiques\/\" \/>\n<meta property=\"og:locale\" content=\"en_US\" \/>\n<meta property=\"og:type\" content=\"article\" \/>\n<meta property=\"og:title\" content=\"L\u2019\u0153uvre dans les collections publiques\" \/>\n<meta property=\"og:description\" content=\"\u00c0 part un important groupe de projets de d\u00e9coration th\u00e9\u00e2trale, conserv\u00e9 au mus\u00e9e th\u00e9\u00e2tral Bakhrouchine de Moscou (\u0413\u043e\u0441\u0443\u0434\u0430\u0440\u0441\u0442\u0432\u0435\u043d\u043d\u044b\u0439 \u0446\u0435\u043d\u0442\u0440\u0430\u043b\u044c\u043d\u044b\u0439 \u0442\u0435\u0430\u0442\u0440\u0430\u043b\u044c\u043d\u044b\u0439 \u043c\u0443\u0437\u0435\u0439 \u0438\u043c. \u0410.\u0410.\u0411\u0430\u0445\u0440\u0443\u0448\u0438\u043d\u0430), aucune collection publique russe ou occidentale ne dispose d\u2019un ensemble coh\u00e9rent d\u2019\u0153uvres qui permettrait d\u2019acc\u00e9der \u00e0 une connaissance si tant soit peu structur\u00e9e de l\u2019ensemble de la cr\u00e9ation de l\u2019artiste et m\u00eame [&hellip;]\" \/>\n<meta property=\"og:url\" content=\"https:\/\/alexandra-exter.net\/en\/collections-publiques\/\" \/>\n<meta property=\"og:site_name\" content=\"Association Alexandra Exter\" \/>\n<meta property=\"article:modified_time\" content=\"2020-02-01T15:31:30+00:00\" \/>\n<meta property=\"og:image\" content=\"https:\/\/alexandra-exter.net\/wp-content\/uploads\/sites\/2\/2019\/11\/Exter-Composition-non-objective-1922-top.jpg\" \/>\n\t<meta property=\"og:image:width\" content=\"1866\" \/>\n\t<meta property=\"og:image:height\" content=\"449\" \/>\n\t<meta property=\"og:image:type\" content=\"image\/jpeg\" \/>\n<meta name=\"twitter:card\" content=\"summary_large_image\" \/>\n<meta name=\"twitter:label1\" content=\"Est. reading time\" \/>\n\t<meta name=\"twitter:data1\" content=\"2 minutes\" \/>\n<script type=\"application\/ld+json\" class=\"yoast-schema-graph\">{\"@context\":\"https:\\\/\\\/schema.org\",\"@graph\":[{\"@type\":\"WebPage\",\"@id\":\"https:\\\/\\\/alexandra-exter.net\\\/en\\\/collections-publiques\\\/\",\"url\":\"https:\\\/\\\/alexandra-exter.net\\\/en\\\/collections-publiques\\\/\",\"name\":\"L\u2019\u0153uvre dans les collections publiques - Association Alexandra Exter\",\"isPartOf\":{\"@id\":\"https:\\\/\\\/alexandra-exter.net\\\/en\\\/#website\"},\"primaryImageOfPage\":{\"@id\":\"https:\\\/\\\/alexandra-exter.net\\\/en\\\/collections-publiques\\\/#primaryimage\"},\"image\":{\"@id\":\"https:\\\/\\\/alexandra-exter.net\\\/en\\\/collections-publiques\\\/#primaryimage\"},\"thumbnailUrl\":\"https:\\\/\\\/alexandra-exter.net\\\/wp-content\\\/uploads\\\/sites\\\/2\\\/2019\\\/11\\\/Exter-Composition-non-objective-1922-top.jpg\",\"datePublished\":\"2019-11-20T15:12:38+00:00\",\"dateModified\":\"2020-02-01T15:31:30+00:00\",\"breadcrumb\":{\"@id\":\"https:\\\/\\\/alexandra-exter.net\\\/en\\\/collections-publiques\\\/#breadcrumb\"},\"inLanguage\":\"en-US\",\"potentialAction\":[{\"@type\":\"ReadAction\",\"target\":[\"https:\\\/\\\/alexandra-exter.net\\\/en\\\/collections-publiques\\\/\"]}]},{\"@type\":\"ImageObject\",\"inLanguage\":\"en-US\",\"@id\":\"https:\\\/\\\/alexandra-exter.net\\\/en\\\/collections-publiques\\\/#primaryimage\",\"url\":\"https:\\\/\\\/alexandra-exter.net\\\/wp-content\\\/uploads\\\/sites\\\/2\\\/2019\\\/11\\\/Exter-Composition-non-objective-1922-top.jpg\",\"contentUrl\":\"https:\\\/\\\/alexandra-exter.net\\\/wp-content\\\/uploads\\\/sites\\\/2\\\/2019\\\/11\\\/Exter-Composition-non-objective-1922-top.jpg\",\"width\":1866,\"height\":449},{\"@type\":\"BreadcrumbList\",\"@id\":\"https:\\\/\\\/alexandra-exter.net\\\/en\\\/collections-publiques\\\/#breadcrumb\",\"itemListElement\":[{\"@type\":\"ListItem\",\"position\":1,\"name\":\"Accueil\",\"item\":\"https:\\\/\\\/alexandra-exter.net\\\/en\\\/\"},{\"@type\":\"ListItem\",\"position\":2,\"name\":\"L\u2019\u0153uvre dans les collections publiques\"}]},{\"@type\":\"WebSite\",\"@id\":\"https:\\\/\\\/alexandra-exter.net\\\/en\\\/#website\",\"url\":\"https:\\\/\\\/alexandra-exter.net\\\/en\\\/\",\"name\":\"Association Alexandra Exter\",\"description\":\"\",\"potentialAction\":[{\"@type\":\"SearchAction\",\"target\":{\"@type\":\"EntryPoint\",\"urlTemplate\":\"https:\\\/\\\/alexandra-exter.net\\\/en\\\/?s={search_term_string}\"},\"query-input\":{\"@type\":\"PropertyValueSpecification\",\"valueRequired\":true,\"valueName\":\"search_term_string\"}}],\"inLanguage\":\"en-US\"}]}<\/script>\n<!-- \/ Yoast SEO Premium plugin. -->","yoast_head_json":{"title":"L\u2019\u0153uvre dans les collections publiques - Association Alexandra Exter","robots":{"index":"index","follow":"follow","max-snippet":"max-snippet:-1","max-image-preview":"max-image-preview:large","max-video-preview":"max-video-preview:-1"},"canonical":"https:\/\/alexandra-exter.net\/en\/collections-publiques\/","og_locale":"en_US","og_type":"article","og_title":"L\u2019\u0153uvre dans les collections publiques","og_description":"\u00c0 part un important groupe de projets de d\u00e9coration th\u00e9\u00e2trale, conserv\u00e9 au mus\u00e9e th\u00e9\u00e2tral Bakhrouchine de Moscou (\u0413\u043e\u0441\u0443\u0434\u0430\u0440\u0441\u0442\u0432\u0435\u043d\u043d\u044b\u0439 \u0446\u0435\u043d\u0442\u0440\u0430\u043b\u044c\u043d\u044b\u0439 \u0442\u0435\u0430\u0442\u0440\u0430\u043b\u044c\u043d\u044b\u0439 \u043c\u0443\u0437\u0435\u0439 \u0438\u043c. \u0410.\u0410.\u0411\u0430\u0445\u0440\u0443\u0448\u0438\u043d\u0430), aucune collection publique russe ou occidentale ne dispose d\u2019un ensemble coh\u00e9rent d\u2019\u0153uvres qui permettrait d\u2019acc\u00e9der \u00e0 une connaissance si tant soit peu structur\u00e9e de l\u2019ensemble de la cr\u00e9ation de l\u2019artiste et m\u00eame [&hellip;]","og_url":"https:\/\/alexandra-exter.net\/en\/collections-publiques\/","og_site_name":"Association Alexandra Exter","article_modified_time":"2020-02-01T15:31:30+00:00","og_image":[{"width":1866,"height":449,"url":"https:\/\/alexandra-exter.net\/wp-content\/uploads\/sites\/2\/2019\/11\/Exter-Composition-non-objective-1922-top.jpg","type":"image\/jpeg"}],"twitter_card":"summary_large_image","twitter_misc":{"Est. reading time":"2 minutes"},"schema":{"@context":"https:\/\/schema.org","@graph":[{"@type":"WebPage","@id":"https:\/\/alexandra-exter.net\/en\/collections-publiques\/","url":"https:\/\/alexandra-exter.net\/en\/collections-publiques\/","name":"L\u2019\u0153uvre dans les collections publiques - Association Alexandra Exter","isPartOf":{"@id":"https:\/\/alexandra-exter.net\/en\/#website"},"primaryImageOfPage":{"@id":"https:\/\/alexandra-exter.net\/en\/collections-publiques\/#primaryimage"},"image":{"@id":"https:\/\/alexandra-exter.net\/en\/collections-publiques\/#primaryimage"},"thumbnailUrl":"https:\/\/alexandra-exter.net\/wp-content\/uploads\/sites\/2\/2019\/11\/Exter-Composition-non-objective-1922-top.jpg","datePublished":"2019-11-20T15:12:38+00:00","dateModified":"2020-02-01T15:31:30+00:00","breadcrumb":{"@id":"https:\/\/alexandra-exter.net\/en\/collections-publiques\/#breadcrumb"},"inLanguage":"en-US","potentialAction":[{"@type":"ReadAction","target":["https:\/\/alexandra-exter.net\/en\/collections-publiques\/"]}]},{"@type":"ImageObject","inLanguage":"en-US","@id":"https:\/\/alexandra-exter.net\/en\/collections-publiques\/#primaryimage","url":"https:\/\/alexandra-exter.net\/wp-content\/uploads\/sites\/2\/2019\/11\/Exter-Composition-non-objective-1922-top.jpg","contentUrl":"https:\/\/alexandra-exter.net\/wp-content\/uploads\/sites\/2\/2019\/11\/Exter-Composition-non-objective-1922-top.jpg","width":1866,"height":449},{"@type":"BreadcrumbList","@id":"https:\/\/alexandra-exter.net\/en\/collections-publiques\/#breadcrumb","itemListElement":[{"@type":"ListItem","position":1,"name":"Accueil","item":"https:\/\/alexandra-exter.net\/en\/"},{"@type":"ListItem","position":2,"name":"L\u2019\u0153uvre dans les collections publiques"}]},{"@type":"WebSite","@id":"https:\/\/alexandra-exter.net\/en\/#website","url":"https:\/\/alexandra-exter.net\/en\/","name":"Association Alexandra Exter","description":"","potentialAction":[{"@type":"SearchAction","target":{"@type":"EntryPoint","urlTemplate":"https:\/\/alexandra-exter.net\/en\/?s={search_term_string}"},"query-input":{"@type":"PropertyValueSpecification","valueRequired":true,"valueName":"search_term_string"}}],"inLanguage":"en-US"}]}},"_links":{"self":[{"href":"https:\/\/alexandra-exter.net\/en\/wp-json\/wp\/v2\/pages\/52627","targetHints":{"allow":["GET"]}}],"collection":[{"href":"https:\/\/alexandra-exter.net\/en\/wp-json\/wp\/v2\/pages"}],"about":[{"href":"https:\/\/alexandra-exter.net\/en\/wp-json\/wp\/v2\/types\/page"}],"author":[{"embeddable":true,"href":"https:\/\/alexandra-exter.net\/en\/wp-json\/wp\/v2\/users\/1"}],"replies":[{"embeddable":true,"href":"https:\/\/alexandra-exter.net\/en\/wp-json\/wp\/v2\/comments?post=52627"}],"version-history":[{"count":0,"href":"https:\/\/alexandra-exter.net\/en\/wp-json\/wp\/v2\/pages\/52627\/revisions"}],"wp:featuredmedia":[{"embeddable":true,"href":"https:\/\/alexandra-exter.net\/en\/wp-json\/wp\/v2\/media\/52382"}],"wp:attachment":[{"href":"https:\/\/alexandra-exter.net\/en\/wp-json\/wp\/v2\/media?parent=52627"}],"curies":[{"name":"wp","href":"https:\/\/api.w.org\/{rel}","templated":true}]}}