{"id":52015,"date":"2019-11-15T20:22:34","date_gmt":"2019-11-15T19:22:34","guid":{"rendered":"https:\/\/alexandra-exter.net\/?page_id=52015"},"modified":"2019-12-21T18:10:21","modified_gmt":"2019-12-21T17:10:21","slug":"p%d0%b5%d0%b3%d0%b8%d1%81%d1%82%d1%80%d0%b0%d1%86%d0%b8%d1%8f","status":"publish","type":"page","link":"https:\/\/alexandra-exter.net\/ru\/association-alexandra-exter\/p%d0%b5%d0%b3%d0%b8%d1%81%d1%82%d1%80%d0%b0%d1%86%d0%b8%d1%8f\/","title":{"rendered":"P\u0435\u0433\u0438\u0441\u0442\u0440\u0430\u0446\u0438\u044f"},"content":{"rendered":"\n<p>T\u00e9l\u00e9charger la demande d&#8217;<a href=\"https:\/\/alexandra-exter.net\/wp-content\/uploads\/sites\/2\/2019\/11\/Adhesion-association-AE.pdf\" class=\"mtli_attachment mtli_pdf\">adh\u00e9sion<\/a><\/p>","protected":false},"excerpt":{"rendered":"<p>T\u00e9l\u00e9charger la demande d&#8217;adh\u00e9sion<\/p>","protected":false},"author":1,"featured_media":52002,"parent":52000,"menu_order":0,"comment_status":"closed","ping_status":"closed","template":"","meta":{"_relevanssi_hide_post":"","_relevanssi_hide_content":"","_relevanssi_pin_for_all":"","_relevanssi_pin_keywords":"","_relevanssi_unpin_keywords":"","_relevanssi_related_keywords":"","_relevanssi_related_include_ids":"","_relevanssi_related_exclude_ids":"","_relevanssi_related_no_append":"","_relevanssi_related_not_related":"","_relevanssi_related_posts":"","_relevanssi_noindex_reason":"","_genesis_hide_title":false,"_genesis_hide_breadcrumbs":false,"_genesis_hide_singular_image":false,"_genesis_hide_footer_widgets":false,"_genesis_custom_body_class":"","_genesis_custom_post_class":"","_genesis_layout":"","footnotes":""},"class_list":{"0":"post-52015","1":"page","2":"type-page","3":"status-publish","4":"has-post-thumbnail","6":"entry"},"yoast_head":"<!-- This site is optimized with the Yoast SEO Premium plugin v27.4 (Yoast SEO v27.4) - https:\/\/yoast.com\/product\/yoast-seo-premium-wordpress\/ -->\n<title>P\u0435\u0433\u0438\u0441\u0442\u0440\u0430\u0446\u0438\u044f - Association Alexandra Exter<\/title>\n<meta name=\"robots\" content=\"index, follow, max-snippet:-1, max-image-preview:large, max-video-preview:-1\" \/>\n<link rel=\"canonical\" href=\"https:\/\/alexandra-exter.net\/ru\/association-alexandra-exter\/p%d0%b5%d0%b3%d0%b8%d1%81%d1%82%d1%80%d0%b0%d1%86%d0%b8%d1%8f\/\" \/>\n<meta property=\"og:locale\" content=\"ru_RU\" \/>\n<meta property=\"og:type\" content=\"article\" \/>\n<meta property=\"og:title\" content=\"P\u0435\u0433\u0438\u0441\u0442\u0440\u0430\u0446\u0438\u044f\" \/>\n<meta property=\"og:description\" content=\"T\u00e9l\u00e9charger la demande d&#8217;adh\u00e9sion\" \/>\n<meta property=\"og:url\" content=\"https:\/\/alexandra-exter.net\/ru\/association-alexandra-exter\/p%d0%b5%d0%b3%d0%b8%d1%81%d1%82%d1%80%d0%b0%d1%86%d0%b8%d1%8f\/\" \/>\n<meta property=\"og:site_name\" content=\"Association Alexandra Exter\" \/>\n<meta property=\"article:modified_time\" content=\"2019-12-21T17:10:21+00:00\" \/>\n<meta property=\"og:image\" content=\"https:\/\/alexandra-exter.net\/wp-content\/uploads\/sites\/2\/2019\/11\/Exter-Paravent.jpg\" \/>\n\t<meta property=\"og:image:width\" content=\"2222\" \/>\n\t<meta property=\"og:image:height\" content=\"534\" \/>\n\t<meta property=\"og:image:type\" content=\"image\/jpeg\" \/>\n<meta name=\"twitter:card\" content=\"summary_large_image\" \/>\n<script type=\"application\/ld+json\" class=\"yoast-schema-graph\">{\"@context\":\"https:\\\/\\\/schema.org\",\"@graph\":[{\"@type\":\"WebPage\",\"@id\":\"https:\\\/\\\/alexandra-exter.net\\\/ru\\\/association-alexandra-exter\\\/p%d0%b5%d0%b3%d0%b8%d1%81%d1%82%d1%80%d0%b0%d1%86%d0%b8%d1%8f\\\/\",\"url\":\"https:\\\/\\\/alexandra-exter.net\\\/ru\\\/association-alexandra-exter\\\/p%d0%b5%d0%b3%d0%b8%d1%81%d1%82%d1%80%d0%b0%d1%86%d0%b8%d1%8f\\\/\",\"name\":\"P\u0435\u0433\u0438\u0441\u0442\u0440\u0430\u0446\u0438\u044f - Association Alexandra Exter\",\"isPartOf\":{\"@id\":\"https:\\\/\\\/alexandra-exter.net\\\/ru\\\/#website\"},\"primaryImageOfPage\":{\"@id\":\"https:\\\/\\\/alexandra-exter.net\\\/ru\\\/association-alexandra-exter\\\/p%d0%b5%d0%b3%d0%b8%d1%81%d1%82%d1%80%d0%b0%d1%86%d0%b8%d1%8f\\\/#primaryimage\"},\"image\":{\"@id\":\"https:\\\/\\\/alexandra-exter.net\\\/ru\\\/association-alexandra-exter\\\/p%d0%b5%d0%b3%d0%b8%d1%81%d1%82%d1%80%d0%b0%d1%86%d0%b8%d1%8f\\\/#primaryimage\"},\"thumbnailUrl\":\"https:\\\/\\\/alexandra-exter.net\\\/wp-content\\\/uploads\\\/sites\\\/2\\\/2019\\\/11\\\/Exter-Paravent.jpg\",\"datePublished\":\"2019-11-15T19:22:34+00:00\",\"dateModified\":\"2019-12-21T17:10:21+00:00\",\"breadcrumb\":{\"@id\":\"https:\\\/\\\/alexandra-exter.net\\\/ru\\\/association-alexandra-exter\\\/p%d0%b5%d0%b3%d0%b8%d1%81%d1%82%d1%80%d0%b0%d1%86%d0%b8%d1%8f\\\/#breadcrumb\"},\"inLanguage\":\"ru-RU\",\"potentialAction\":[{\"@type\":\"ReadAction\",\"target\":[\"https:\\\/\\\/alexandra-exter.net\\\/ru\\\/association-alexandra-exter\\\/p%d0%b5%d0%b3%d0%b8%d1%81%d1%82%d1%80%d0%b0%d1%86%d0%b8%d1%8f\\\/\"]}]},{\"@type\":\"ImageObject\",\"inLanguage\":\"ru-RU\",\"@id\":\"https:\\\/\\\/alexandra-exter.net\\\/ru\\\/association-alexandra-exter\\\/p%d0%b5%d0%b3%d0%b8%d1%81%d1%82%d1%80%d0%b0%d1%86%d0%b8%d1%8f\\\/#primaryimage\",\"url\":\"https:\\\/\\\/alexandra-exter.net\\\/wp-content\\\/uploads\\\/sites\\\/2\\\/2019\\\/11\\\/Exter-Paravent.jpg\",\"contentUrl\":\"https:\\\/\\\/alexandra-exter.net\\\/wp-content\\\/uploads\\\/sites\\\/2\\\/2019\\\/11\\\/Exter-Paravent.jpg\",\"width\":2222,\"height\":534},{\"@type\":\"BreadcrumbList\",\"@id\":\"https:\\\/\\\/alexandra-exter.net\\\/ru\\\/association-alexandra-exter\\\/p%d0%b5%d0%b3%d0%b8%d1%81%d1%82%d1%80%d0%b0%d1%86%d0%b8%d1%8f\\\/#breadcrumb\",\"itemListElement\":[{\"@type\":\"ListItem\",\"position\":1,\"name\":\"Accueil\",\"item\":\"https:\\\/\\\/alexandra-exter.net\\\/ru\\\/\"},{\"@type\":\"ListItem\",\"position\":2,\"name\":\"\u041e\u0431\u0449\u0435\u0441\u0442\u0432\u043e \u0410\u043b\u0435\u043a\u0441\u0430\u043d\u0434\u0440\u0430 \u042d\u043a\u0441\u0442\u0435\u0440\",\"item\":\"https:\\\/\\\/alexandra-exter.net\\\/ru\\\/association-alexandra-exter\\\/\"},{\"@type\":\"ListItem\",\"position\":3,\"name\":\"P\u0435\u0433\u0438\u0441\u0442\u0440\u0430\u0446\u0438\u044f\"}]},{\"@type\":\"WebSite\",\"@id\":\"https:\\\/\\\/alexandra-exter.net\\\/ru\\\/#website\",\"url\":\"https:\\\/\\\/alexandra-exter.net\\\/ru\\\/\",\"name\":\"Association Alexandra Exter\",\"description\":\"\",\"potentialAction\":[{\"@type\":\"SearchAction\",\"target\":{\"@type\":\"EntryPoint\",\"urlTemplate\":\"https:\\\/\\\/alexandra-exter.net\\\/ru\\\/?s={search_term_string}\"},\"query-input\":{\"@type\":\"PropertyValueSpecification\",\"valueRequired\":true,\"valueName\":\"search_term_string\"}}],\"inLanguage\":\"ru-RU\"}]}<\/script>\n<!-- \/ Yoast SEO Premium plugin. -->","yoast_head_json":{"title":"P\u0435\u0433\u0438\u0441\u0442\u0440\u0430\u0446\u0438\u044f - Association Alexandra Exter","robots":{"index":"index","follow":"follow","max-snippet":"max-snippet:-1","max-image-preview":"max-image-preview:large","max-video-preview":"max-video-preview:-1"},"canonical":"https:\/\/alexandra-exter.net\/ru\/association-alexandra-exter\/p%d0%b5%d0%b3%d0%b8%d1%81%d1%82%d1%80%d0%b0%d1%86%d0%b8%d1%8f\/","og_locale":"ru_RU","og_type":"article","og_title":"P\u0435\u0433\u0438\u0441\u0442\u0440\u0430\u0446\u0438\u044f","og_description":"T\u00e9l\u00e9charger la demande d&#8217;adh\u00e9sion","og_url":"https:\/\/alexandra-exter.net\/ru\/association-alexandra-exter\/p%d0%b5%d0%b3%d0%b8%d1%81%d1%82%d1%80%d0%b0%d1%86%d0%b8%d1%8f\/","og_site_name":"Association Alexandra Exter","article_modified_time":"2019-12-21T17:10:21+00:00","og_image":[{"width":2222,"height":534,"url":"https:\/\/alexandra-exter.net\/wp-content\/uploads\/sites\/2\/2019\/11\/Exter-Paravent.jpg","type":"image\/jpeg"}],"twitter_card":"summary_large_image","schema":{"@context":"https:\/\/schema.org","@graph":[{"@type":"WebPage","@id":"https:\/\/alexandra-exter.net\/ru\/association-alexandra-exter\/p%d0%b5%d0%b3%d0%b8%d1%81%d1%82%d1%80%d0%b0%d1%86%d0%b8%d1%8f\/","url":"https:\/\/alexandra-exter.net\/ru\/association-alexandra-exter\/p%d0%b5%d0%b3%d0%b8%d1%81%d1%82%d1%80%d0%b0%d1%86%d0%b8%d1%8f\/","name":"P\u0435\u0433\u0438\u0441\u0442\u0440\u0430\u0446\u0438\u044f - Association Alexandra Exter","isPartOf":{"@id":"https:\/\/alexandra-exter.net\/ru\/#website"},"primaryImageOfPage":{"@id":"https:\/\/alexandra-exter.net\/ru\/association-alexandra-exter\/p%d0%b5%d0%b3%d0%b8%d1%81%d1%82%d1%80%d0%b0%d1%86%d0%b8%d1%8f\/#primaryimage"},"image":{"@id":"https:\/\/alexandra-exter.net\/ru\/association-alexandra-exter\/p%d0%b5%d0%b3%d0%b8%d1%81%d1%82%d1%80%d0%b0%d1%86%d0%b8%d1%8f\/#primaryimage"},"thumbnailUrl":"https:\/\/alexandra-exter.net\/wp-content\/uploads\/sites\/2\/2019\/11\/Exter-Paravent.jpg","datePublished":"2019-11-15T19:22:34+00:00","dateModified":"2019-12-21T17:10:21+00:00","breadcrumb":{"@id":"https:\/\/alexandra-exter.net\/ru\/association-alexandra-exter\/p%d0%b5%d0%b3%d0%b8%d1%81%d1%82%d1%80%d0%b0%d1%86%d0%b8%d1%8f\/#breadcrumb"},"inLanguage":"ru-RU","potentialAction":[{"@type":"ReadAction","target":["https:\/\/alexandra-exter.net\/ru\/association-alexandra-exter\/p%d0%b5%d0%b3%d0%b8%d1%81%d1%82%d1%80%d0%b0%d1%86%d0%b8%d1%8f\/"]}]},{"@type":"ImageObject","inLanguage":"ru-RU","@id":"https:\/\/alexandra-exter.net\/ru\/association-alexandra-exter\/p%d0%b5%d0%b3%d0%b8%d1%81%d1%82%d1%80%d0%b0%d1%86%d0%b8%d1%8f\/#primaryimage","url":"https:\/\/alexandra-exter.net\/wp-content\/uploads\/sites\/2\/2019\/11\/Exter-Paravent.jpg","contentUrl":"https:\/\/alexandra-exter.net\/wp-content\/uploads\/sites\/2\/2019\/11\/Exter-Paravent.jpg","width":2222,"height":534},{"@type":"BreadcrumbList","@id":"https:\/\/alexandra-exter.net\/ru\/association-alexandra-exter\/p%d0%b5%d0%b3%d0%b8%d1%81%d1%82%d1%80%d0%b0%d1%86%d0%b8%d1%8f\/#breadcrumb","itemListElement":[{"@type":"ListItem","position":1,"name":"Accueil","item":"https:\/\/alexandra-exter.net\/ru\/"},{"@type":"ListItem","position":2,"name":"\u041e\u0431\u0449\u0435\u0441\u0442\u0432\u043e \u0410\u043b\u0435\u043a\u0441\u0430\u043d\u0434\u0440\u0430 \u042d\u043a\u0441\u0442\u0435\u0440","item":"https:\/\/alexandra-exter.net\/ru\/association-alexandra-exter\/"},{"@type":"ListItem","position":3,"name":"P\u0435\u0433\u0438\u0441\u0442\u0440\u0430\u0446\u0438\u044f"}]},{"@type":"WebSite","@id":"https:\/\/alexandra-exter.net\/ru\/#website","url":"https:\/\/alexandra-exter.net\/ru\/","name":"Association Alexandra Exter","description":"","potentialAction":[{"@type":"SearchAction","target":{"@type":"EntryPoint","urlTemplate":"https:\/\/alexandra-exter.net\/ru\/?s={search_term_string}"},"query-input":{"@type":"PropertyValueSpecification","valueRequired":true,"valueName":"search_term_string"}}],"inLanguage":"ru-RU"}]}},"_links":{"self":[{"href":"https:\/\/alexandra-exter.net\/ru\/wp-json\/wp\/v2\/pages\/52015","targetHints":{"allow":["GET"]}}],"collection":[{"href":"https:\/\/alexandra-exter.net\/ru\/wp-json\/wp\/v2\/pages"}],"about":[{"href":"https:\/\/alexandra-exter.net\/ru\/wp-json\/wp\/v2\/types\/page"}],"author":[{"embeddable":true,"href":"https:\/\/alexandra-exter.net\/ru\/wp-json\/wp\/v2\/users\/1"}],"replies":[{"embeddable":true,"href":"https:\/\/alexandra-exter.net\/ru\/wp-json\/wp\/v2\/comments?post=52015"}],"version-history":[{"count":0,"href":"https:\/\/alexandra-exter.net\/ru\/wp-json\/wp\/v2\/pages\/52015\/revisions"}],"up":[{"embeddable":true,"href":"https:\/\/alexandra-exter.net\/ru\/wp-json\/wp\/v2\/pages\/52000"}],"wp:featuredmedia":[{"embeddable":true,"href":"https:\/\/alexandra-exter.net\/ru\/wp-json\/wp\/v2\/media\/52002"}],"wp:attachment":[{"href":"https:\/\/alexandra-exter.net\/ru\/wp-json\/wp\/v2\/media?parent=52015"}],"curies":[{"name":"wp","href":"https:\/\/api.w.org\/{rel}","templated":true}]}}