{"id":52660,"date":"2019-11-15T21:06:15","date_gmt":"2019-11-15T20:06:15","guid":{"rendered":"https:\/\/alexandra-exter.net\/association-alexandra-exter\/droit-moral\/"},"modified":"2019-12-23T18:19:16","modified_gmt":"2019-12-23T17:19:16","slug":"droit-moral","status":"publish","type":"page","link":"https:\/\/alexandra-exter.net\/ru\/association-alexandra-exter\/droit-moral\/","title":{"rendered":"Droit moral"},"content":{"rendered":"\n<p>Conform\u00e9ment au legs moral et documentaire de Simon Lissim, notre association continue son action en d\u00e9fense de l\u2019\u0153uvre d\u2019Alexandra Exter.<\/p>\n<p>Notre action semble avoir d\u00e9j\u00e0 eu un r\u00e9sultat visible&nbsp;: les faux sont en passe de dispara\u00eetre de la surface des catalogues des ventes aux ench\u00e8res ainsi que des cimaises des foires d\u2019art. L\u2019\u0153uvre d\u2019Alexandra Exter est en train de retrouver peu \u00e0 peu une image de s\u00e9r\u00e9nit\u00e9&nbsp;: c\u2019est notre but, et le seul.<\/p>\n\n\n\n<p style=\"text-align: center;\">Attribution du droit moral 2017<\/p>\n<figure id=\"attachment_50596\" aria-describedby=\"caption-attachment-50596\" style=\"width: 245px\" class=\"wp-caption aligncenter\"><a href=\"https:\/\/alexandra-exter.net\/wp-content\/uploads\/sites\/2\/2019\/11\/Droit-moral-Exter-2017.pdf\" class=\"mtli_attachment mtli_pdf\"><img decoding=\"async\" class=\"wp-image-50596 size-full\" src=\"https:\/\/alexandra-exter.net\/wp-content\/uploads\/sites\/2\/2019\/11\/Droit-moral-Exter-2017.jpg\" alt=\"\" width=\"245\" height=\"346\" srcset=\"https:\/\/alexandra-exter.net\/wp-content\/uploads\/sites\/2\/2019\/11\/Droit-moral-Exter-2017.jpg 245w, https:\/\/alexandra-exter.net\/wp-content\/uploads\/sites\/2\/2019\/11\/Droit-moral-Exter-2017-212x300.jpg 212w\" sizes=\"(max-width: 245px) 100vw, 245px\" \/><\/a><figcaption id=\"caption-attachment-50596\" class=\"wp-caption-text\">Ordonnance du 11 janvier 2017<br>Tribunal de Grande Instance de Paris<\/figcaption><\/figure>\n<p>&nbsp;<\/p>\n<hr>\n<p>&nbsp;<\/p>\n\n\n\n\n\n<p style=\"text-align: center;\">Attribution du droit moral 2016<\/p>\n<figure id=\"attachment_50606\" aria-describedby=\"caption-attachment-50606\" style=\"width: 245px\" class=\"wp-caption aligncenter\"><a href=\"https:\/\/alexandra-exter.net\/wp-content\/uploads\/sites\/2\/2019\/11\/Droit-moral-Exter-2016.pdf\" class=\"mtli_attachment mtli_pdf\"><img decoding=\"async\" class=\"wp-image-50606 size-full\" src=\"https:\/\/alexandra-exter.net\/wp-content\/uploads\/sites\/2\/2019\/11\/Droit-moral-Exter-2016.jpg\" alt=\"\" width=\"245\" height=\"346\" srcset=\"https:\/\/alexandra-exter.net\/wp-content\/uploads\/sites\/2\/2019\/11\/Droit-moral-Exter-2016.jpg 245w, https:\/\/alexandra-exter.net\/wp-content\/uploads\/sites\/2\/2019\/11\/Droit-moral-Exter-2016-212x300.jpg 212w\" sizes=\"(max-width: 245px) 100vw, 245px\" \/><\/a><figcaption id=\"caption-attachment-50606\" class=\"wp-caption-text\">Ordonnance du 15 janvier 2016<br>Tribunal de Grande Instance de Paris<\/figcaption><\/figure>\n<p>&nbsp;<\/p>\n<hr>\n<p>&nbsp;<\/p>\n\n\n\n<p style=\"text-align: center;\">Attribution du droit moral 2015<\/p>\n<figure id=\"attachment_50617\" aria-describedby=\"caption-attachment-50617\" style=\"width: 245px\" class=\"wp-caption aligncenter\"><a href=\"https:\/\/alexandra-exter.net\/wp-content\/uploads\/sites\/2\/2019\/11\/Droit-moral-Exter-2015.pdf\" class=\"mtli_attachment mtli_pdf\"><img decoding=\"async\" class=\"wp-image-50617 size-full\" src=\"https:\/\/alexandra-exter.net\/wp-content\/uploads\/sites\/2\/2019\/11\/Droit-moral-Exter-2015.jpg\" alt=\"\" width=\"245\" height=\"347\" srcset=\"https:\/\/alexandra-exter.net\/wp-content\/uploads\/sites\/2\/2019\/11\/Droit-moral-Exter-2015.jpg 245w, https:\/\/alexandra-exter.net\/wp-content\/uploads\/sites\/2\/2019\/11\/Droit-moral-Exter-2015-212x300.jpg 212w\" sizes=\"(max-width: 245px) 100vw, 245px\" \/><\/a><figcaption id=\"caption-attachment-50617\" class=\"wp-caption-text\">Ordonnance du 15 janvier 2015<br>Tribunal de Grande Instance de Paris<\/figcaption><\/figure>\n<p>&nbsp;<\/p>\n<hr>\n<p>&nbsp;<\/p>\n\n\n\n<p style=\"text-align: center;\">Attribution du droit moral 2014<\/p>\n<figure id=\"attachment_50621\" aria-describedby=\"caption-attachment-50621\" style=\"width: 245px\" class=\"wp-caption aligncenter\"><a href=\"https:\/\/alexandra-exter.net\/wp-content\/uploads\/sites\/2\/2019\/11\/Droit-moral-Exter-2014.pdf\" class=\"mtli_attachment mtli_pdf\"><img decoding=\"async\" class=\"wp-image-50621 size-full\" src=\"https:\/\/alexandra-exter.net\/wp-content\/uploads\/sites\/2\/2019\/11\/Droit-moral-Exter-2014.jpg\" alt=\"\" width=\"245\" height=\"347\" srcset=\"https:\/\/alexandra-exter.net\/wp-content\/uploads\/sites\/2\/2019\/11\/Droit-moral-Exter-2014.jpg 245w, https:\/\/alexandra-exter.net\/wp-content\/uploads\/sites\/2\/2019\/11\/Droit-moral-Exter-2014-212x300.jpg 212w\" sizes=\"(max-width: 245px) 100vw, 245px\" \/><\/a><figcaption id=\"caption-attachment-50621\" class=\"wp-caption-text\">Ordonnance du 7 janvier 2014<br>Tribunal de Grande Instance de Paris<\/figcaption><\/figure>\n<p>&nbsp;<\/p>\n<hr>\n<p>&nbsp;<\/p>\n\n\n\n<p style=\"text-align: center;\">Attribution du droit moral 2013<\/p>\n<figure id=\"attachment_50623\" aria-describedby=\"caption-attachment-50623\" style=\"width: 245px\" class=\"wp-caption aligncenter\"><a href=\"https:\/\/alexandra-exter.net\/wp-content\/uploads\/sites\/2\/2019\/11\/Droit-moral-Exter-2013.pdf\" class=\"mtli_attachment mtli_pdf\"><img decoding=\"async\" class=\"wp-image-50623 size-full\" src=\"https:\/\/alexandra-exter.net\/wp-content\/uploads\/sites\/2\/2019\/11\/Droit-moral-Exter-2013.jpg\" alt=\"\" width=\"245\" height=\"347\" srcset=\"https:\/\/alexandra-exter.net\/wp-content\/uploads\/sites\/2\/2019\/11\/Droit-moral-Exter-2013.jpg 245w, https:\/\/alexandra-exter.net\/wp-content\/uploads\/sites\/2\/2019\/11\/Droit-moral-Exter-2013-212x300.jpg 212w\" sizes=\"(max-width: 245px) 100vw, 245px\" \/><\/a><figcaption id=\"caption-attachment-50623\" class=\"wp-caption-text\">Ordonnance du 9 janvier 2013<br>Tribunal de Grande Instance de Paris<\/figcaption><\/figure>\n<p>&nbsp;<\/p>\n<hr>\n<p>&nbsp;<\/p>\n\n\n\n<p style=\"text-align: center;\">Attribution du droit moral 2012<\/p>\n<figure id=\"attachment_50625\" aria-describedby=\"caption-attachment-50625\" style=\"width: 245px\" class=\"wp-caption aligncenter\"><a href=\"https:\/\/alexandra-exter.net\/wp-content\/uploads\/sites\/2\/2019\/11\/Droit-moral-Exter-2012.pdf\" class=\"mtli_attachment mtli_pdf\"><img decoding=\"async\" class=\"wp-image-50625 size-full\" src=\"https:\/\/alexandra-exter.net\/wp-content\/uploads\/sites\/2\/2019\/11\/Droit-moral-Exter-2012.jpg\" alt=\"\" width=\"245\" height=\"342\" srcset=\"https:\/\/alexandra-exter.net\/wp-content\/uploads\/sites\/2\/2019\/11\/Droit-moral-Exter-2012.jpg 245w, https:\/\/alexandra-exter.net\/wp-content\/uploads\/sites\/2\/2019\/11\/Droit-moral-Exter-2012-215x300.jpg 215w\" sizes=\"(max-width: 245px) 100vw, 245px\" \/><\/a><figcaption id=\"caption-attachment-50625\" class=\"wp-caption-text\">Ordonnance du 10 janvier 2012<br>Tribunal de Grande Instance de Paris<\/figcaption><\/figure>","protected":false},"excerpt":{"rendered":"<p>Conform\u00e9ment au legs moral et documentaire de Simon Lissim, notre association continue son action en d\u00e9fense de l\u2019\u0153uvre d\u2019Alexandra Exter. Notre action semble avoir d\u00e9j\u00e0 eu un r\u00e9sultat visible&nbsp;: les faux sont en passe de dispara\u00eetre de la surface des catalogues des ventes aux ench\u00e8res ainsi que des cimaises des foires d\u2019art. L\u2019\u0153uvre d\u2019Alexandra Exter [&hellip;]<\/p>","protected":false},"author":1,"featured_media":52300,"parent":52000,"menu_order":0,"comment_status":"closed","ping_status":"closed","template":"","meta":{"_relevanssi_hide_post":"","_relevanssi_hide_content":"","_relevanssi_pin_for_all":"","_relevanssi_pin_keywords":"","_relevanssi_unpin_keywords":"","_relevanssi_related_keywords":"","_relevanssi_related_include_ids":"","_relevanssi_related_exclude_ids":"","_relevanssi_related_no_append":"","_relevanssi_related_not_related":"","_relevanssi_related_posts":"","_relevanssi_noindex_reason":"","_genesis_hide_title":false,"_genesis_hide_breadcrumbs":false,"_genesis_hide_singular_image":false,"_genesis_hide_footer_widgets":false,"_genesis_custom_body_class":"","_genesis_custom_post_class":"","_genesis_layout":"","footnotes":""},"class_list":{"0":"post-52660","1":"page","2":"type-page","3":"status-publish","4":"has-post-thumbnail","6":"entry"},"yoast_head":"<!-- This site is optimized with the Yoast SEO Premium plugin v27.4 (Yoast SEO v27.4) - https:\/\/yoast.com\/product\/yoast-seo-premium-wordpress\/ -->\n<title>Droit moral - Association Alexandra Exter<\/title>\n<meta name=\"description\" content=\"Conform\u00e9ment au legs moral et documentaire de Simon Lissim, l&#039;Association Alexandra Exter continue son action en d\u00e9fense de l\u2019\u0153uvre d\u2019Alexandra Exter.\" \/>\n<meta name=\"robots\" content=\"index, follow, max-snippet:-1, max-image-preview:large, max-video-preview:-1\" \/>\n<link rel=\"canonical\" href=\"https:\/\/alexandra-exter.net\/ru\/association-alexandra-exter\/droit-moral\/\" \/>\n<meta property=\"og:locale\" content=\"ru_RU\" \/>\n<meta property=\"og:type\" content=\"article\" \/>\n<meta property=\"og:title\" content=\"Droit moral\" \/>\n<meta property=\"og:description\" content=\"Conform\u00e9ment au legs moral et documentaire de Simon Lissim, l&#039;Association Alexandra Exter continue son action en d\u00e9fense de l\u2019\u0153uvre d\u2019Alexandra Exter.\" \/>\n<meta property=\"og:url\" content=\"https:\/\/alexandra-exter.net\/ru\/association-alexandra-exter\/droit-moral\/\" \/>\n<meta property=\"og:site_name\" content=\"Association Alexandra Exter\" \/>\n<meta property=\"article:modified_time\" content=\"2019-12-23T17:19:16+00:00\" \/>\n<meta property=\"og:image\" content=\"https:\/\/alexandra-exter.net\/wp-content\/uploads\/sites\/2\/2019\/11\/Exter-Passeport-russe.jpg\" \/>\n\t<meta property=\"og:image:width\" content=\"2222\" \/>\n\t<meta property=\"og:image:height\" content=\"534\" \/>\n\t<meta property=\"og:image:type\" content=\"image\/jpeg\" \/>\n<meta name=\"twitter:card\" content=\"summary_large_image\" \/>\n<meta name=\"twitter:label1\" content=\"\u041f\u0440\u0438\u043c\u0435\u0440\u043d\u043e\u0435 \u0432\u0440\u0435\u043c\u044f \u0434\u043b\u044f \u0447\u0442\u0435\u043d\u0438\u044f\" \/>\n\t<meta name=\"twitter:data1\" content=\"1 \u043c\u0438\u043d\u0443\u0442\u0430\" \/>\n<script type=\"application\/ld+json\" class=\"yoast-schema-graph\">{\"@context\":\"https:\\\/\\\/schema.org\",\"@graph\":[{\"@type\":\"WebPage\",\"@id\":\"https:\\\/\\\/alexandra-exter.net\\\/ru\\\/association-alexandra-exter\\\/droit-moral\\\/\",\"url\":\"https:\\\/\\\/alexandra-exter.net\\\/ru\\\/association-alexandra-exter\\\/droit-moral\\\/\",\"name\":\"Droit moral - Association Alexandra Exter\",\"isPartOf\":{\"@id\":\"https:\\\/\\\/alexandra-exter.net\\\/ru\\\/#website\"},\"primaryImageOfPage\":{\"@id\":\"https:\\\/\\\/alexandra-exter.net\\\/ru\\\/association-alexandra-exter\\\/droit-moral\\\/#primaryimage\"},\"image\":{\"@id\":\"https:\\\/\\\/alexandra-exter.net\\\/ru\\\/association-alexandra-exter\\\/droit-moral\\\/#primaryimage\"},\"thumbnailUrl\":\"https:\\\/\\\/alexandra-exter.net\\\/wp-content\\\/uploads\\\/sites\\\/2\\\/2019\\\/11\\\/Exter-Passeport-russe.jpg\",\"datePublished\":\"2019-11-15T20:06:15+00:00\",\"dateModified\":\"2019-12-23T17:19:16+00:00\",\"description\":\"Conform\u00e9ment au legs moral et documentaire de Simon Lissim, l'Association Alexandra Exter continue son action en d\u00e9fense de l\u2019\u0153uvre d\u2019Alexandra Exter.\",\"breadcrumb\":{\"@id\":\"https:\\\/\\\/alexandra-exter.net\\\/ru\\\/association-alexandra-exter\\\/droit-moral\\\/#breadcrumb\"},\"inLanguage\":\"ru-RU\",\"potentialAction\":[{\"@type\":\"ReadAction\",\"target\":[\"https:\\\/\\\/alexandra-exter.net\\\/ru\\\/association-alexandra-exter\\\/droit-moral\\\/\"]}]},{\"@type\":\"ImageObject\",\"inLanguage\":\"ru-RU\",\"@id\":\"https:\\\/\\\/alexandra-exter.net\\\/ru\\\/association-alexandra-exter\\\/droit-moral\\\/#primaryimage\",\"url\":\"https:\\\/\\\/alexandra-exter.net\\\/wp-content\\\/uploads\\\/sites\\\/2\\\/2019\\\/11\\\/Exter-Passeport-russe.jpg\",\"contentUrl\":\"https:\\\/\\\/alexandra-exter.net\\\/wp-content\\\/uploads\\\/sites\\\/2\\\/2019\\\/11\\\/Exter-Passeport-russe.jpg\",\"width\":2222,\"height\":534},{\"@type\":\"BreadcrumbList\",\"@id\":\"https:\\\/\\\/alexandra-exter.net\\\/ru\\\/association-alexandra-exter\\\/droit-moral\\\/#breadcrumb\",\"itemListElement\":[{\"@type\":\"ListItem\",\"position\":1,\"name\":\"Accueil\",\"item\":\"https:\\\/\\\/alexandra-exter.net\\\/ru\\\/\"},{\"@type\":\"ListItem\",\"position\":2,\"name\":\"\u041e\u0431\u0449\u0435\u0441\u0442\u0432\u043e \u0410\u043b\u0435\u043a\u0441\u0430\u043d\u0434\u0440\u0430 \u042d\u043a\u0441\u0442\u0435\u0440\",\"item\":\"https:\\\/\\\/alexandra-exter.net\\\/ru\\\/association-alexandra-exter\\\/\"},{\"@type\":\"ListItem\",\"position\":3,\"name\":\"Droit moral\"}]},{\"@type\":\"WebSite\",\"@id\":\"https:\\\/\\\/alexandra-exter.net\\\/ru\\\/#website\",\"url\":\"https:\\\/\\\/alexandra-exter.net\\\/ru\\\/\",\"name\":\"Association Alexandra Exter\",\"description\":\"\",\"potentialAction\":[{\"@type\":\"SearchAction\",\"target\":{\"@type\":\"EntryPoint\",\"urlTemplate\":\"https:\\\/\\\/alexandra-exter.net\\\/ru\\\/?s={search_term_string}\"},\"query-input\":{\"@type\":\"PropertyValueSpecification\",\"valueRequired\":true,\"valueName\":\"search_term_string\"}}],\"inLanguage\":\"ru-RU\"}]}<\/script>\n<!-- \/ Yoast SEO Premium plugin. -->","yoast_head_json":{"title":"Droit moral - Association Alexandra Exter","description":"Conform\u00e9ment au legs moral et documentaire de Simon Lissim, l'Association Alexandra Exter continue son action en d\u00e9fense de l\u2019\u0153uvre d\u2019Alexandra Exter.","robots":{"index":"index","follow":"follow","max-snippet":"max-snippet:-1","max-image-preview":"max-image-preview:large","max-video-preview":"max-video-preview:-1"},"canonical":"https:\/\/alexandra-exter.net\/ru\/association-alexandra-exter\/droit-moral\/","og_locale":"ru_RU","og_type":"article","og_title":"Droit moral","og_description":"Conform\u00e9ment au legs moral et documentaire de Simon Lissim, l'Association Alexandra Exter continue son action en d\u00e9fense de l\u2019\u0153uvre d\u2019Alexandra Exter.","og_url":"https:\/\/alexandra-exter.net\/ru\/association-alexandra-exter\/droit-moral\/","og_site_name":"Association Alexandra Exter","article_modified_time":"2019-12-23T17:19:16+00:00","og_image":[{"width":2222,"height":534,"url":"https:\/\/alexandra-exter.net\/wp-content\/uploads\/sites\/2\/2019\/11\/Exter-Passeport-russe.jpg","type":"image\/jpeg"}],"twitter_card":"summary_large_image","twitter_misc":{"\u041f\u0440\u0438\u043c\u0435\u0440\u043d\u043e\u0435 \u0432\u0440\u0435\u043c\u044f \u0434\u043b\u044f \u0447\u0442\u0435\u043d\u0438\u044f":"1 \u043c\u0438\u043d\u0443\u0442\u0430"},"schema":{"@context":"https:\/\/schema.org","@graph":[{"@type":"WebPage","@id":"https:\/\/alexandra-exter.net\/ru\/association-alexandra-exter\/droit-moral\/","url":"https:\/\/alexandra-exter.net\/ru\/association-alexandra-exter\/droit-moral\/","name":"Droit moral - Association Alexandra Exter","isPartOf":{"@id":"https:\/\/alexandra-exter.net\/ru\/#website"},"primaryImageOfPage":{"@id":"https:\/\/alexandra-exter.net\/ru\/association-alexandra-exter\/droit-moral\/#primaryimage"},"image":{"@id":"https:\/\/alexandra-exter.net\/ru\/association-alexandra-exter\/droit-moral\/#primaryimage"},"thumbnailUrl":"https:\/\/alexandra-exter.net\/wp-content\/uploads\/sites\/2\/2019\/11\/Exter-Passeport-russe.jpg","datePublished":"2019-11-15T20:06:15+00:00","dateModified":"2019-12-23T17:19:16+00:00","description":"Conform\u00e9ment au legs moral et documentaire de Simon Lissim, l'Association Alexandra Exter continue son action en d\u00e9fense de l\u2019\u0153uvre d\u2019Alexandra Exter.","breadcrumb":{"@id":"https:\/\/alexandra-exter.net\/ru\/association-alexandra-exter\/droit-moral\/#breadcrumb"},"inLanguage":"ru-RU","potentialAction":[{"@type":"ReadAction","target":["https:\/\/alexandra-exter.net\/ru\/association-alexandra-exter\/droit-moral\/"]}]},{"@type":"ImageObject","inLanguage":"ru-RU","@id":"https:\/\/alexandra-exter.net\/ru\/association-alexandra-exter\/droit-moral\/#primaryimage","url":"https:\/\/alexandra-exter.net\/wp-content\/uploads\/sites\/2\/2019\/11\/Exter-Passeport-russe.jpg","contentUrl":"https:\/\/alexandra-exter.net\/wp-content\/uploads\/sites\/2\/2019\/11\/Exter-Passeport-russe.jpg","width":2222,"height":534},{"@type":"BreadcrumbList","@id":"https:\/\/alexandra-exter.net\/ru\/association-alexandra-exter\/droit-moral\/#breadcrumb","itemListElement":[{"@type":"ListItem","position":1,"name":"Accueil","item":"https:\/\/alexandra-exter.net\/ru\/"},{"@type":"ListItem","position":2,"name":"\u041e\u0431\u0449\u0435\u0441\u0442\u0432\u043e \u0410\u043b\u0435\u043a\u0441\u0430\u043d\u0434\u0440\u0430 \u042d\u043a\u0441\u0442\u0435\u0440","item":"https:\/\/alexandra-exter.net\/ru\/association-alexandra-exter\/"},{"@type":"ListItem","position":3,"name":"Droit moral"}]},{"@type":"WebSite","@id":"https:\/\/alexandra-exter.net\/ru\/#website","url":"https:\/\/alexandra-exter.net\/ru\/","name":"Association Alexandra Exter","description":"","potentialAction":[{"@type":"SearchAction","target":{"@type":"EntryPoint","urlTemplate":"https:\/\/alexandra-exter.net\/ru\/?s={search_term_string}"},"query-input":{"@type":"PropertyValueSpecification","valueRequired":true,"valueName":"search_term_string"}}],"inLanguage":"ru-RU"}]}},"_links":{"self":[{"href":"https:\/\/alexandra-exter.net\/ru\/wp-json\/wp\/v2\/pages\/52660","targetHints":{"allow":["GET"]}}],"collection":[{"href":"https:\/\/alexandra-exter.net\/ru\/wp-json\/wp\/v2\/pages"}],"about":[{"href":"https:\/\/alexandra-exter.net\/ru\/wp-json\/wp\/v2\/types\/page"}],"author":[{"embeddable":true,"href":"https:\/\/alexandra-exter.net\/ru\/wp-json\/wp\/v2\/users\/1"}],"replies":[{"embeddable":true,"href":"https:\/\/alexandra-exter.net\/ru\/wp-json\/wp\/v2\/comments?post=52660"}],"version-history":[{"count":0,"href":"https:\/\/alexandra-exter.net\/ru\/wp-json\/wp\/v2\/pages\/52660\/revisions"}],"up":[{"embeddable":true,"href":"https:\/\/alexandra-exter.net\/ru\/wp-json\/wp\/v2\/pages\/52000"}],"wp:featuredmedia":[{"embeddable":true,"href":"https:\/\/alexandra-exter.net\/ru\/wp-json\/wp\/v2\/media\/52300"}],"wp:attachment":[{"href":"https:\/\/alexandra-exter.net\/ru\/wp-json\/wp\/v2\/media?parent=52660"}],"curies":[{"name":"wp","href":"https:\/\/api.w.org\/{rel}","templated":true}]}}