{"id":52672,"date":"2019-12-06T11:19:07","date_gmt":"2019-12-06T10:19:07","guid":{"rendered":"https:\/\/alexandra-exter.net\/mentions-legales\/"},"modified":"2019-12-23T18:36:42","modified_gmt":"2019-12-23T17:36:42","slug":"mentions-legales","status":"publish","type":"page","link":"https:\/\/alexandra-exter.net\/ru\/mentions-legales\/","title":{"rendered":"Mentions l\u00e9gales"},"content":{"rendered":"\n<h2 class=\"wp-block-heading\">1. Pr\u00e9sentation du site<\/h2>\n\n\n\n<p>Le directeur de la publication du site est&nbsp;:<br>M. Andr\u00e9i Nakov<\/p>\n\n\n\n<p>Conception et r\u00e9alisation du site&nbsp;:<br>M. Pascal Robin \u2013 8, rue de F\u00e9camp \u2013 75012 Paris<\/p>\n\n\n\n<p>Le prestataire assurant le stockage direct et permanent du site est&nbsp;: <br>OVH \u2013 140, quai du Sartel \u2013 59100 Roubaix<\/p>\n\n\n\n<p>En acc\u00e9dant au site, vous acceptez les pr\u00e9sentes conditions g\u00e9n\u00e9rales d\u2019utilisation. Andr\u00e9i Nakov se r\u00e9serve le droit de modifier ou de fa\u00e7on plus g\u00e9n\u00e9rale, d\u2019actualiser les pr\u00e9sentes conditions g\u00e9n\u00e9rales \u00e0 tout moment et sans avis pr\u00e9alable. C\u2019est pourquoi nous vous invitons \u00e0 les consulter r\u00e9guli\u00e8rement.<\/p>\n\n\n\n<h2 class=\"wp-block-heading\">2. Respect des droits de propri\u00e9t\u00e9<\/h2>\n\n\n\n<p>L\u2019ensemble des informations publi\u00e9es sur ce site est prot\u00e9g\u00e9 par la l\u00e9gislation sur le droit d\u2019auteur. Vous ne pouvez en aucun cas utiliser, distribuer, copier, reproduire, modifier, d\u00e9naturer ou transmettre le site, ou des \u00e9l\u00e9ments du site, tels que textes, images sans l\u2019autorisation \u00e9crite et pr\u00e9alable de Andr\u00e9i Nakov. Ce dernier se r\u00e9serve le droit de poursuivre tout acte de contrefa\u00e7on de ses droits de propri\u00e9t\u00e9 intellectuelle, y compris dans le cadre d\u2019une action p\u00e9nale.<br>Les images ou photographies de personnes, de lieux figurant sur ce site sont la propri\u00e9t\u00e9 des auteurs qui sont les titulaires des droits. L\u2019utilisation de ces images ou photographies est interdite sans autorisation sp\u00e9cifique et expresse de Andr\u00e9i Nakov. Toute utilisation non autoris\u00e9e peut entra\u00eener une violation des droits d\u2019auteur, des droits \u00e0 l\u2019image, droits des personnes, droit de la propri\u00e9t\u00e9 ou de toutes autres r\u00e9glementations applicables aux communications ou \u00e0 la publicit\u00e9.<\/p>\n\n\n\n<h2 class=\"wp-block-heading\">3. Liens hypertextes<\/h2>\n\n\n\n<p>Andr\u00e9i Nakov propose des liens depuis son site vers d\u2019autres sites. Ces sites sont ind\u00e9pendants du site g\u00e9r\u00e9 par Andr\u00e9i Nakov. Andr\u00e9i Nakov n\u2019\u00e9dite pas et ne contr\u00f4le pas ces sites. Les liens vers tous sites ne constituent, en aucun cas, une approbation ou un partenariat entre Andr\u00e9i Nakov et ces sites. D\u00e8s lors, Andr\u00e9i Nakov ne saurait \u00eatre responsable de leurs contenus, leurs produits, leurs publicit\u00e9s ou tous \u00e9l\u00e9ments ou services pr\u00e9sent\u00e9s sur ces sites.<br>Tout lien hypertexte vers le site de Andr\u00e9i Nakov mis en place par toute personne g\u00e9rant un site Internet devra \u00eatre soumis \u00e0 l\u2019accord expr\u00e8s et pr\u00e9alable de Andr\u00e9i Nakov.<br>Cette demande sera facultative si la d\u00e9marche a \u00e9t\u00e9 initi\u00e9e par le responsable du pr\u00e9sent site.<br>L\u2019utilisation d\u2019\u00e9l\u00e9ments visuels afin de mettre en place un tel lien hypertexte devra \u00eatre soumise \u00e0 l\u2019autorisation pr\u00e9alable de Andr\u00e9i Nakov.<\/p>\n\n\n\n<h2 class=\"wp-block-heading\">4.Utilisation des cookies<\/h2>\n\n\n\n<p>Un cookie est un petit fichier de donn\u00e9es utilis\u00e9 pour faciliter la personnalisation de votre acc\u00e8s \u00e0 notre site. Ils peuvent \u00eatre utilis\u00e9s pour une authentification, une session ou stocker une information sp\u00e9cifique comme vos identifiants de connexion au site. Le stockage des cookies se fait par le biais du navigateur Web que vous utilisez (par exemple Firefox, Chrome, Internet Explorer\u2026).<\/p>\n\n\n\n<p>Il existe deux types de cookies&nbsp;:<\/p>\n\n\n\n<ol class=\"wp-block-list\"><li>les cookies de session qui sont supprim\u00e9s de votre ordinateur lorsque vous fermez votre navigateur,<\/li><li>les cookies permanents qui restent stock\u00e9s sur votre ordinateur pour une p\u00e9riode variable apr\u00e8s la fermeture du navigateur.<\/li><\/ol>\n\n\n\n<p>Les cookies sont cependant anonymes et ne sont en aucun cas utilis\u00e9s pour collecter des informations personnelles.<\/p>\n\n\n\n<h3 class=\"wp-block-heading\">Refus des cookies<\/h3>\n\n\n\n<p>Vous \u00eates libre d\u2019accepter ou de refuser les cookies en configurant votre navigateur mais la d\u00e9sactivation des cookies peut entra\u00eener l\u2019indisponibilit\u00e9 de certains services auxquels ils sont associ\u00e9s. Elle n\u2019emp\u00eache pas l\u2019acc\u00e8s aux espaces non-r\u00e9serv\u00e9s du site.<\/p>\n\n\n\n<h3 class=\"wp-block-heading\">Cookies de statistiques Google Analytics<\/h3>\n\n\n\n<p>Par ailleurs, nous gardons trace des connexions \u00e0 notre site, et notamment de leur origine. Ces cookies permettent d\u2019\u00e9tablir des statistiques de fr\u00e9quentation du sites et de d\u00e9tecter des probl\u00e8mes de navigation afin de suivre et d\u2019am\u00e9liorer la qualit\u00e9 de nos services. Les donn\u00e9es correspondantes ne comportent pas de donn\u00e9es personnelles et sont d\u00e9truites apr\u00e8s usage.<\/p>\n\n\n\n<h2 class=\"wp-block-heading\">5. Respect des r\u00e9glementations<\/h2>\n\n\n\n<p>Le site se conforme \u00e0 la juridiction fran\u00e7aise. Les internautes, ayant acc\u00e8s au site d\u2019autres endroits que la France, doivent s\u2019assurer du respect des lois localement applicables.<\/p>","protected":false},"excerpt":{"rendered":"<p>1. Pr\u00e9sentation du site Le directeur de la publication du site est&nbsp;:M. Andr\u00e9i Nakov Conception et r\u00e9alisation du site&nbsp;:M. Pascal Robin \u2013 8, rue de F\u00e9camp \u2013 75012 Paris Le prestataire assurant le stockage direct et permanent du site est&nbsp;: OVH \u2013 140, quai du Sartel \u2013 59100 Roubaix En acc\u00e9dant au site, vous acceptez [&hellip;]<\/p>","protected":false},"author":1,"featured_media":0,"parent":0,"menu_order":0,"comment_status":"closed","ping_status":"closed","template":"","meta":{"_relevanssi_hide_post":"","_relevanssi_hide_content":"","_relevanssi_pin_for_all":"","_relevanssi_pin_keywords":"","_relevanssi_unpin_keywords":"","_relevanssi_related_keywords":"","_relevanssi_related_include_ids":"","_relevanssi_related_exclude_ids":"","_relevanssi_related_no_append":"","_relevanssi_related_not_related":"","_relevanssi_related_posts":"","_relevanssi_noindex_reason":"","_genesis_hide_title":false,"_genesis_hide_breadcrumbs":false,"_genesis_hide_singular_image":false,"_genesis_hide_footer_widgets":false,"_genesis_custom_body_class":"site-header-background","_genesis_custom_post_class":"","_genesis_layout":"","footnotes":""},"class_list":{"0":"post-52672","1":"page","2":"type-page","3":"status-publish","5":"entry"},"yoast_head":"<!-- This site is optimized with the Yoast SEO Premium plugin v26.7 (Yoast SEO v27.3) - https:\/\/yoast.com\/product\/yoast-seo-premium-wordpress\/ -->\n<title>Mentions l\u00e9gales - Association Alexandra Exter<\/title>\n<meta name=\"robots\" content=\"index, follow, max-snippet:-1, max-image-preview:large, max-video-preview:-1\" \/>\n<link rel=\"canonical\" href=\"https:\/\/alexandra-exter.net\/ru\/mentions-legales\/\" \/>\n<meta property=\"og:locale\" content=\"ru_RU\" \/>\n<meta property=\"og:type\" content=\"article\" \/>\n<meta property=\"og:title\" content=\"Mentions l\u00e9gales\" \/>\n<meta property=\"og:description\" content=\"1. Pr\u00e9sentation du site Le directeur de la publication du site est&nbsp;:M. Andr\u00e9i Nakov Conception et r\u00e9alisation du site&nbsp;:M. Pascal Robin \u2013 8, rue de F\u00e9camp \u2013 75012 Paris Le prestataire assurant le stockage direct et permanent du site est&nbsp;: OVH \u2013 140, quai du Sartel \u2013 59100 Roubaix En acc\u00e9dant au site, vous acceptez [&hellip;]\" \/>\n<meta property=\"og:url\" content=\"https:\/\/alexandra-exter.net\/ru\/mentions-legales\/\" \/>\n<meta property=\"og:site_name\" content=\"Association Alexandra Exter\" \/>\n<meta property=\"article:modified_time\" content=\"2019-12-23T17:36:42+00:00\" \/>\n<meta name=\"twitter:card\" content=\"summary_large_image\" \/>\n<meta name=\"twitter:label1\" content=\"\u041f\u0440\u0438\u043c\u0435\u0440\u043d\u043e\u0435 \u0432\u0440\u0435\u043c\u044f \u0434\u043b\u044f \u0447\u0442\u0435\u043d\u0438\u044f\" \/>\n\t<meta name=\"twitter:data1\" content=\"4 \u043c\u0438\u043d\u0443\u0442\u044b\" \/>\n<script type=\"application\/ld+json\" class=\"yoast-schema-graph\">{\"@context\":\"https:\\\/\\\/schema.org\",\"@graph\":[{\"@type\":\"WebPage\",\"@id\":\"https:\\\/\\\/alexandra-exter.net\\\/ru\\\/mentions-legales\\\/\",\"url\":\"https:\\\/\\\/alexandra-exter.net\\\/ru\\\/mentions-legales\\\/\",\"name\":\"Mentions l\u00e9gales - Association Alexandra Exter\",\"isPartOf\":{\"@id\":\"https:\\\/\\\/alexandra-exter.net\\\/ru\\\/#website\"},\"datePublished\":\"2019-12-06T10:19:07+00:00\",\"dateModified\":\"2019-12-23T17:36:42+00:00\",\"breadcrumb\":{\"@id\":\"https:\\\/\\\/alexandra-exter.net\\\/ru\\\/mentions-legales\\\/#breadcrumb\"},\"inLanguage\":\"ru-RU\",\"potentialAction\":[{\"@type\":\"ReadAction\",\"target\":[\"https:\\\/\\\/alexandra-exter.net\\\/ru\\\/mentions-legales\\\/\"]}]},{\"@type\":\"BreadcrumbList\",\"@id\":\"https:\\\/\\\/alexandra-exter.net\\\/ru\\\/mentions-legales\\\/#breadcrumb\",\"itemListElement\":[{\"@type\":\"ListItem\",\"position\":1,\"name\":\"Accueil\",\"item\":\"https:\\\/\\\/alexandra-exter.net\\\/ru\\\/\"},{\"@type\":\"ListItem\",\"position\":2,\"name\":\"Mentions l\u00e9gales\"}]},{\"@type\":\"WebSite\",\"@id\":\"https:\\\/\\\/alexandra-exter.net\\\/ru\\\/#website\",\"url\":\"https:\\\/\\\/alexandra-exter.net\\\/ru\\\/\",\"name\":\"Association Alexandra Exter\",\"description\":\"\",\"potentialAction\":[{\"@type\":\"SearchAction\",\"target\":{\"@type\":\"EntryPoint\",\"urlTemplate\":\"https:\\\/\\\/alexandra-exter.net\\\/ru\\\/?s={search_term_string}\"},\"query-input\":{\"@type\":\"PropertyValueSpecification\",\"valueRequired\":true,\"valueName\":\"search_term_string\"}}],\"inLanguage\":\"ru-RU\"}]}<\/script>\n<!-- \/ Yoast SEO Premium plugin. -->","yoast_head_json":{"title":"Mentions l\u00e9gales - Association Alexandra Exter","robots":{"index":"index","follow":"follow","max-snippet":"max-snippet:-1","max-image-preview":"max-image-preview:large","max-video-preview":"max-video-preview:-1"},"canonical":"https:\/\/alexandra-exter.net\/ru\/mentions-legales\/","og_locale":"ru_RU","og_type":"article","og_title":"Mentions l\u00e9gales","og_description":"1. Pr\u00e9sentation du site Le directeur de la publication du site est&nbsp;:M. Andr\u00e9i Nakov Conception et r\u00e9alisation du site&nbsp;:M. Pascal Robin \u2013 8, rue de F\u00e9camp \u2013 75012 Paris Le prestataire assurant le stockage direct et permanent du site est&nbsp;: OVH \u2013 140, quai du Sartel \u2013 59100 Roubaix En acc\u00e9dant au site, vous acceptez [&hellip;]","og_url":"https:\/\/alexandra-exter.net\/ru\/mentions-legales\/","og_site_name":"Association Alexandra Exter","article_modified_time":"2019-12-23T17:36:42+00:00","twitter_card":"summary_large_image","twitter_misc":{"\u041f\u0440\u0438\u043c\u0435\u0440\u043d\u043e\u0435 \u0432\u0440\u0435\u043c\u044f \u0434\u043b\u044f \u0447\u0442\u0435\u043d\u0438\u044f":"4 \u043c\u0438\u043d\u0443\u0442\u044b"},"schema":{"@context":"https:\/\/schema.org","@graph":[{"@type":"WebPage","@id":"https:\/\/alexandra-exter.net\/ru\/mentions-legales\/","url":"https:\/\/alexandra-exter.net\/ru\/mentions-legales\/","name":"Mentions l\u00e9gales - Association Alexandra Exter","isPartOf":{"@id":"https:\/\/alexandra-exter.net\/ru\/#website"},"datePublished":"2019-12-06T10:19:07+00:00","dateModified":"2019-12-23T17:36:42+00:00","breadcrumb":{"@id":"https:\/\/alexandra-exter.net\/ru\/mentions-legales\/#breadcrumb"},"inLanguage":"ru-RU","potentialAction":[{"@type":"ReadAction","target":["https:\/\/alexandra-exter.net\/ru\/mentions-legales\/"]}]},{"@type":"BreadcrumbList","@id":"https:\/\/alexandra-exter.net\/ru\/mentions-legales\/#breadcrumb","itemListElement":[{"@type":"ListItem","position":1,"name":"Accueil","item":"https:\/\/alexandra-exter.net\/ru\/"},{"@type":"ListItem","position":2,"name":"Mentions l\u00e9gales"}]},{"@type":"WebSite","@id":"https:\/\/alexandra-exter.net\/ru\/#website","url":"https:\/\/alexandra-exter.net\/ru\/","name":"Association Alexandra Exter","description":"","potentialAction":[{"@type":"SearchAction","target":{"@type":"EntryPoint","urlTemplate":"https:\/\/alexandra-exter.net\/ru\/?s={search_term_string}"},"query-input":{"@type":"PropertyValueSpecification","valueRequired":true,"valueName":"search_term_string"}}],"inLanguage":"ru-RU"}]}},"_links":{"self":[{"href":"https:\/\/alexandra-exter.net\/ru\/wp-json\/wp\/v2\/pages\/52672","targetHints":{"allow":["GET"]}}],"collection":[{"href":"https:\/\/alexandra-exter.net\/ru\/wp-json\/wp\/v2\/pages"}],"about":[{"href":"https:\/\/alexandra-exter.net\/ru\/wp-json\/wp\/v2\/types\/page"}],"author":[{"embeddable":true,"href":"https:\/\/alexandra-exter.net\/ru\/wp-json\/wp\/v2\/users\/1"}],"replies":[{"embeddable":true,"href":"https:\/\/alexandra-exter.net\/ru\/wp-json\/wp\/v2\/comments?post=52672"}],"version-history":[{"count":0,"href":"https:\/\/alexandra-exter.net\/ru\/wp-json\/wp\/v2\/pages\/52672\/revisions"}],"wp:attachment":[{"href":"https:\/\/alexandra-exter.net\/ru\/wp-json\/wp\/v2\/media?parent=52672"}],"curies":[{"name":"wp","href":"https:\/\/api.w.org\/{rel}","templated":true}]}}