{"id":53924,"date":"2009-04-14T23:16:46","date_gmt":"2009-04-14T22:16:46","guid":{"rendered":"https:\/\/alexandra-exter.net\/?page_id=53924"},"modified":"2021-02-04T19:43:30","modified_gmt":"2021-02-04T18:43:30","slug":"%d0%b4%d0%b5%d0%b7%d0%b8%d0%bd%d1%84%d0%be%d1%80%d0%bc%d0%b0%d1%86%d0%b8%d1%8f","status":"publish","type":"page","link":"https:\/\/alexandra-exter.net\/ru\/%d0%b4%d0%b5%d0%b7%d0%b8%d0%bd%d1%84%d0%be%d1%80%d0%bc%d0%b0%d1%86%d0%b8%d1%8f\/","title":{"rendered":"\u0414\u0435\u0437\u0438\u043d\u0444\u043e\u0440\u043c\u0430\u0446\u0438\u044f"},"content":{"rendered":"<p>Depuis la publication du <strong>communiqu\u00e9 du Procureur <\/strong>de la ville de Tours (diffus\u00e9 par l&#8217;Agence France-Presse le 25.05.2009) une action de d\u00e9tournement de l&#8217;information est en cours&nbsp;: l&#8217;affaire \u00e9tant pr\u00e9sent\u00e9e comme quelque \u00ab&nbsp;querelle d&#8217;experts&nbsp;\u00bb qui seraient en train de lutter pour le \u00ab&nbsp;droit moral&nbsp;\u00bb (sic). Des textes de d\u00e9sinformation sont parus dans le journal <em>Kommer\u00e7ant<\/em> de Moscou (le 7 avril 2009), des r\u00e9ponses de ce type ont \u00e9t\u00e9 donn\u00e9es aux journalistes russes et fran\u00e7ais (voir&nbsp;\u00ab&nbsp;Le Monde&nbsp;\u00bb). Ils sont diffus\u00e9s par le milieu de commerce&nbsp; parisien.<\/p>\n<p>Le droit moral d&#8217;Alexandra Exter a \u00e9t\u00e9 transmis&nbsp;\u00e0&nbsp;Simon Lissim et par la suite de Lissim \u00e0 moi, le fait est attest\u00e9 par le testament de l&#8217;artiste, enregistr\u00e9 \u00e0 Paris en 1948, document en ma possession.<\/p>\n<p>Le terme \u00ab&nbsp;expert&nbsp;\u00bb est utilis\u00e9 dans ce cas \u00e0 bon escient;&nbsp;un amalgame voulu s&#8217;efforce de \u00ab&nbsp;noyer le poisson&nbsp;\u00bb. Il est donc n\u00e9cessaire de rappeler une \u00e9vidence&nbsp;:&nbsp;le travail de l&#8217;historien de l&#8217;art et celui de commissaire priseur ou d&#8217;expert de vente publique sont de nature fort diff\u00e9rente.<\/p>\n<p>En ce qui concerne le diff\u00e9rend, il est fondamental et concerne l&#8217;attribution \u00e0 Alexandra Exter des \u0153uvres pr\u00e9sent\u00e9es \u00e0 Tours, et d&#8217;autres&nbsp;qui ont circul\u00e9 largement au cours des derni\u00e8res ann\u00e9es. J&#8217;en conteste l&#8217;<strong><em>authenticit\u00e9,<\/em><\/strong> c&#8217;est tout.<\/p>\n<p>La r\u00e9f\u00e9rence aux <strong><em>archives du peintre,<\/em><\/strong> \u00e9voqu\u00e9e \u00e0 cette occasion, de m\u00eame que les annonces de quelque \u00ab&nbsp;catalogue raisonn\u00e9&nbsp;\u00bb sont&nbsp;\u00e9galement fallacieuses&nbsp;: il n&#8217;existe que les archives de l&#8217;atelier de l&#8217;artiste et celles de son h\u00e9ritier Simon Lissim, toutes ces archives sont en ma possession depuis plusieurs d\u00e9cennies et servent pr\u00e9cis\u00e9ment \u00e0 la v\u00e9rification de l&#8217;authenticit\u00e9 des \u0153uvres. Comme ceci a pu \u00eatre \u00e9tabli lors de l&#8217;ouverture des vitrines de l&#8217;exposition de Tours, les documents&nbsp;pr\u00e9tendant au titre \u00ab&nbsp;archives d&#8217;Alexandra Exter&nbsp;\u00bb n&#8217;avaient aucun lien direct avec Alexandra Exter. Il s&#8217;agissait donc d&#8217;une mystification. Il en est de m\u00eame des \u0153uvres.<\/p>","protected":false},"excerpt":{"rendered":"<p>Depuis la publication du communiqu\u00e9 du Procureur de la ville de Tours (diffus\u00e9 par l&#8217;Agence France-Presse le 25.05.2009) une action de d\u00e9tournement de l&#8217;information est en cours&nbsp;: l&#8217;affaire \u00e9tant pr\u00e9sent\u00e9e comme quelque \u00ab&nbsp;querelle d&#8217;experts&nbsp;\u00bb qui seraient en train de lutter pour le \u00ab&nbsp;droit moral&nbsp;\u00bb (sic). Des textes de d\u00e9sinformation sont parus dans le journal Kommer\u00e7ant [&hellip;]<\/p>","protected":false},"author":1,"featured_media":0,"parent":0,"menu_order":2,"comment_status":"closed","ping_status":"open","template":"","meta":{"_relevanssi_hide_post":"","_relevanssi_hide_content":"","_relevanssi_pin_for_all":"","_relevanssi_pin_keywords":"","_relevanssi_unpin_keywords":"","_relevanssi_related_keywords":"","_relevanssi_related_include_ids":"","_relevanssi_related_exclude_ids":"","_relevanssi_related_no_append":"","_relevanssi_related_not_related":"","_relevanssi_related_posts":"","_relevanssi_noindex_reason":"","_genesis_hide_title":false,"_genesis_hide_breadcrumbs":false,"_genesis_hide_singular_image":false,"_genesis_hide_footer_widgets":false,"_genesis_custom_body_class":"site-header-background","_genesis_custom_post_class":"","_genesis_layout":"","footnotes":""},"class_list":{"0":"post-53924","1":"page","2":"type-page","3":"status-publish","5":"entry"},"yoast_head":"<!-- This site is optimized with the Yoast SEO Premium plugin v26.7 (Yoast SEO v27.3) - https:\/\/yoast.com\/product\/yoast-seo-premium-wordpress\/ -->\n<title>\u0414\u0435\u0437\u0438\u043d\u0444\u043e\u0440\u043c\u0430\u0446\u0438\u044f - Association Alexandra Exter<\/title>\n<meta name=\"robots\" content=\"index, follow, max-snippet:-1, max-image-preview:large, max-video-preview:-1\" \/>\n<link rel=\"canonical\" href=\"https:\/\/alexandra-exter.net\/ru\/%d0%b4%d0%b5%d0%b7%d0%b8%d0%bd%d1%84%d0%be%d1%80%d0%bc%d0%b0%d1%86%d0%b8%d1%8f\/\" \/>\n<meta property=\"og:locale\" content=\"ru_RU\" \/>\n<meta property=\"og:type\" content=\"article\" \/>\n<meta property=\"og:title\" content=\"\u0414\u0435\u0437\u0438\u043d\u0444\u043e\u0440\u043c\u0430\u0446\u0438\u044f\" \/>\n<meta property=\"og:description\" content=\"Depuis la publication du communiqu\u00e9 du Procureur de la ville de Tours (diffus\u00e9 par l&#8217;Agence France-Presse le 25.05.2009) une action de d\u00e9tournement de l&#8217;information est en cours&nbsp;: l&#8217;affaire \u00e9tant pr\u00e9sent\u00e9e comme quelque \u00ab&nbsp;querelle d&#8217;experts&nbsp;\u00bb qui seraient en train de lutter pour le \u00ab&nbsp;droit moral&nbsp;\u00bb (sic). Des textes de d\u00e9sinformation sont parus dans le journal Kommer\u00e7ant [&hellip;]\" \/>\n<meta property=\"og:url\" content=\"https:\/\/alexandra-exter.net\/ru\/%d0%b4%d0%b5%d0%b7%d0%b8%d0%bd%d1%84%d0%be%d1%80%d0%bc%d0%b0%d1%86%d0%b8%d1%8f\/\" \/>\n<meta property=\"og:site_name\" content=\"Association Alexandra Exter\" \/>\n<meta property=\"article:modified_time\" content=\"2021-02-04T18:43:30+00:00\" \/>\n<meta name=\"twitter:card\" content=\"summary_large_image\" \/>\n<meta name=\"twitter:label1\" content=\"\u041f\u0440\u0438\u043c\u0435\u0440\u043d\u043e\u0435 \u0432\u0440\u0435\u043c\u044f \u0434\u043b\u044f \u0447\u0442\u0435\u043d\u0438\u044f\" \/>\n\t<meta name=\"twitter:data1\" content=\"2 \u043c\u0438\u043d\u0443\u0442\u044b\" \/>\n<script type=\"application\/ld+json\" class=\"yoast-schema-graph\">{\"@context\":\"https:\\\/\\\/schema.org\",\"@graph\":[{\"@type\":\"WebPage\",\"@id\":\"https:\\\/\\\/alexandra-exter.net\\\/ru\\\/%d0%b4%d0%b5%d0%b7%d0%b8%d0%bd%d1%84%d0%be%d1%80%d0%bc%d0%b0%d1%86%d0%b8%d1%8f\\\/\",\"url\":\"https:\\\/\\\/alexandra-exter.net\\\/ru\\\/%d0%b4%d0%b5%d0%b7%d0%b8%d0%bd%d1%84%d0%be%d1%80%d0%bc%d0%b0%d1%86%d0%b8%d1%8f\\\/\",\"name\":\"\u0414\u0435\u0437\u0438\u043d\u0444\u043e\u0440\u043c\u0430\u0446\u0438\u044f - Association Alexandra Exter\",\"isPartOf\":{\"@id\":\"https:\\\/\\\/alexandra-exter.net\\\/ru\\\/#website\"},\"datePublished\":\"2009-04-14T22:16:46+00:00\",\"dateModified\":\"2021-02-04T18:43:30+00:00\",\"breadcrumb\":{\"@id\":\"https:\\\/\\\/alexandra-exter.net\\\/ru\\\/%d0%b4%d0%b5%d0%b7%d0%b8%d0%bd%d1%84%d0%be%d1%80%d0%bc%d0%b0%d1%86%d0%b8%d1%8f\\\/#breadcrumb\"},\"inLanguage\":\"ru-RU\",\"potentialAction\":[{\"@type\":\"ReadAction\",\"target\":[\"https:\\\/\\\/alexandra-exter.net\\\/ru\\\/%d0%b4%d0%b5%d0%b7%d0%b8%d0%bd%d1%84%d0%be%d1%80%d0%bc%d0%b0%d1%86%d0%b8%d1%8f\\\/\"]}]},{\"@type\":\"BreadcrumbList\",\"@id\":\"https:\\\/\\\/alexandra-exter.net\\\/ru\\\/%d0%b4%d0%b5%d0%b7%d0%b8%d0%bd%d1%84%d0%be%d1%80%d0%bc%d0%b0%d1%86%d0%b8%d1%8f\\\/#breadcrumb\",\"itemListElement\":[{\"@type\":\"ListItem\",\"position\":1,\"name\":\"Accueil\",\"item\":\"https:\\\/\\\/alexandra-exter.net\\\/ru\\\/\"},{\"@type\":\"ListItem\",\"position\":2,\"name\":\"\u0414\u0435\u0437\u0438\u043d\u0444\u043e\u0440\u043c\u0430\u0446\u0438\u044f\"}]},{\"@type\":\"WebSite\",\"@id\":\"https:\\\/\\\/alexandra-exter.net\\\/ru\\\/#website\",\"url\":\"https:\\\/\\\/alexandra-exter.net\\\/ru\\\/\",\"name\":\"Association Alexandra Exter\",\"description\":\"\",\"potentialAction\":[{\"@type\":\"SearchAction\",\"target\":{\"@type\":\"EntryPoint\",\"urlTemplate\":\"https:\\\/\\\/alexandra-exter.net\\\/ru\\\/?s={search_term_string}\"},\"query-input\":{\"@type\":\"PropertyValueSpecification\",\"valueRequired\":true,\"valueName\":\"search_term_string\"}}],\"inLanguage\":\"ru-RU\"}]}<\/script>\n<!-- \/ Yoast SEO Premium plugin. -->","yoast_head_json":{"title":"\u0414\u0435\u0437\u0438\u043d\u0444\u043e\u0440\u043c\u0430\u0446\u0438\u044f - Association Alexandra Exter","robots":{"index":"index","follow":"follow","max-snippet":"max-snippet:-1","max-image-preview":"max-image-preview:large","max-video-preview":"max-video-preview:-1"},"canonical":"https:\/\/alexandra-exter.net\/ru\/%d0%b4%d0%b5%d0%b7%d0%b8%d0%bd%d1%84%d0%be%d1%80%d0%bc%d0%b0%d1%86%d0%b8%d1%8f\/","og_locale":"ru_RU","og_type":"article","og_title":"\u0414\u0435\u0437\u0438\u043d\u0444\u043e\u0440\u043c\u0430\u0446\u0438\u044f","og_description":"Depuis la publication du communiqu\u00e9 du Procureur de la ville de Tours (diffus\u00e9 par l&#8217;Agence France-Presse le 25.05.2009) une action de d\u00e9tournement de l&#8217;information est en cours&nbsp;: l&#8217;affaire \u00e9tant pr\u00e9sent\u00e9e comme quelque \u00ab&nbsp;querelle d&#8217;experts&nbsp;\u00bb qui seraient en train de lutter pour le \u00ab&nbsp;droit moral&nbsp;\u00bb (sic). Des textes de d\u00e9sinformation sont parus dans le journal Kommer\u00e7ant [&hellip;]","og_url":"https:\/\/alexandra-exter.net\/ru\/%d0%b4%d0%b5%d0%b7%d0%b8%d0%bd%d1%84%d0%be%d1%80%d0%bc%d0%b0%d1%86%d0%b8%d1%8f\/","og_site_name":"Association Alexandra Exter","article_modified_time":"2021-02-04T18:43:30+00:00","twitter_card":"summary_large_image","twitter_misc":{"\u041f\u0440\u0438\u043c\u0435\u0440\u043d\u043e\u0435 \u0432\u0440\u0435\u043c\u044f \u0434\u043b\u044f \u0447\u0442\u0435\u043d\u0438\u044f":"2 \u043c\u0438\u043d\u0443\u0442\u044b"},"schema":{"@context":"https:\/\/schema.org","@graph":[{"@type":"WebPage","@id":"https:\/\/alexandra-exter.net\/ru\/%d0%b4%d0%b5%d0%b7%d0%b8%d0%bd%d1%84%d0%be%d1%80%d0%bc%d0%b0%d1%86%d0%b8%d1%8f\/","url":"https:\/\/alexandra-exter.net\/ru\/%d0%b4%d0%b5%d0%b7%d0%b8%d0%bd%d1%84%d0%be%d1%80%d0%bc%d0%b0%d1%86%d0%b8%d1%8f\/","name":"\u0414\u0435\u0437\u0438\u043d\u0444\u043e\u0440\u043c\u0430\u0446\u0438\u044f - Association Alexandra Exter","isPartOf":{"@id":"https:\/\/alexandra-exter.net\/ru\/#website"},"datePublished":"2009-04-14T22:16:46+00:00","dateModified":"2021-02-04T18:43:30+00:00","breadcrumb":{"@id":"https:\/\/alexandra-exter.net\/ru\/%d0%b4%d0%b5%d0%b7%d0%b8%d0%bd%d1%84%d0%be%d1%80%d0%bc%d0%b0%d1%86%d0%b8%d1%8f\/#breadcrumb"},"inLanguage":"ru-RU","potentialAction":[{"@type":"ReadAction","target":["https:\/\/alexandra-exter.net\/ru\/%d0%b4%d0%b5%d0%b7%d0%b8%d0%bd%d1%84%d0%be%d1%80%d0%bc%d0%b0%d1%86%d0%b8%d1%8f\/"]}]},{"@type":"BreadcrumbList","@id":"https:\/\/alexandra-exter.net\/ru\/%d0%b4%d0%b5%d0%b7%d0%b8%d0%bd%d1%84%d0%be%d1%80%d0%bc%d0%b0%d1%86%d0%b8%d1%8f\/#breadcrumb","itemListElement":[{"@type":"ListItem","position":1,"name":"Accueil","item":"https:\/\/alexandra-exter.net\/ru\/"},{"@type":"ListItem","position":2,"name":"\u0414\u0435\u0437\u0438\u043d\u0444\u043e\u0440\u043c\u0430\u0446\u0438\u044f"}]},{"@type":"WebSite","@id":"https:\/\/alexandra-exter.net\/ru\/#website","url":"https:\/\/alexandra-exter.net\/ru\/","name":"Association Alexandra Exter","description":"","potentialAction":[{"@type":"SearchAction","target":{"@type":"EntryPoint","urlTemplate":"https:\/\/alexandra-exter.net\/ru\/?s={search_term_string}"},"query-input":{"@type":"PropertyValueSpecification","valueRequired":true,"valueName":"search_term_string"}}],"inLanguage":"ru-RU"}]}},"_links":{"self":[{"href":"https:\/\/alexandra-exter.net\/ru\/wp-json\/wp\/v2\/pages\/53924","targetHints":{"allow":["GET"]}}],"collection":[{"href":"https:\/\/alexandra-exter.net\/ru\/wp-json\/wp\/v2\/pages"}],"about":[{"href":"https:\/\/alexandra-exter.net\/ru\/wp-json\/wp\/v2\/types\/page"}],"author":[{"embeddable":true,"href":"https:\/\/alexandra-exter.net\/ru\/wp-json\/wp\/v2\/users\/1"}],"replies":[{"embeddable":true,"href":"https:\/\/alexandra-exter.net\/ru\/wp-json\/wp\/v2\/comments?post=53924"}],"version-history":[{"count":0,"href":"https:\/\/alexandra-exter.net\/ru\/wp-json\/wp\/v2\/pages\/53924\/revisions"}],"wp:attachment":[{"href":"https:\/\/alexandra-exter.net\/ru\/wp-json\/wp\/v2\/media?parent=53924"}],"curies":[{"name":"wp","href":"https:\/\/api.w.org\/{rel}","templated":true}]}}